{"id":217765,"date":"2025-12-27T03:57:59","date_gmt":"2025-12-27T00:57:59","guid":{"rendered":"https:\/\/baldumarket.lt\/?post_type=product&#038;p=217765"},"modified":"2026-03-24T12:09:28","modified_gmt":"2026-03-24T09:09:28","slug":"sofa-3-osobowa-rozkladana-astoria-gr4","status":"publish","type":"product","link":"https:\/\/baldumarket.lt\/lt\/product\/sofa-3-osobowa-rozkladana-astoria-gr4\/","title":{"rendered":"Triviet\u0117 sofa-lova ASTORIA Gr4"},"content":{"rendered":"<p>ASTORIA triviet\u0117 sofa-lova<br \/>\nMatmenys:<br \/>\n\u2013 Plotis: 226 cm<br \/>\n\u2013 Gylis: 101 cm<br \/>\n\u2013 Auk\u0161tis: 95\/73 cm<br \/>\n\u2013 S\u0117dyn\u0117s gylis: 78\/56 cm<br \/>\n\u2013 S\u0117dyn\u0117s auk\u0161tis: 43 cm<br \/>\n\u2013 Miegamoji erdv\u0117: 152 x 197 cm<br \/>\n\u2013 Patalyn\u0117 daiktams laikyti: 193 x 61 x 21,5 cm<br \/>\nSavyb\u0117s ir dizainas:<br \/>\n\u2013 R\u0117mas: pu\u0161ies mediena, med\u017eio dro\u017eli\u0173 plok\u0161t\u0117, medienos plau\u0161\u0173 plok\u0161t\u0117, MDF, apmu\u0161al\u0173 kartonas<br \/>\n\u2013 S\u0117dyn\u0117: A tipo zigzago formos spyruokl\u0117s, T28\/30 putplastis<br \/>\n\u2013 Miegojimo funkcija \/ Atlo\u0161as: A tipo zigzago formos spyruokl\u0117s, T25\/42 putplastis<br \/>\n\u2013 Atlo\u0161as: T18\/30 putplastis<br \/>\n\u2013 \u0160onai: T16\/20 putplastis<br \/>\n\u2013 Atlo\u0161o pagalv\u0117l\u0117s: 2 supl\u0117\u0161ytos putos<br \/>\n\u2013 kojel\u0117s: plastikin\u0117s<br \/>\n\u2013 miego funkcija: DL tipo<br \/>\n\u2013 patalyn\u0117s d\u0117\u017e\u0117 x1<br \/>\nSvoris: 98,2 kg<\/p>","protected":false},"excerpt":{"rendered":"<p>ASTORIA triviet\u0117s sofos-lovos matmenys: \u2013 Plotis: 226 cm \u2013 Gylis: 101 cm \u2013 Auk\u0161tis: 95\/73 cm \u2013 S\u0117dyn\u0117s gylis: 78\/56 cm \u2013 S\u0117dyn\u0117s auk\u0161tis: 43 cm \u2013 Miegamoji erdv\u0117: 152 x 197 cm \u2013 Patalyn\u0117: 193 x 61 x 21,5 cm Savyb\u0117s ir dizainas: \u2013 R\u0117mas: pu\u0161ies mediena, med\u017eio dro\u017eli\u0173 plok\u0161t\u0117, pluo\u0161to plok\u0161t\u0117, MDF, apmu\u0161al\u0173 kartonas [\u2026]<\/p>","protected":false},"featured_media":217791,"comment_status":"open","ping_status":"closed","template":"","meta":[],"product_brand":[],"product_cat":[9133],"product_tag":[],"class_list":{"0":"post-217765","1":"product","2":"type-product","3":"status-publish","4":"has-post-thumbnail","6":"product_cat-grouped","8":"first","9":"instock","10":"shipping-taxable","11":"purchasable","12":"product-type-variable","13":"wvs-archive-product-wrapper"},"_links":{"self":[{"href":"https:\/\/baldumarket.lt\/lt\/wp-json\/wp\/v2\/product\/217765","targetHints":{"allow":["GET"]}}],"collection":[{"href":"https:\/\/baldumarket.lt\/lt\/wp-json\/wp\/v2\/product"}],"about":[{"href":"https:\/\/baldumarket.lt\/lt\/wp-json\/wp\/v2\/types\/product"}],"replies":[{"embeddable":true,"href":"https:\/\/baldumarket.lt\/lt\/wp-json\/wp\/v2\/comments?post=217765"}],"wp:featuredmedia":[{"embeddable":true,"href":"https:\/\/baldumarket.lt\/lt\/wp-json\/wp\/v2\/media\/217791"}],"wp:attachment":[{"href":"https:\/\/baldumarket.lt\/lt\/wp-json\/wp\/v2\/media?parent=217765"}],"wp:term":[{"taxonomy":"product_brand","embeddable":true,"href":"https:\/\/baldumarket.lt\/lt\/wp-json\/wp\/v2\/product_brand?post=217765"},{"taxonomy":"product_cat","embeddable":true,"href":"https:\/\/baldumarket.lt\/lt\/wp-json\/wp\/v2\/product_cat?post=217765"},{"taxonomy":"product_tag","embeddable":true,"href":"https:\/\/baldumarket.lt\/lt\/wp-json\/wp\/v2\/product_tag?post=217765"}],"curies":[{"name":"wp","href":"https:\/\/api.w.org\/{rel}","templated":true}]}}