{"id":217744,"date":"2025-12-27T03:56:41","date_gmt":"2025-12-27T00:56:41","guid":{"rendered":"https:\/\/baldumarket.lt\/?post_type=product&#038;p=217744"},"modified":"2026-03-24T12:00:31","modified_gmt":"2026-03-24T09:00:31","slug":"promocja-naroznik-mango-tkanina-whisper-gr1","status":"publish","type":"product","link":"https:\/\/baldumarket.lt\/lt\/product\/promocja-naroznik-mango-tkanina-whisper-gr1\/","title":{"rendered":"AKCIJA &#8211; MANGO kampin\u0117 sofa &#8211; Whisper Gr1 audinys"},"content":{"rendered":"<p>SPECIALUS PASI\u016aLYMAS \u2013 MANGO kampin\u0117 sofa \u2013 \u201eWhisper\u201c audinys<br \/>\nKampin\u0117s sofos su reklaminiu \u201eWhisper\u201c apmu\u0161alu kaina<br \/>\n\u201eMango\u201c kampin\u0117 sofa \u2013 tai modernus baldas, kuris tiks \u012fvairiems interjerams. D\u0117l plon\u0173 kojeli\u0173, kurios suteikia vizualinio lengvumo, ji puikiai dera net ir ma\u017eesniuose kambariuose. Be i\u0161skirtinio dizaino, \u0161is modelis i\u0161siskiria dideliu funkcionalumu kasdieniame naudojime. Ji apr\u016bpinta vingiuota spyruokle, reguliuojamomis galvos atramomis ir judinamais porankiais, kurie padidina komfort\u0105. Dar vienas \u0161ios kampin\u0117s sofos privalumas \u2013 miegojimo funkcija su delfino stiliaus atlo\u0161o mechanizmu, taip pat daiktad\u0117\u017e\u0117, kuri\u0105 galima naudoti, pavyzd\u017eiui, patalynei laikyti. \u0160i \u201eMango\u201c kampin\u0117 sofa su \u201eWhisper\u201c audiniu si\u016bloma u\u017e labai patraukli\u0105 akcin\u0119 kain\u0105.<br \/>\nMatmenys:<br \/>\n\u2013 Plotis: 260\u2013286 \/ 176 cm<br \/>\n\u2013 \u016agis: 75\u201392 cm<br \/>\n\u2013 Gylis: 110 cm<br \/>\n\u2013 Miegamoji erdv\u0117: 224 x 127 cm<br \/>\nSavyb\u0117s ir dizainas:<br \/>\n\u2013 Miego funkcija, delfino mechanizmas<br \/>\n\u2013 Patalyn\u0117s laikymo vieta<br \/>\n\u2013 Zigzago spyruokl\u0117<br \/>\n\u2013 Reguliuojamos galvos atramos<br \/>\n\u2013 Reguliuojami porankiai<\/p>","protected":false},"excerpt":{"rendered":"<p>SPECIALUS PASI\u016aLYMAS \u2013 MANGO kampin\u0117 sofa \u2013 \u201eWhisper\u201c audinys. Kampin\u0117s sofos su reklaminiu \u201eWhisper\u201c apmu\u0161alu kaina. Kampin\u0117 sofa \u201eMango\u201c \u2013 tai modernus baldas, kuris tiks \u012fvairiems interjerams. D\u0117l plon\u0173 kojeli\u0173, kurios suteikia vizualinio lengvumo, ji puikiai dera net ir ma\u017eesniuose kambariuose. Be to, [\u2026]<\/p>","protected":false},"featured_media":217768,"comment_status":"open","ping_status":"closed","template":"","meta":[],"product_brand":[],"product_cat":[9133],"product_tag":[],"class_list":{"0":"post-217744","1":"product","2":"type-product","3":"status-publish","4":"has-post-thumbnail","6":"product_cat-grouped","8":"first","9":"instock","10":"shipping-taxable","11":"purchasable","12":"product-type-variable","13":"wvs-archive-product-wrapper"},"_links":{"self":[{"href":"https:\/\/baldumarket.lt\/lt\/wp-json\/wp\/v2\/product\/217744","targetHints":{"allow":["GET"]}}],"collection":[{"href":"https:\/\/baldumarket.lt\/lt\/wp-json\/wp\/v2\/product"}],"about":[{"href":"https:\/\/baldumarket.lt\/lt\/wp-json\/wp\/v2\/types\/product"}],"replies":[{"embeddable":true,"href":"https:\/\/baldumarket.lt\/lt\/wp-json\/wp\/v2\/comments?post=217744"}],"wp:featuredmedia":[{"embeddable":true,"href":"https:\/\/baldumarket.lt\/lt\/wp-json\/wp\/v2\/media\/217768"}],"wp:attachment":[{"href":"https:\/\/baldumarket.lt\/lt\/wp-json\/wp\/v2\/media?parent=217744"}],"wp:term":[{"taxonomy":"product_brand","embeddable":true,"href":"https:\/\/baldumarket.lt\/lt\/wp-json\/wp\/v2\/product_brand?post=217744"},{"taxonomy":"product_cat","embeddable":true,"href":"https:\/\/baldumarket.lt\/lt\/wp-json\/wp\/v2\/product_cat?post=217744"},{"taxonomy":"product_tag","embeddable":true,"href":"https:\/\/baldumarket.lt\/lt\/wp-json\/wp\/v2\/product_tag?post=217744"}],"curies":[{"name":"wp","href":"https:\/\/api.w.org\/{rel}","templated":true}]}}