{"id":217741,"date":"2025-12-27T03:56:37","date_gmt":"2025-12-27T00:56:37","guid":{"rendered":"https:\/\/baldumarket.lt\/?post_type=product&#038;p=217741"},"modified":"2026-03-24T12:19:05","modified_gmt":"2026-03-24T09:19:05","slug":"promocja-naroznik-rozkladany-geneva-tkanina-memphis-gr6","status":"publish","type":"product","link":"https:\/\/baldumarket.lt\/lt\/product\/promocja-naroznik-rozkladany-geneva-tkanina-memphis-gr6\/","title":{"rendered":"AKCIJA &#8211; GENEVA kampin\u0117 sofa-lova &#8211; Memphis Gr6 audinys"},"content":{"rendered":"<p>AKCIJA \u2013 GENEVA i\u0161skleid\u017eiama kampin\u0117 sofa \u2013 Memphis audinys<br \/>\nKampin\u0117s sofos su reklaminiu \u201eMemphis\u201c apmu\u0161alu kaina<br \/>\nMatmenys:<br \/>\n\u2013 Plotis: 244 cm<br \/>\n\u2013 Gylis: 202\/96 cm<br \/>\n\u2013 Auk\u0161tis: 88 cm<br \/>\n\u2013 Miegamoji erdv\u0117: 185 x 126 cm<br \/>\n\u2013 Sand\u0117liavimo matmenys: 190 x 85 x 18,5 cm<br \/>\nSavyb\u0117s ir konstrukcija:<br \/>\n\u2013 R\u0117mas: pu\u0161ies mediena, buko mediena, med\u017eio dro\u017eli\u0173 plok\u0161t\u0117, MDF plok\u0161t\u0117, apmu\u0161al\u0173 kartonas, medienos plau\u0161\u0173 plok\u0161t\u0117, fanera<br \/>\n\u2013 S\u0117dyn\u0117: B tipo banguotos spyruokl\u0117s, T28\/30 putplastis<br \/>\n\u2013 Atlo\u0161as: HR 35\/45 putplastis<br \/>\n\u2013 \u0160onai: silikoninis u\u017epildas<br \/>\n\u2013 Miegojimo funkcija (ve\u017eim\u0117lis): T25\/42 putplastis<br \/>\n\u2013 Kojel\u0117s: metalas, plastikas<br \/>\n\u2013 Patalyn\u0117s laikymo vieta pufe<br \/>\n\u2013 Miego funkcija \u201eDolphin\u201c miego kilim\u0117liai<br \/>\n\u2013 galima \u012fsigyti i\u0161 plataus audini\u0173 asortimento<br \/>\n\u00a0<\/p>","protected":false},"excerpt":{"rendered":"<p>AKCIJA \u2013 GENEVA i\u0161skleid\u017eiama kampin\u0117 sofa \u2013 Memphis audinys Kaina u\u017e kampin\u0119 sof\u0105 su reklaminiu Memphis apmu\u0161alu Matmenys: \u2013 Plotis: 244 cm \u2013 Gylis: 202\/96 cm \u2013 Auk\u0161tis: 88 cm \u2013 Miegamoji dalis: 185 x 126 cm \u2013 Daiktad\u0117\u017e\u0117: 190 x 85 x 18,5 cm Savyb\u0117s ir konstrukcija: \u2013 R\u0117mas: pu\u0161ies mediena, buko mediena, med\u017eio dro\u017eli\u0173 plok\u0161t\u0117, [\u2026]<\/p>","protected":false},"featured_media":217759,"comment_status":"open","ping_status":"closed","template":"","meta":[],"product_brand":[],"product_cat":[9133],"product_tag":[],"class_list":{"0":"post-217741","1":"product","2":"type-product","3":"status-publish","4":"has-post-thumbnail","6":"product_cat-grouped","8":"first","9":"instock","10":"shipping-taxable","11":"purchasable","12":"product-type-variable","13":"wvs-archive-product-wrapper"},"_links":{"self":[{"href":"https:\/\/baldumarket.lt\/lt\/wp-json\/wp\/v2\/product\/217741","targetHints":{"allow":["GET"]}}],"collection":[{"href":"https:\/\/baldumarket.lt\/lt\/wp-json\/wp\/v2\/product"}],"about":[{"href":"https:\/\/baldumarket.lt\/lt\/wp-json\/wp\/v2\/types\/product"}],"replies":[{"embeddable":true,"href":"https:\/\/baldumarket.lt\/lt\/wp-json\/wp\/v2\/comments?post=217741"}],"wp:featuredmedia":[{"embeddable":true,"href":"https:\/\/baldumarket.lt\/lt\/wp-json\/wp\/v2\/media\/217759"}],"wp:attachment":[{"href":"https:\/\/baldumarket.lt\/lt\/wp-json\/wp\/v2\/media?parent=217741"}],"wp:term":[{"taxonomy":"product_brand","embeddable":true,"href":"https:\/\/baldumarket.lt\/lt\/wp-json\/wp\/v2\/product_brand?post=217741"},{"taxonomy":"product_cat","embeddable":true,"href":"https:\/\/baldumarket.lt\/lt\/wp-json\/wp\/v2\/product_cat?post=217741"},{"taxonomy":"product_tag","embeddable":true,"href":"https:\/\/baldumarket.lt\/lt\/wp-json\/wp\/v2\/product_tag?post=217741"}],"curies":[{"name":"wp","href":"https:\/\/api.w.org\/{rel}","templated":true}]}}