{"id":21772,"date":"2025-11-14T13:39:38","date_gmt":"2025-11-14T10:39:38","guid":{"rendered":"https:\/\/baldumarket.lt\/product\/materac-kieszeniowy-pini-200x200-hipoalergiczny-pokrowiec\/"},"modified":"2026-03-24T18:24:42","modified_gmt":"2026-03-24T15:24:42","slug":"materac-kieszeniowy-pini-200x200-hipoalergiczny-pokrowiec","status":"publish","type":"product","link":"https:\/\/baldumarket.lt\/lt\/product\/materac-kieszeniowy-pini-200x200-hipoalergiczny-pokrowiec\/","title":{"rendered":"\u201ePini Pocket\u201c \u010diu\u017einio u\u017evalkalas, 200\u00d7200, hipoalerginis"},"content":{"rendered":"<p>Lovoje praleid\u017eiame tre\u010ddal\u012f savo gyvenimo, tod\u0117l \u017einome, koks svarbus yra patogus miegas. Tobulas poilsis prasideda nuo gero \u010diu\u017einio pasirinkimo. \u201ePini\u201c \u010diu\u017einio ki\u0161enin\u0117s spyruokl\u0117s suteikia elastingumo poj\u016bt\u012f ir neleid\u017eia \u010diu\u017einiui \u012fsmukti. Papildomas kokoso pluo\u0161to plok\u0161t\u0117s sluoksnis padidina jo tvirtum\u0105, tod\u0117l \u010diu\u017einys yra ne tik patogus, bet ir patvarus. Visa patirtis apgaubta ne\u012ftik\u0117tinai patogiu, \u0161ilkiniu ir nuimamu u\u017evalkalu.<\/p>","protected":false},"excerpt":{"rendered":"<p>Lovoje praleid\u017eiame tre\u010ddal\u012f savo gyvenimo, tod\u0117l \u017einome, koks svarbus yra patogus miegas. Tobulas poilsis prasideda nuo gero \u010diu\u017einio pasirinkimo. \u201ePini\u201c \u010diu\u017einio ki\u0161enin\u0117s spyruokl\u0117s suteikia elastingumo poj\u016bt\u012f ir neleid\u017eia \u010diu\u017einiui \u012fsmukti. Papildomas kokoso pluo\u0161to plok\u0161t\u0117s sluoksnis padidina jo tvirtum\u0105, tod\u0117l \u010diu\u017einys yra ne tik patogus, bet ir [\u2026]<\/p>","protected":false},"featured_media":21744,"comment_status":"open","ping_status":"open","template":"","meta":[],"product_brand":[],"product_cat":[2012,1099,9144],"product_tag":[],"class_list":{"0":"post-21772","1":"product","2":"type-product","3":"status-publish","4":"has-post-thumbnail","6":"product_cat-eltap","7":"product_cat-mattresses","8":"product_cat-mattresses-200x200","9":"pa_frame-material-undefined","10":"pa_frame-material-type-undefined","11":"pa_leg-color-undefined","12":"pa_leg-material-undefined","13":"pa_linen-box-undefined","14":"pa_main-color-white","15":"pa_price-group-basic","16":"pa_seat-depth-undefined","17":"pa_seat-width-undefined","18":"pa_sleep-function-yes","19":"pa_sleeping-area-length-498","20":"pa_sleeping-area-width-747","21":"pa_style-undefined","22":"pa_textile-microfibre","23":"pa_upholstery-material-undefined","25":"first","26":"instock","27":"purchasable","28":"product-type-simple"},"_links":{"self":[{"href":"https:\/\/baldumarket.lt\/lt\/wp-json\/wp\/v2\/product\/21772","targetHints":{"allow":["GET"]}}],"collection":[{"href":"https:\/\/baldumarket.lt\/lt\/wp-json\/wp\/v2\/product"}],"about":[{"href":"https:\/\/baldumarket.lt\/lt\/wp-json\/wp\/v2\/types\/product"}],"replies":[{"embeddable":true,"href":"https:\/\/baldumarket.lt\/lt\/wp-json\/wp\/v2\/comments?post=21772"}],"wp:featuredmedia":[{"embeddable":true,"href":"https:\/\/baldumarket.lt\/lt\/wp-json\/wp\/v2\/media\/21744"}],"wp:attachment":[{"href":"https:\/\/baldumarket.lt\/lt\/wp-json\/wp\/v2\/media?parent=21772"}],"wp:term":[{"taxonomy":"product_brand","embeddable":true,"href":"https:\/\/baldumarket.lt\/lt\/wp-json\/wp\/v2\/product_brand?post=21772"},{"taxonomy":"product_cat","embeddable":true,"href":"https:\/\/baldumarket.lt\/lt\/wp-json\/wp\/v2\/product_cat?post=21772"},{"taxonomy":"product_tag","embeddable":true,"href":"https:\/\/baldumarket.lt\/lt\/wp-json\/wp\/v2\/product_tag?post=21772"}],"curies":[{"name":"wp","href":"https:\/\/api.w.org\/{rel}","templated":true}]}}