{"id":217719,"date":"2025-12-27T03:55:25","date_gmt":"2025-12-27T00:55:25","guid":{"rendered":"https:\/\/baldumarket.lt\/?post_type=product&#038;p=217719"},"modified":"2026-03-24T12:19:05","modified_gmt":"2026-03-24T09:19:05","slug":"naroznik-rozkladany-enjoy-gr6","status":"publish","type":"product","link":"https:\/\/baldumarket.lt\/lt\/product\/naroznik-rozkladany-enjoy-gr6\/","title":{"rendered":"ENJOY Gr6 i\u0161skleid\u017eiama kampin\u0117 sofa"},"content":{"rendered":"<p>ENJOY i\u0161skleid\u017eiama kampin\u0117 sofa<br \/>\n\u00a0\u00a0<br \/>\nMatmenys:<br \/>\n\u2013 plotis: 254 cm<br \/>\n\u2013 gylis: 167 cm<br \/>\n\u2013 auk\u0161tis: 76 \/ 89 cm<br \/>\n\u2013 s\u0117dyn\u0117s gylis: 48 \/ 74 cm<br \/>\n\u2013 s\u0117dyn\u0117s auk\u0161tis: 46 cm<br \/>\n\u2013 miegamoji erdv\u0117: 225 x 121 cm<br \/>\n\u2013 patalyn\u0117s laikymo vieta: 138 x 58 x 16 cm<br \/>\nSavyb\u0117s ir meistri\u0161kumas:<br \/>\n\u2013 r\u0117mas: pu\u0161ies mediena, med\u017eio dro\u017eli\u0173 plok\u0161t\u0117, medienos plau\u0161\u0173 plok\u0161t\u0117, fanera<br \/>\n\u2013 s\u0117dyn\u0117: vingiuotos spyruokl\u0117s, T25\/42 putplastis<br \/>\n\u2013 atlo\u0161as: T52\/42 putplastis<br \/>\n\u2013 pagalv\u0117l\u0117s: putplas\u010dio \u0161erdis<br \/>\n\u2013 porankis: putplas\u010dio \u0161erdis<br \/>\n\u2013 kojos: medin\u0117s (spalva pagal j\u016bs\u0173 pasirinkim\u0105)<br \/>\n\u2013 universali kampin\u0117 sofa su kairi\u0105ja arba de\u0161inine tvirtinimo detale<br \/>\n\u2013 DL miegojimo funkcija<br \/>\n\u2013 1 patalyn\u0117s d\u0117\u017e\u0117<br \/>\n\u2013 galima \u012fsigyti i\u0161 plataus audini\u0173 pasirinkimo<br \/>\nSvoris: 102,9 kg<\/p>","protected":false},"excerpt":{"rendered":"<p>ENJOY i\u0161skleid\u017eiamos kampin\u0117s sofos matmenys: \u2013 plotis: 254 cm \u2013 gylis: 167 cm \u2013 auk\u0161tis: 76 \/ 89 cm \u2013 s\u0117dyn\u0117s gylis: 48 \/ 74 cm \u2013 s\u0117dyn\u0117s auk\u0161tis: 46 cm \u2013 miegamoji dalis: 225 x 121 cm \u2013 patalyn\u0117s laikymo vieta: 138 x 58 x 16 cm Savyb\u0117s ir gamyba: \u2013 r\u0117mas: pu\u0161ies mediena, [\u2026]<\/p>","protected":false},"featured_media":217733,"comment_status":"open","ping_status":"closed","template":"","meta":[],"product_brand":[],"product_cat":[9133],"product_tag":[],"class_list":{"0":"post-217719","1":"product","2":"type-product","3":"status-publish","4":"has-post-thumbnail","6":"product_cat-grouped","8":"first","9":"instock","10":"shipping-taxable","11":"purchasable","12":"product-type-variable","13":"wvs-archive-product-wrapper"},"_links":{"self":[{"href":"https:\/\/baldumarket.lt\/lt\/wp-json\/wp\/v2\/product\/217719","targetHints":{"allow":["GET"]}}],"collection":[{"href":"https:\/\/baldumarket.lt\/lt\/wp-json\/wp\/v2\/product"}],"about":[{"href":"https:\/\/baldumarket.lt\/lt\/wp-json\/wp\/v2\/types\/product"}],"replies":[{"embeddable":true,"href":"https:\/\/baldumarket.lt\/lt\/wp-json\/wp\/v2\/comments?post=217719"}],"wp:featuredmedia":[{"embeddable":true,"href":"https:\/\/baldumarket.lt\/lt\/wp-json\/wp\/v2\/media\/217733"}],"wp:attachment":[{"href":"https:\/\/baldumarket.lt\/lt\/wp-json\/wp\/v2\/media?parent=217719"}],"wp:term":[{"taxonomy":"product_brand","embeddable":true,"href":"https:\/\/baldumarket.lt\/lt\/wp-json\/wp\/v2\/product_brand?post=217719"},{"taxonomy":"product_cat","embeddable":true,"href":"https:\/\/baldumarket.lt\/lt\/wp-json\/wp\/v2\/product_cat?post=217719"},{"taxonomy":"product_tag","embeddable":true,"href":"https:\/\/baldumarket.lt\/lt\/wp-json\/wp\/v2\/product_tag?post=217719"}],"curies":[{"name":"wp","href":"https:\/\/api.w.org\/{rel}","templated":true}]}}