{"id":217693,"date":"2025-12-27T03:53:56","date_gmt":"2025-12-27T00:53:56","guid":{"rendered":"https:\/\/baldumarket.lt\/?post_type=product&#038;p=217693"},"modified":"2026-03-24T12:06:35","modified_gmt":"2026-03-24T09:06:35","slug":"promocja-naroznik-panama-tkanina-soro-gr3","status":"publish","type":"product","link":"https:\/\/baldumarket.lt\/lt\/product\/promocja-naroznik-panama-tkanina-soro-gr3\/","title":{"rendered":"AKCIJA &#8211; PANAMA kampin\u0117 sofa &#8211; Soro Gr3 audinys"},"content":{"rendered":"<p>SPECIALUS PASI\u016aLYMAS \u2013 PANAMA kampin\u0117 sofa \u2013 \u201eSoro\u201c audinys<br \/>\nKampin\u0117s sofos su reklaminiu \u201eSoro\u201c apmu\u0161alu kaina<br \/>\nPANAMA \u2013 tai unikali kampin\u0117 sofa, kuri geriausiai der\u0117s erdviuose interjeruose, dekoruotuose moderniu, minimalistiniu akcentu. Ji stovi ant subtili\u0173 chromuot\u0173 kojeli\u0173, o porankiai ir atlo\u0161ai yra chromuoti, suteikiantys kampinei sofai dizaineri\u0161kesn\u012f \u012fvaizd\u012f. Kampin\u0117 sofa turi labai paprast\u0105 s\u0117dyn\u0119, sudaryt\u0105 i\u0161 dviej\u0173 ilg\u0173 moduli\u0173 ir keturi\u0173 dideli\u0173 pagalvi\u0173, kurios puikiai papildo bendr\u0105 dizain\u0105. PANAMA turi patalyn\u0117s skyri\u0173 ir \u201eDolphin\u201c i\u0161lankstymo sistem\u0105, kuri suteikia didel\u012f miegojimo plot\u0105.<br \/>\nMatmenys:<br \/>\n\u2013 Plotis: 270\/190 cm<br \/>\n\u2013 Auk\u0161tis: 72\/83 cm<br \/>\n\u2013 Gylis: 108 cm<br \/>\n\u2013 Miegamoji erdv\u0117: 150 \u00d7 222 cm<br \/>\nSavyb\u0117s ir dizainas:<br \/>\n\u2013 Miego funkcija<br \/>\n\u2013 Patalyn\u0117s laikymo vieta<br \/>\n\u2013 Zigzago spyruokl\u0117s<br \/>\n\u2013 Medinis r\u0117mas + med\u017eio dro\u017eli\u0173 plok\u0161t\u0117<br \/>\n\u2013 Laisvai stovinti kampin\u0117 sofa<br \/>\n\u2013 Chromuotos kojel\u0117s<br \/>\n\u0160i kampin\u0117 sofa pasi\u017eymi novatori\u0161ka delfin\u0173 sistema \u2013 i\u0161 po s\u0117dyn\u0117s i\u0161slystan\u010diu ve\u017eim\u0117liu.<\/p>","protected":false},"excerpt":{"rendered":"<p>SPECIALUS PASI\u016aLYMAS \u2013 PANAMA kampin\u0117 sofa \u2013 \u201eSoro\u201c audinys Kampin\u0117s sofos su reklaminiu \u201eSoro\u201c apmu\u0161alu kaina. PANAMA \u2013 tai unikali kampin\u0117 sofa, kuri geriausiai tiks erdviems interjerams, dekoruotiems moderniu, minimalistiniu akcentu. Ji stovi ant subtili\u0173 chromuot\u0173 kojeli\u0173, o porankiai ir atlo\u0161ai yra chromuoti, tod\u0117l kampin\u0117 sofa [\u2026]<\/p>","protected":false},"featured_media":217723,"comment_status":"open","ping_status":"closed","template":"","meta":[],"product_brand":[],"product_cat":[9133],"product_tag":[],"class_list":{"0":"post-217693","1":"product","2":"type-product","3":"status-publish","4":"has-post-thumbnail","6":"product_cat-grouped","8":"first","9":"instock","10":"shipping-taxable","11":"purchasable","12":"product-type-variable","13":"wvs-archive-product-wrapper"},"_links":{"self":[{"href":"https:\/\/baldumarket.lt\/lt\/wp-json\/wp\/v2\/product\/217693","targetHints":{"allow":["GET"]}}],"collection":[{"href":"https:\/\/baldumarket.lt\/lt\/wp-json\/wp\/v2\/product"}],"about":[{"href":"https:\/\/baldumarket.lt\/lt\/wp-json\/wp\/v2\/types\/product"}],"replies":[{"embeddable":true,"href":"https:\/\/baldumarket.lt\/lt\/wp-json\/wp\/v2\/comments?post=217693"}],"wp:featuredmedia":[{"embeddable":true,"href":"https:\/\/baldumarket.lt\/lt\/wp-json\/wp\/v2\/media\/217723"}],"wp:attachment":[{"href":"https:\/\/baldumarket.lt\/lt\/wp-json\/wp\/v2\/media?parent=217693"}],"wp:term":[{"taxonomy":"product_brand","embeddable":true,"href":"https:\/\/baldumarket.lt\/lt\/wp-json\/wp\/v2\/product_brand?post=217693"},{"taxonomy":"product_cat","embeddable":true,"href":"https:\/\/baldumarket.lt\/lt\/wp-json\/wp\/v2\/product_cat?post=217693"},{"taxonomy":"product_tag","embeddable":true,"href":"https:\/\/baldumarket.lt\/lt\/wp-json\/wp\/v2\/product_tag?post=217693"}],"curies":[{"name":"wp","href":"https:\/\/api.w.org\/{rel}","templated":true}]}}