{"id":217662,"date":"2025-12-27T03:52:04","date_gmt":"2025-12-27T00:52:04","guid":{"rendered":"https:\/\/baldumarket.lt\/?post_type=product&#038;p=217662"},"modified":"2026-03-24T12:16:06","modified_gmt":"2026-03-24T09:16:06","slug":"naroznik-lavos-gr5","status":"publish","type":"product","link":"https:\/\/baldumarket.lt\/lt\/product\/naroznik-lavos-gr5\/","title":{"rendered":"LAVOS Gr5 kampin\u0117 sofa"},"content":{"rendered":"<p>LAVOS kampin\u0117 sofa<br \/>\n\u00a0\u00a0<br \/>\n\u201eLavos\u201c kampin\u0117 sofa \u2013 i\u0161skirtinai stilingas modelis, puikiai tiksiantis svetain\u0117je, kuri taip pat tarnauja kaip miegamasis. Ji turi miegojimo funkcij\u0105 su delfino stiliaus automatiniu mechanizmu, kuris leid\u017eia lengvai i\u0161skleisti ir sulankstyti sof\u0105. \u012emontuotas daiktad\u0117\u017e\u0117s skyrius taip pat gali b\u016bti naudojamas patalynei, tod\u0117l daug lengviau sutvarkyti erdv\u0119. Vingiuotos spyruokl\u0117s s\u0117dyn\u0117je suteikia didesn\u012f patvarum\u0105, palyginti su baldais, u\u017epildytais vien putomis. Daugiaviet\u0119 \u201eLavos\u201c kampin\u0119 sof\u0105 galima pritaikyti pagal savo pageidavimus, pasirenkant tinkam\u0105 apmu\u0161al\u0105 i\u0161 plataus audini\u0173 pasirinkimo. Matmenys:<br \/>\n\u2013 Plotis 272 cm<br \/>\n\u2013 \u016agis 70\u201385 cm<br \/>\n\u2013 Gylis 219 cm<br \/>\n\u2013 Miegamoji erdv\u0117 197 \u00d7 126 cm<br \/>\nSavyb\u0117s ir konstrukcija:<br \/>\n\u2013 S\u0117dyn\u0117: vingiuotos spyruokl\u0117s, T28\/30 putplastis<br \/>\n\u2013 Atlo\u0161as: T18\/30 putplastis<br \/>\n\u2013 \u0160onai: T18\/30 putplastis<br \/>\n\u2013 Nugaros pagalv\u0117l\u0117s: pl\u0117\u0161ytas putplastis<br \/>\n\u2013 Kojel\u0117s: metalas, plastikas<br \/>\n\u2013 Patalyn\u0117s laikymo vieta<br \/>\n\u2013 Miego funkcija su automatiniu delfin\u0173 mechanizmu<br \/>\n\u2013 Galima \u012fsigyti i\u0161 plataus audini\u0173 asortimento<\/p>","protected":false},"excerpt":{"rendered":"<p>LAVOS kampin\u0117 sofa Kampin\u0117 sofa \u201eLavos\u201c \u2013 i\u0161skirtinai stilingas modelis, puikiai tinkantis svetainei, kuri taip pat naudojama kaip miegamasis. Ji turi miegojimo funkcij\u0105 su delfino stiliaus automatiniu mechanizmu, kuris leid\u017eia lengvai i\u0161skleisti ir sulankstyti sof\u0105. \u012emontuotas daiktad\u0117\u017e\u0117s skyrius taip pat gali b\u016bti naudojamas [\u2026]<\/p>","protected":false},"featured_media":217686,"comment_status":"open","ping_status":"closed","template":"","meta":[],"product_brand":[],"product_cat":[9133],"product_tag":[],"class_list":{"0":"post-217662","1":"product","2":"type-product","3":"status-publish","4":"has-post-thumbnail","6":"product_cat-grouped","8":"first","9":"instock","10":"shipping-taxable","11":"purchasable","12":"product-type-variable","13":"wvs-archive-product-wrapper"},"_links":{"self":[{"href":"https:\/\/baldumarket.lt\/lt\/wp-json\/wp\/v2\/product\/217662","targetHints":{"allow":["GET"]}}],"collection":[{"href":"https:\/\/baldumarket.lt\/lt\/wp-json\/wp\/v2\/product"}],"about":[{"href":"https:\/\/baldumarket.lt\/lt\/wp-json\/wp\/v2\/types\/product"}],"replies":[{"embeddable":true,"href":"https:\/\/baldumarket.lt\/lt\/wp-json\/wp\/v2\/comments?post=217662"}],"wp:featuredmedia":[{"embeddable":true,"href":"https:\/\/baldumarket.lt\/lt\/wp-json\/wp\/v2\/media\/217686"}],"wp:attachment":[{"href":"https:\/\/baldumarket.lt\/lt\/wp-json\/wp\/v2\/media?parent=217662"}],"wp:term":[{"taxonomy":"product_brand","embeddable":true,"href":"https:\/\/baldumarket.lt\/lt\/wp-json\/wp\/v2\/product_brand?post=217662"},{"taxonomy":"product_cat","embeddable":true,"href":"https:\/\/baldumarket.lt\/lt\/wp-json\/wp\/v2\/product_cat?post=217662"},{"taxonomy":"product_tag","embeddable":true,"href":"https:\/\/baldumarket.lt\/lt\/wp-json\/wp\/v2\/product_tag?post=217662"}],"curies":[{"name":"wp","href":"https:\/\/api.w.org\/{rel}","templated":true}]}}