{"id":217646,"date":"2025-12-27T03:51:19","date_gmt":"2025-12-27T00:51:19","guid":{"rendered":"https:\/\/baldumarket.lt\/?post_type=product&#038;p=217646"},"modified":"2026-03-24T12:16:06","modified_gmt":"2026-03-24T09:16:06","slug":"naroznik-vinci-gr5","status":"publish","type":"product","link":"https:\/\/baldumarket.lt\/lt\/product\/naroznik-vinci-gr5\/","title":{"rendered":"VINCI Gr5 kampin\u0117 sofa"},"content":{"rendered":"<p>VINCI kampin\u0117 sofa<br \/>\nMatmenys:<br \/>\n\u2013 Plotis: 264 cm<br \/>\n\u2013 Gylis: 184 cm<br \/>\n\u2013 Auk\u0161tis: 89 cm<br \/>\n\u2013 S\u0117dyn\u0117s auk\u0161tis: 43 cm<br \/>\n\u2013 Pagalv\u0117l\u0117 A: 69 x 49 x 22 cm<br \/>\nSavyb\u0117s ir meistri\u0161kumas:<br \/>\n\u2013 R\u0117mas: pu\u0161ies mediena, med\u017eio dro\u017eli\u0173 plok\u0161t\u0117, medienos plau\u0161\u0173 plok\u0161t\u0117, fanera, apmu\u0161al\u0173 kartonas, MDF<br \/>\n\u2013 S\u0117dyn\u0117: Zigzago tipo B spyruokl\u0117s, T28\/30 putplastis, T16\/20 putplastis<br \/>\n\u2013 Atlo\u0161as: T16\/20 putplastis<br \/>\n\u2013 \u0160onin\u0117s panel\u0117s: T16\/20 putplastis<br \/>\n\u2013 Nugaros pagalv\u0117l\u0117s (3 vnt.): pl\u0117\u0161ytas putplastis<br \/>\n\u2013 Kojel\u0117s: metalas, plastikas<br \/>\n\u2013 Galima \u012fsigyti i\u0161 plataus audini\u0173 asortimento<br \/>\nSvoris: 110,5 kg<\/p>","protected":false},"excerpt":{"rendered":"<p>VINCI kampin\u0117s sofos matmenys: \u2013 Plotis: 264 cm \u2013 Gylis: 184 cm \u2013 Auk\u0161tis: 89 cm \u2013 S\u0117dyn\u0117s auk\u0161tis: 43 cm \u2013 Pagalv\u0117l\u0117s A dydis: 69 x 49 x 22 cm Savyb\u0117s ir gamyba: \u2013 R\u0117mas: pu\u0161ies mediena, med\u017eio dro\u017eli\u0173 plok\u0161t\u0117, pluo\u0161to plok\u0161t\u0117, fanera, apmu\u0161al\u0173 kartonas, MDF \u2013 S\u0117dyn\u0117: zigzago tipo B spyruokl\u0117s, T28\/30 putplastis, T16\/20 putplastis \u2013 Atlo\u0161as: [\u2026]<\/p>","protected":false},"featured_media":217663,"comment_status":"open","ping_status":"closed","template":"","meta":[],"product_brand":[],"product_cat":[9133],"product_tag":[],"class_list":{"0":"post-217646","1":"product","2":"type-product","3":"status-publish","4":"has-post-thumbnail","6":"product_cat-grouped","8":"first","9":"instock","10":"shipping-taxable","11":"purchasable","12":"product-type-variable","13":"wvs-archive-product-wrapper"},"_links":{"self":[{"href":"https:\/\/baldumarket.lt\/lt\/wp-json\/wp\/v2\/product\/217646","targetHints":{"allow":["GET"]}}],"collection":[{"href":"https:\/\/baldumarket.lt\/lt\/wp-json\/wp\/v2\/product"}],"about":[{"href":"https:\/\/baldumarket.lt\/lt\/wp-json\/wp\/v2\/types\/product"}],"replies":[{"embeddable":true,"href":"https:\/\/baldumarket.lt\/lt\/wp-json\/wp\/v2\/comments?post=217646"}],"wp:featuredmedia":[{"embeddable":true,"href":"https:\/\/baldumarket.lt\/lt\/wp-json\/wp\/v2\/media\/217663"}],"wp:attachment":[{"href":"https:\/\/baldumarket.lt\/lt\/wp-json\/wp\/v2\/media?parent=217646"}],"wp:term":[{"taxonomy":"product_brand","embeddable":true,"href":"https:\/\/baldumarket.lt\/lt\/wp-json\/wp\/v2\/product_brand?post=217646"},{"taxonomy":"product_cat","embeddable":true,"href":"https:\/\/baldumarket.lt\/lt\/wp-json\/wp\/v2\/product_cat?post=217646"},{"taxonomy":"product_tag","embeddable":true,"href":"https:\/\/baldumarket.lt\/lt\/wp-json\/wp\/v2\/product_tag?post=217646"}],"curies":[{"name":"wp","href":"https:\/\/api.w.org\/{rel}","templated":true}]}}