{"id":217626,"date":"2025-12-27T03:50:02","date_gmt":"2025-12-27T00:50:02","guid":{"rendered":"https:\/\/baldumarket.lt\/?post_type=product&#038;p=217626"},"modified":"2026-03-24T12:09:35","modified_gmt":"2026-03-24T09:09:35","slug":"promocja-naroznik-havana-tkanina-solar-gr4","status":"publish","type":"product","link":"https:\/\/baldumarket.lt\/lt\/product\/promocja-naroznik-havana-tkanina-solar-gr4\/","title":{"rendered":"AKCIJA &#8211; HAVANA kampin\u0117 sofa &#8211; Solar Gr4 audinys"},"content":{"rendered":"<p>SPECIALUS PASI\u016aLYMAS \u2013 HAVANA kampin\u0117 sofa \u2013 \u201eSolar\u201c audinys<br \/>\nKampin\u0117s sofos su akcinine \u201eSolar\u201c apmu\u0161al\u0173 kaina<br \/>\n\u00a0\u00a0<br \/>\nKampin\u0117 sofa \u201eHavana\u201c \u2013 tai baldas, kuris puikiai papildys moderni\u0105 svetain\u0119. Ry\u0161kus grie\u017et\u0173 metalini\u0173 kojeli\u0173 ir subtili\u0173 \u0161onini\u0173 form\u0173 derinys, o dygsniuota s\u0117dyn\u0117 suteikia elegancijos. \u0160is modelis taip pat turi delfino miegojimo funkcij\u0105 ir prakti\u0161k\u0105 patalyn\u0117s skyri\u0173. Papildomos savyb\u0117s: \u012fmontuotos vingiuotos spyruokl\u0117s ir pla\u010dios nugaros pagalv\u0117l\u0117s. \u0160i kampin\u0117 sofa \u201eHavana\u201c yra aptraukta tamsiai m\u0117lynu \u201eSolar\u201c audiniu ir \u0161iuo metu si\u016bloma patrauklia akcine kaina.<br \/>\nMatmenys:<br \/>\n\u2013 Plotis: 272\/173 cm<br \/>\n\u2013 \u016agis: 72\u201389 cm<br \/>\n\u2013 Gylis: 96 cm<br \/>\n\u2013 Miegamoji erdv\u0117: 220 x 143 cm<br \/>\nSavyb\u0117s ir dizainas:<br \/>\n\u2013 Delfin\u0173 miego funkcija<br \/>\n\u2013 Patalyn\u0117s laikymo vieta<br \/>\n\u2013 Zigzago spyruokl\u0117s<br \/>\n\u2013 Silikoninis u\u017epildas<br \/>\n\u2013 3 nugaros atramos pagalv\u0117l\u0117s<br \/>\nKampin\u0117s pus\u0117s pasirinkimas:<br \/>\n\u2013 \u201cDE\u0160INYSIS kampas\u201d<br \/>\n\u2013 \u201cKAIRIOJO kampo pus\u0117\u201d<\/p>","protected":false},"excerpt":{"rendered":"<p>SPECIALUS PASI\u016aLYMAS \u2013 HAVANA kampin\u0117 sofa \u2013 \u201eSolar\u201c audinys Kampin\u0117s sofos su reklaminiu \u201eSolar\u201c apmu\u0161alu kaina Kampin\u0117 sofa \u201eHavana\u201c \u2013 tai baldas, kuris puikiai papildys moderni\u0105 svetain\u0119. Ry\u0161kus grie\u017et\u0173 metalini\u0173 kojeli\u0173 ir subtili\u0173 \u0161onini\u0173 form\u0173 derinys, o dygsniuota s\u0117dyn\u0117 suteikia elegancijos. [\u2026]<\/p>","protected":false},"featured_media":217653,"comment_status":"open","ping_status":"closed","template":"","meta":[],"product_brand":[],"product_cat":[9133],"product_tag":[],"class_list":{"0":"post-217626","1":"product","2":"type-product","3":"status-publish","4":"has-post-thumbnail","6":"product_cat-grouped","8":"first","9":"instock","10":"shipping-taxable","11":"purchasable","12":"product-type-variable","13":"wvs-archive-product-wrapper"},"_links":{"self":[{"href":"https:\/\/baldumarket.lt\/lt\/wp-json\/wp\/v2\/product\/217626","targetHints":{"allow":["GET"]}}],"collection":[{"href":"https:\/\/baldumarket.lt\/lt\/wp-json\/wp\/v2\/product"}],"about":[{"href":"https:\/\/baldumarket.lt\/lt\/wp-json\/wp\/v2\/types\/product"}],"replies":[{"embeddable":true,"href":"https:\/\/baldumarket.lt\/lt\/wp-json\/wp\/v2\/comments?post=217626"}],"wp:featuredmedia":[{"embeddable":true,"href":"https:\/\/baldumarket.lt\/lt\/wp-json\/wp\/v2\/media\/217653"}],"wp:attachment":[{"href":"https:\/\/baldumarket.lt\/lt\/wp-json\/wp\/v2\/media?parent=217626"}],"wp:term":[{"taxonomy":"product_brand","embeddable":true,"href":"https:\/\/baldumarket.lt\/lt\/wp-json\/wp\/v2\/product_brand?post=217626"},{"taxonomy":"product_cat","embeddable":true,"href":"https:\/\/baldumarket.lt\/lt\/wp-json\/wp\/v2\/product_cat?post=217626"},{"taxonomy":"product_tag","embeddable":true,"href":"https:\/\/baldumarket.lt\/lt\/wp-json\/wp\/v2\/product_tag?post=217626"}],"curies":[{"name":"wp","href":"https:\/\/api.w.org\/{rel}","templated":true}]}}