{"id":21762,"date":"2025-11-14T13:38:11","date_gmt":"2025-11-14T10:38:11","guid":{"rendered":"https:\/\/baldumarket.lt\/product\/materac-kieszeniowy-pini-120x200-medicott-silver\/"},"modified":"2026-03-24T18:24:57","modified_gmt":"2026-03-24T15:24:57","slug":"materac-kieszeniowy-pini-120x200-medicott-silver","status":"publish","type":"product","link":"https:\/\/baldumarket.lt\/lt\/product\/materac-kieszeniowy-pini-120x200-medicott-silver\/","title":{"rendered":"\u010ciu\u017einys \u201ePini Pocket\u201c, 120\u00d7200, \u201eMedicott\u201c, sidabrinis"},"content":{"rendered":"<p>Lovoje praleid\u017eiame tre\u010ddal\u012f savo gyvenimo, tod\u0117l \u017einome, koks svarbus yra patogus miegas. Tobulas poilsis prasideda nuo gero \u010diu\u017einio pasirinkimo. \u201ePini\u201c \u010diu\u017einys su sidabriniu u\u017evalkalu turi ki\u0161enines spyruokles, kurios suteikia elastingumo poj\u016bt\u012f ir neleid\u017eia \u010diu\u017einiui \u012fgri\u016bti. Papildomas kokoso pluo\u0161to plok\u0161t\u0117s sluoksnis padidina jo tvirtum\u0105, tod\u0117l \u010diu\u017einys yra ne tik patogus, bet ir patvarus. Vis\u0105 poj\u016bt\u012f apgaubia ne\u012ftik\u0117tinai patogus, \u0161ilkinis ir nuimamas sidabrinis u\u017evalkalas.<\/p>","protected":false},"excerpt":{"rendered":"<p>Lovoje praleid\u017eiame tre\u010ddal\u012f savo gyvenimo, tod\u0117l \u017einome, koks svarbus yra patogus miegas. Tobulas poilsis prasideda nuo gero \u010diu\u017einio pasirinkimo. \u201ePini\u201c \u010diu\u017einys su sidabro spalvos u\u017evalkalu turi ki\u0161enines spyruokles, kurios suteikia elastingumo poj\u016bt\u012f ir neleid\u017eia \u010diu\u017einiui \u012fgri\u016bti. Papildomas kokoso pluo\u0161to plok\u0161t\u0117s sluoksnis padidina jo tvirtum\u0105, tod\u0117l [\u2026]<\/p>","protected":false},"featured_media":21754,"comment_status":"open","ping_status":"open","template":"","meta":[],"product_brand":[],"product_cat":[2012,1099,1976],"product_tag":[],"class_list":{"0":"post-21762","1":"product","2":"type-product","3":"status-publish","4":"has-post-thumbnail","6":"product_cat-eltap","7":"product_cat-mattresses","8":"product_cat-mattresses-120x200","10":"first","11":"instock","12":"purchasable","13":"product-type-simple"},"_links":{"self":[{"href":"https:\/\/baldumarket.lt\/lt\/wp-json\/wp\/v2\/product\/21762","targetHints":{"allow":["GET"]}}],"collection":[{"href":"https:\/\/baldumarket.lt\/lt\/wp-json\/wp\/v2\/product"}],"about":[{"href":"https:\/\/baldumarket.lt\/lt\/wp-json\/wp\/v2\/types\/product"}],"replies":[{"embeddable":true,"href":"https:\/\/baldumarket.lt\/lt\/wp-json\/wp\/v2\/comments?post=21762"}],"wp:featuredmedia":[{"embeddable":true,"href":"https:\/\/baldumarket.lt\/lt\/wp-json\/wp\/v2\/media\/21754"}],"wp:attachment":[{"href":"https:\/\/baldumarket.lt\/lt\/wp-json\/wp\/v2\/media?parent=21762"}],"wp:term":[{"taxonomy":"product_brand","embeddable":true,"href":"https:\/\/baldumarket.lt\/lt\/wp-json\/wp\/v2\/product_brand?post=21762"},{"taxonomy":"product_cat","embeddable":true,"href":"https:\/\/baldumarket.lt\/lt\/wp-json\/wp\/v2\/product_cat?post=21762"},{"taxonomy":"product_tag","embeddable":true,"href":"https:\/\/baldumarket.lt\/lt\/wp-json\/wp\/v2\/product_tag?post=21762"}],"curies":[{"name":"wp","href":"https:\/\/api.w.org\/{rel}","templated":true}]}}