{"id":217615,"date":"2025-12-27T03:49:28","date_gmt":"2025-12-27T00:49:28","guid":{"rendered":"https:\/\/baldumarket.lt\/?post_type=product&#038;p=217615"},"modified":"2026-02-03T23:13:35","modified_gmt":"2026-02-03T20:13:35","slug":"naroznik-morgan","status":"publish","type":"product","link":"https:\/\/baldumarket.lt\/lt\/product\/naroznik-morgan\/","title":{"rendered":"MORGAN kampin\u0117 sofa"},"content":{"rendered":"<p>MORGAN kampin\u0117 sofa<br \/>\n\u00a0\u00a0<br \/>\nMatmenys:<br \/>\n\u2013 Plotis: 262 cm<br \/>\n\u2013 Gylis: 184 cm<br \/>\n\u2013 Auk\u0161tis: 87 cm<br \/>\n\u2013 S\u0117dyn\u0117s auk\u0161tis: 43 cm<br \/>\n\u2013 Pagalv\u0117l\u0117 A: 89 x 54 x 21 cm<br \/>\n\u2013 Pagalv\u0117l\u0117 B: 61 x 54 x 21 cm<br \/>\n\u00a0<br \/>\nSavyb\u0117s ir dizainas:<br \/>\n\u2013 R\u0117mas: pu\u0161ies mediena, med\u017eio dro\u017eli\u0173 plok\u0161t\u0117, medienos plau\u0161\u0173 plok\u0161t\u0117, fanera, apmu\u0161al\u0173 kartonas<br \/>\n\u2013 S\u0117dyn\u0117: B tipo zigzago spyruokl\u0117s, T28\/30 putplastis, T16\/20 putplastis<br \/>\n\u2013 Atlo\u0161as: T16\/20 putplastis<br \/>\n\u2013 \u0160onai: T16\/20 putplastis<br \/>\n\u2013 Atlo\u0161o pagalv\u0117l\u0117s: pl\u0117\u0161ytas putplastis<br \/>\n\u2013 Kojel\u0117s: metalas, plastikas<br \/>\n\u2013 Galima \u012fsigyti i\u0161 plataus audini\u0173 asortimento<br \/>\nSvoris: 103,4 kg<br \/>\n\u00a0<\/p>","protected":false},"excerpt":{"rendered":"<p>MORGAN kampin\u0117s sofos matmenys: \u2013 Plotis: 262 cm \u2013 Gylis: 184 cm \u2013 Auk\u0161tis: 87 cm \u2013 S\u0117dyn\u0117s auk\u0161tis: 43 cm \u2013 Pagalv\u0117l\u0117s A matmenys: 89 x 54 x 21 cm \u2013 Pagalv\u0117l\u0117s B matmenys: 61 x 54 x 21 cm Savyb\u0117s ir dizainas: \u2013 R\u0117mas: pu\u0161ies mediena, med\u017eio dro\u017eli\u0173 plok\u0161t\u0117, pluo\u0161to plok\u0161t\u0117, fanera, apmu\u0161al\u0173 kartonas \u2013 S\u0117dyn\u0117: [\u2026]<\/p>","protected":false},"featured_media":217629,"comment_status":"open","ping_status":"closed","template":"","meta":[],"product_brand":[],"product_cat":[7905,616,1983],"product_tag":[],"class_list":{"0":"post-217615","1":"product","2":"type-product","3":"status-publish","4":"has-post-thumbnail","6":"product_cat-benix","7":"product_cat-corners","8":"product_cat-corners-l","10":"first","11":"instock","12":"shipping-taxable","13":"product-type-grouped"},"_links":{"self":[{"href":"https:\/\/baldumarket.lt\/lt\/wp-json\/wp\/v2\/product\/217615","targetHints":{"allow":["GET"]}}],"collection":[{"href":"https:\/\/baldumarket.lt\/lt\/wp-json\/wp\/v2\/product"}],"about":[{"href":"https:\/\/baldumarket.lt\/lt\/wp-json\/wp\/v2\/types\/product"}],"replies":[{"embeddable":true,"href":"https:\/\/baldumarket.lt\/lt\/wp-json\/wp\/v2\/comments?post=217615"}],"wp:featuredmedia":[{"embeddable":true,"href":"https:\/\/baldumarket.lt\/lt\/wp-json\/wp\/v2\/media\/217629"}],"wp:attachment":[{"href":"https:\/\/baldumarket.lt\/lt\/wp-json\/wp\/v2\/media?parent=217615"}],"wp:term":[{"taxonomy":"product_brand","embeddable":true,"href":"https:\/\/baldumarket.lt\/lt\/wp-json\/wp\/v2\/product_brand?post=217615"},{"taxonomy":"product_cat","embeddable":true,"href":"https:\/\/baldumarket.lt\/lt\/wp-json\/wp\/v2\/product_cat?post=217615"},{"taxonomy":"product_tag","embeddable":true,"href":"https:\/\/baldumarket.lt\/lt\/wp-json\/wp\/v2\/product_tag?post=217615"}],"curies":[{"name":"wp","href":"https:\/\/api.w.org\/{rel}","templated":true}]}}