{"id":21758,"date":"2025-11-14T13:37:32","date_gmt":"2025-11-14T10:37:32","guid":{"rendered":"https:\/\/baldumarket.lt\/product\/materac-kieszeniowy-pini-90x200-aloevera\/"},"modified":"2026-03-24T18:24:57","modified_gmt":"2026-03-24T15:24:57","slug":"materac-kieszeniowy-pini-90x200-aloevera","status":"publish","type":"product","link":"https:\/\/baldumarket.lt\/lt\/product\/materac-kieszeniowy-pini-90x200-aloevera\/","title":{"rendered":"\u010ciu\u017einys \u201ePini Pocket\u201c, 90\u00d7200, su alavijo ekstraktu"},"content":{"rendered":"<p>Lovoje praleid\u017eiame tre\u010ddal\u012f savo gyvenimo, tod\u0117l \u017einome, koks svarbus yra patogus miegas. Tobulas poilsis prasideda nuo gero \u010diu\u017einio pasirinkimo. \u201ePini\u201c \u010diu\u017einio ki\u0161enin\u0117s spyruokl\u0117s su alavijo u\u017evalkalu suteikia elastingumo ir neleid\u017eia \u010diu\u017einiui \u012fsmukti. Papildomas kokoso pluo\u0161to plok\u0161t\u0117s sluoksnis padidina jo tvirtum\u0105, tod\u0117l \u010diu\u017einys yra ne tik patogus, bet ir patvarus. Vis\u0105 poj\u016bt\u012f apgaubia ne\u012ftik\u0117tinai patogus, \u0161ilkinis ir nuimamas alavijo u\u017evalkalas.<\/p>","protected":false},"excerpt":{"rendered":"<p>Lovoje praleid\u017eiame tre\u010ddal\u012f savo gyvenimo, tod\u0117l \u017einome, koks svarbus yra patogus miegas. Tobulas poilsis prasideda nuo gero \u010diu\u017einio pasirinkimo. \u201ePini\u201c \u010diu\u017einio ki\u0161enin\u0117s spyruokl\u0117s su alavijo u\u017evalkalu suteikia tvirtumo poj\u016bt\u012f ir neleid\u017eia \u010diu\u017einiui \u012fsmukti. Papildomas kokoso pluo\u0161to plok\u0161t\u0117s sluoksnis padidina jo tvirtum\u0105, tod\u0117l \u010diu\u017einys [\u2026]<\/p>","protected":false},"featured_media":21750,"comment_status":"open","ping_status":"open","template":"","meta":[],"product_brand":[],"product_cat":[2012,1099,1975],"product_tag":[],"class_list":{"0":"post-21758","1":"product","2":"type-product","3":"status-publish","4":"has-post-thumbnail","6":"product_cat-eltap","7":"product_cat-mattresses","8":"product_cat-mattresses-90x200","10":"first","11":"instock","12":"purchasable","13":"product-type-simple"},"_links":{"self":[{"href":"https:\/\/baldumarket.lt\/lt\/wp-json\/wp\/v2\/product\/21758","targetHints":{"allow":["GET"]}}],"collection":[{"href":"https:\/\/baldumarket.lt\/lt\/wp-json\/wp\/v2\/product"}],"about":[{"href":"https:\/\/baldumarket.lt\/lt\/wp-json\/wp\/v2\/types\/product"}],"replies":[{"embeddable":true,"href":"https:\/\/baldumarket.lt\/lt\/wp-json\/wp\/v2\/comments?post=21758"}],"wp:featuredmedia":[{"embeddable":true,"href":"https:\/\/baldumarket.lt\/lt\/wp-json\/wp\/v2\/media\/21750"}],"wp:attachment":[{"href":"https:\/\/baldumarket.lt\/lt\/wp-json\/wp\/v2\/media?parent=21758"}],"wp:term":[{"taxonomy":"product_brand","embeddable":true,"href":"https:\/\/baldumarket.lt\/lt\/wp-json\/wp\/v2\/product_brand?post=21758"},{"taxonomy":"product_cat","embeddable":true,"href":"https:\/\/baldumarket.lt\/lt\/wp-json\/wp\/v2\/product_cat?post=21758"},{"taxonomy":"product_tag","embeddable":true,"href":"https:\/\/baldumarket.lt\/lt\/wp-json\/wp\/v2\/product_tag?post=21758"}],"curies":[{"name":"wp","href":"https:\/\/api.w.org\/{rel}","templated":true}]}}