{"id":217568,"date":"2025-12-27T03:47:01","date_gmt":"2025-12-27T00:47:01","guid":{"rendered":"https:\/\/baldumarket.lt\/?post_type=product&#038;p=217568"},"modified":"2026-03-24T12:00:39","modified_gmt":"2026-03-24T09:00:39","slug":"sofa-2-osobowa-selene-gr1","status":"publish","type":"product","link":"https:\/\/baldumarket.lt\/lt\/product\/sofa-2-osobowa-selene-gr1\/","title":{"rendered":"SELENE Gr1 dviviet\u0117 sofa"},"content":{"rendered":"<p>SELENE dviviet\u0117 sofa<br \/>\nMatmenys:<br \/>\n\u2013 plotis: 202 cm<br \/>\n\u2013 gylis: 115 cm<br \/>\n\u2013 auk\u0161tis: 89\/70 cm<br \/>\n\u2013 s\u0117dyn\u0117s gylis: 91\/67 cm<br \/>\n\u2013 s\u0117dyn\u0117s auk\u0161tis: 45 cm<br \/>\nSavyb\u0117s ir meistri\u0161kumas:<br \/>\n\u2013 karkasas: pu\u0161ies mediena, med\u017eio dro\u017eli\u0173 plok\u0161t\u0117, medienos plau\u0161\u0173 plok\u0161t\u0117, MDF plok\u0161t\u0117, fanera, apmu\u0161al\u0173 kartonas<br \/>\n\u2013 s\u0117dyn\u0117: elastin\u0117 juosta, T28\/30 putplastis, silikonas<br \/>\n\u2013 atlo\u0161as: T16\/20 putplastis<br \/>\n\u2013 \u0161onin\u0117s panel\u0117s: T16\/20 putplastis<br \/>\n\u2013 nugaros pagalv\u0117l\u0117s: silikonin\u0117s<br \/>\n\u2013 kojos: metalin\u0117s<br \/>\nSvoris: 64,7 kg<\/p>","protected":false},"excerpt":{"rendered":"<p>SELENE dviviet\u0117 sofa Matmenys: \u2013 plotis: 202 cm \u2013 gylis: 115 cm \u2013 auk\u0161tis: 89\/70 cm \u2013 s\u0117dyn\u0117s gylis: 91\/67 cm \u2013 s\u0117dyn\u0117s auk\u0161tis: 45 cm Savyb\u0117s ir gamyba: \u2013 r\u0117mas: pu\u0161ies mediena, med\u017eio dro\u017eli\u0173 plok\u0161t\u0117, pluo\u0161to plok\u0161t\u0117, MDF plok\u0161t\u0117, fanera, apmu\u0161al\u0173 kartonas \u2013 s\u0117dyn\u0117: elastin\u0117 juosta, T28\/30 putplastis, silikonas \u2013 atlo\u0161as: T16\/20 putplastis \u2013 \u0161onin\u0117s panel\u0117s: T16\/20 [\u2026]<\/p>","protected":false},"featured_media":217597,"comment_status":"open","ping_status":"closed","template":"","meta":[],"product_brand":[],"product_cat":[9133],"product_tag":[],"class_list":{"0":"post-217568","1":"product","2":"type-product","3":"status-publish","4":"has-post-thumbnail","6":"product_cat-grouped","8":"first","9":"instock","10":"shipping-taxable","11":"purchasable","12":"product-type-variable","13":"wvs-archive-product-wrapper"},"_links":{"self":[{"href":"https:\/\/baldumarket.lt\/lt\/wp-json\/wp\/v2\/product\/217568","targetHints":{"allow":["GET"]}}],"collection":[{"href":"https:\/\/baldumarket.lt\/lt\/wp-json\/wp\/v2\/product"}],"about":[{"href":"https:\/\/baldumarket.lt\/lt\/wp-json\/wp\/v2\/types\/product"}],"replies":[{"embeddable":true,"href":"https:\/\/baldumarket.lt\/lt\/wp-json\/wp\/v2\/comments?post=217568"}],"wp:featuredmedia":[{"embeddable":true,"href":"https:\/\/baldumarket.lt\/lt\/wp-json\/wp\/v2\/media\/217597"}],"wp:attachment":[{"href":"https:\/\/baldumarket.lt\/lt\/wp-json\/wp\/v2\/media?parent=217568"}],"wp:term":[{"taxonomy":"product_brand","embeddable":true,"href":"https:\/\/baldumarket.lt\/lt\/wp-json\/wp\/v2\/product_brand?post=217568"},{"taxonomy":"product_cat","embeddable":true,"href":"https:\/\/baldumarket.lt\/lt\/wp-json\/wp\/v2\/product_cat?post=217568"},{"taxonomy":"product_tag","embeddable":true,"href":"https:\/\/baldumarket.lt\/lt\/wp-json\/wp\/v2\/product_tag?post=217568"}],"curies":[{"name":"wp","href":"https:\/\/api.w.org\/{rel}","templated":true}]}}