{"id":217565,"date":"2025-12-27T03:46:58","date_gmt":"2025-12-27T00:46:58","guid":{"rendered":"https:\/\/baldumarket.lt\/?post_type=product&#038;p=217565"},"modified":"2026-03-24T12:19:12","modified_gmt":"2026-03-24T09:19:12","slug":"promocja-naroznik-calabria-tkanina-soro-gr6","status":"publish","type":"product","link":"https:\/\/baldumarket.lt\/lt\/product\/promocja-naroznik-calabria-tkanina-soro-gr6\/","title":{"rendered":"AKCIJA &#8211; CALABRIA kampin\u0117 sofa &#8211; Soro Gr6 audinys"},"content":{"rendered":"<p>SPECIALUS PASI\u016aLYMAS \u2013 CALABRIA kampin\u0117 sofa \u2013 \u201eSoro\u201c audinys<br \/>\n\u00a0\u00a0Kampin\u0117s sofos su \u201eSoro\u201c apmu\u0161alais kaina<br \/>\n\u00a0<br \/>\nKampin\u0117 sofa \u201eCalabria\u201c buvo sukurta galvojant apie stiling\u0105 dizain\u0105 ir kasdien\u012f funkcionalum\u0105. Minimalistin\u0117 forma leid\u017eia jai puikiai tikti net ir ma\u017eose erdv\u0117se. \u0160is modelis turi miegojimo funkcij\u0105 ir patalyn\u0117s skyri\u0173, tod\u0117l puikiai tinka lovai. Be to, d\u0117l vingiuot\u0173 spyruokli\u0173 naudojimo ji bus patvaresn\u0117 nei baldai, u\u017epildyti vien putplas\u010diu.<br \/>\nMatmenys:<br \/>\n\u2013 plotis 282\/182 cm<br \/>\n\u2013 \u016bgis 72\u201387 cm<br \/>\n\u2013 gylis 94 cm<br \/>\n\u2013 koj\u0173 auk\u0161tis 15\/16 cm<br \/>\n\u2013 miegamoji dalis 252 \u00d7 125 cm<br \/>\nSavyb\u0117s ir konstrukcija:<br \/>\n\u2013 patalyn\u0117s laikymo vieta<br \/>\n\u2013 miego funkcija<br \/>\n\u2013 vingiuotos spyruokl\u0117s<\/p>","protected":false},"excerpt":{"rendered":"<p>SPECIALUS PASI\u016aLYMAS \u2013 CALABRIA kampin\u0117 sofa \u2013 \u201eSoro\u201c audinys Kampin\u0117s sofos su \u201eSoro\u201c apmu\u0161alais kaina. Kampin\u0117 sofa \u201eCalabria\u201c buvo sukurta atsi\u017evelgiant \u012f stiling\u0105 dizain\u0105 ir kasdien\u012f funkcionalum\u0105. Minimalistin\u0117 forma leid\u017eia jai puikiai tikti net ir ma\u017eose erdv\u0117se. \u0160is modelis turi miegojimo funkcij\u0105 ir patalyn\u0117s skyri\u0173, [\u2026]<\/p>","protected":false},"featured_media":217585,"comment_status":"open","ping_status":"closed","template":"","meta":[],"product_brand":[],"product_cat":[9133],"product_tag":[],"class_list":{"0":"post-217565","1":"product","2":"type-product","3":"status-publish","4":"has-post-thumbnail","6":"product_cat-grouped","8":"first","9":"instock","10":"shipping-taxable","11":"purchasable","12":"product-type-variable","13":"wvs-archive-product-wrapper"},"_links":{"self":[{"href":"https:\/\/baldumarket.lt\/lt\/wp-json\/wp\/v2\/product\/217565","targetHints":{"allow":["GET"]}}],"collection":[{"href":"https:\/\/baldumarket.lt\/lt\/wp-json\/wp\/v2\/product"}],"about":[{"href":"https:\/\/baldumarket.lt\/lt\/wp-json\/wp\/v2\/types\/product"}],"replies":[{"embeddable":true,"href":"https:\/\/baldumarket.lt\/lt\/wp-json\/wp\/v2\/comments?post=217565"}],"wp:featuredmedia":[{"embeddable":true,"href":"https:\/\/baldumarket.lt\/lt\/wp-json\/wp\/v2\/media\/217585"}],"wp:attachment":[{"href":"https:\/\/baldumarket.lt\/lt\/wp-json\/wp\/v2\/media?parent=217565"}],"wp:term":[{"taxonomy":"product_brand","embeddable":true,"href":"https:\/\/baldumarket.lt\/lt\/wp-json\/wp\/v2\/product_brand?post=217565"},{"taxonomy":"product_cat","embeddable":true,"href":"https:\/\/baldumarket.lt\/lt\/wp-json\/wp\/v2\/product_cat?post=217565"},{"taxonomy":"product_tag","embeddable":true,"href":"https:\/\/baldumarket.lt\/lt\/wp-json\/wp\/v2\/product_tag?post=217565"}],"curies":[{"name":"wp","href":"https:\/\/api.w.org\/{rel}","templated":true}]}}