{"id":217535,"date":"2025-12-27T03:45:06","date_gmt":"2025-12-27T00:45:06","guid":{"rendered":"https:\/\/baldumarket.lt\/?post_type=product&#038;p=217535"},"modified":"2026-03-24T12:00:39","modified_gmt":"2026-03-24T09:00:39","slug":"naroznik-rozkladany-prima-gr1","status":"publish","type":"product","link":"https:\/\/baldumarket.lt\/lt\/product\/naroznik-rozkladany-prima-gr1\/","title":{"rendered":"PRIMA Gr1 i\u0161skleid\u017eiama kampin\u0117 sofa"},"content":{"rendered":"<p>PRIMA sulankstoma kampin\u0117 sofa<br \/>\nMatmenys:<br \/>\n\u2013 Plotis: 242 cm<br \/>\n\u2013 Gylis: 163\/96 cm<br \/>\n\u2013 Auk\u0161tis: 92 cm<br \/>\n\u2013 S\u0117dyn\u0117s auk\u0161tis: 47 cm<br \/>\n\u2013 Miegamoji erdv\u0117: 210 x 126 cm<br \/>\n\u2013 Patalyn\u0117: 108 x 60 x 14 cm<br \/>\nMed\u017eiaga:<br \/>\n\u2013 R\u0117mas: pu\u0161ies mediena, medienos plau\u0161\u0173 plok\u0161t\u0117, apmu\u0161al\u0173 kartonas, MDF plok\u0161t\u0117, med\u017eio dro\u017eli\u0173 plok\u0161t\u0117<br \/>\n\u2013 S\u0117dyn\u0117: B tipo zigzago formos spyruokl\u0117s, T28\/30 putplastis, sumu\u0161tinio tipo u\u017epildas<br \/>\n\u2013 Miegojimo funkcija: A tipo zigzago formos spyruokl\u0117s, T25\/42 putplastis<br \/>\n\u2013 Atlo\u0161as: T14\/19 putplastis<br \/>\n\u2013 \u0160onin\u0117 panel\u0117: T16\/20 putplastis<br \/>\n\u2013 Nugaros pagalv\u0117l\u0117s: pl\u0117\u0161ytas putplastis<br \/>\n\u2013 Kojel\u0117s: medin\u0117s, plastikin\u0117s<br \/>\nSavyb\u0117s:<br \/>\n\u2013 Galima \u012fsigyti i\u0161 plataus audini\u0173 asortimento<br \/>\n\u2013 Kojeli\u0173 spalvos pasirinkimas: nat\u016brali, kaimi\u0161ka, ruda arba venge (matomos juodos plastikin\u0117s kojel\u0117s lovos viduje)<br \/>\n\u2013 DL miego funkcija<br \/>\n\u2013 Patalyn\u0117s laikymo vieta<br \/>\n\u00a0<\/p>","protected":false},"excerpt":{"rendered":"<p>Sulankstomos kampin\u0117s sofos PRIMA matmenys: \u2013 Plotis: 242 cm \u2013 Gylis: 163\/96 cm \u2013 Auk\u0161tis: 92 cm \u2013 S\u0117dyn\u0117s auk\u0161tis: 47 cm \u2013 Miegamoji dalis: 210 x 126 cm \u2013 Patalyn\u0117: 108 x 60 x 14 cm Med\u017eiaga: \u2013 R\u0117mas: pu\u0161ies mediena, medienos plau\u0161\u0173 plok\u0161t\u0117, apmu\u0161al\u0173 kartonas, MDF plok\u0161t\u0117, med\u017eio dro\u017eli\u0173 plok\u0161t\u0117 \u2013 S\u0117dyn\u0117: B tipo zigzago spyruokl\u0117s, [\u2026]<\/p>","protected":false},"featured_media":217558,"comment_status":"open","ping_status":"closed","template":"","meta":[],"product_brand":[],"product_cat":[9133],"product_tag":[],"class_list":{"0":"post-217535","1":"product","2":"type-product","3":"status-publish","4":"has-post-thumbnail","6":"product_cat-grouped","8":"first","9":"instock","10":"shipping-taxable","11":"purchasable","12":"product-type-variable","13":"wvs-archive-product-wrapper"},"_links":{"self":[{"href":"https:\/\/baldumarket.lt\/lt\/wp-json\/wp\/v2\/product\/217535","targetHints":{"allow":["GET"]}}],"collection":[{"href":"https:\/\/baldumarket.lt\/lt\/wp-json\/wp\/v2\/product"}],"about":[{"href":"https:\/\/baldumarket.lt\/lt\/wp-json\/wp\/v2\/types\/product"}],"replies":[{"embeddable":true,"href":"https:\/\/baldumarket.lt\/lt\/wp-json\/wp\/v2\/comments?post=217535"}],"wp:featuredmedia":[{"embeddable":true,"href":"https:\/\/baldumarket.lt\/lt\/wp-json\/wp\/v2\/media\/217558"}],"wp:attachment":[{"href":"https:\/\/baldumarket.lt\/lt\/wp-json\/wp\/v2\/media?parent=217535"}],"wp:term":[{"taxonomy":"product_brand","embeddable":true,"href":"https:\/\/baldumarket.lt\/lt\/wp-json\/wp\/v2\/product_brand?post=217535"},{"taxonomy":"product_cat","embeddable":true,"href":"https:\/\/baldumarket.lt\/lt\/wp-json\/wp\/v2\/product_cat?post=217535"},{"taxonomy":"product_tag","embeddable":true,"href":"https:\/\/baldumarket.lt\/lt\/wp-json\/wp\/v2\/product_tag?post=217535"}],"curies":[{"name":"wp","href":"https:\/\/api.w.org\/{rel}","templated":true}]}}