{"id":217534,"date":"2025-12-27T03:45:05","date_gmt":"2025-12-27T00:45:05","guid":{"rendered":"https:\/\/baldumarket.lt\/?post_type=product&#038;p=217534"},"modified":"2026-02-03T23:13:39","modified_gmt":"2026-02-03T20:13:39","slug":"sofa-3-osobowa-rozkladana-espania","status":"publish","type":"product","link":"https:\/\/baldumarket.lt\/lt\/product\/sofa-3-osobowa-rozkladana-espania\/","title":{"rendered":"ESPANIA triviet\u0117 sofa-lova"},"content":{"rendered":"<p>ESPANIA triviet\u0117 sofa-lova<br \/>\n\u00a0\u00a0<br \/>\nMatmenys:<br \/>\n\u2013 Plotis: 257 cm<br \/>\n\u2013 Gylis: 108 cm<br \/>\n\u2013 Auk\u0161tis: 94 cm<br \/>\n\u2013 Miegamoji erdv\u0117: 222 \u00d7 155 cm<br \/>\nSavyb\u0117s ir konstrukcija:<br \/>\n\u2013 R\u0117mas: pu\u0161ies mediena, med\u017eio dro\u017eli\u0173 plok\u0161t\u0117, medienos plau\u0161\u0173 plok\u0161t\u0117, MDF plok\u0161t\u0117, apmu\u0161al\u0173 kartonas<br \/>\n\u2013 S\u0117dyn\u0117: B tipo banguotos spyruokl\u0117s, sumu\u0161tinio tipo u\u017epildas (T28\/30 putplastis + HR 30\/10 putplastis)<br \/>\n\u2013 Miegojimo funkcija (atlo\u0161as): A tipo banguotos spyruokl\u0117s, T28\/30 putplastis<br \/>\n\u2013 Atlo\u0161as: T16\/20 putplastis<br \/>\n\u2013 Porankis: T16\/20 putplastis<br \/>\n\u2013 Atlo\u0161o pagalv\u0117l\u0117s: silikonin\u0117s<br \/>\n\u2013 Kojel\u0117s: plastikin\u0117s<br \/>\n\u2013 DL miego funkcija<br \/>\n\u2013 Patalyn\u0117s laikymo vieta<br \/>\n\u2013 Galima \u012fsigyti i\u0161 plataus audini\u0173 asortimento<\/p>","protected":false},"excerpt":{"rendered":"<p>ESPANIA triviet\u0117 sofa-lova Matmenys: \u2013 Plotis: 257 cm \u2013 Gylis: 108 cm \u2013 Auk\u0161tis: 94 cm \u2013 Miegamoji erdv\u0117: 222 \u00d7 155 cm Savyb\u0117s ir konstrukcija: \u2013 R\u0117mas: pu\u0161ies mediena, med\u017eio dro\u017eli\u0173 plok\u0161t\u0117, pluo\u0161to plok\u0161t\u0117, MDF plok\u0161t\u0117, apmu\u0161al\u0173 kartonas \u2013 S\u0117dyn\u0117: B tipo banguotos spyruokl\u0117s, sumu\u0161tinio u\u017epildas (T28\/30 putplastis + HR 30\/10 putplastis) \u2013 Miegamoji funkcija (atlo\u0161as): Tipas [\u2026]<\/p>","protected":false},"featured_media":217550,"comment_status":"open","ping_status":"closed","template":"","meta":[],"product_brand":[],"product_cat":[7905,560],"product_tag":[],"class_list":{"0":"post-217534","1":"product","2":"type-product","3":"status-publish","4":"has-post-thumbnail","6":"product_cat-benix","7":"product_cat-sofas-and-couches","9":"first","10":"instock","11":"shipping-taxable","12":"product-type-grouped"},"_links":{"self":[{"href":"https:\/\/baldumarket.lt\/lt\/wp-json\/wp\/v2\/product\/217534","targetHints":{"allow":["GET"]}}],"collection":[{"href":"https:\/\/baldumarket.lt\/lt\/wp-json\/wp\/v2\/product"}],"about":[{"href":"https:\/\/baldumarket.lt\/lt\/wp-json\/wp\/v2\/types\/product"}],"replies":[{"embeddable":true,"href":"https:\/\/baldumarket.lt\/lt\/wp-json\/wp\/v2\/comments?post=217534"}],"wp:featuredmedia":[{"embeddable":true,"href":"https:\/\/baldumarket.lt\/lt\/wp-json\/wp\/v2\/media\/217550"}],"wp:attachment":[{"href":"https:\/\/baldumarket.lt\/lt\/wp-json\/wp\/v2\/media?parent=217534"}],"wp:term":[{"taxonomy":"product_brand","embeddable":true,"href":"https:\/\/baldumarket.lt\/lt\/wp-json\/wp\/v2\/product_brand?post=217534"},{"taxonomy":"product_cat","embeddable":true,"href":"https:\/\/baldumarket.lt\/lt\/wp-json\/wp\/v2\/product_cat?post=217534"},{"taxonomy":"product_tag","embeddable":true,"href":"https:\/\/baldumarket.lt\/lt\/wp-json\/wp\/v2\/product_tag?post=217534"}],"curies":[{"name":"wp","href":"https:\/\/api.w.org\/{rel}","templated":true}]}}