{"id":217512,"date":"2025-12-27T03:43:56","date_gmt":"2025-12-27T00:43:56","guid":{"rendered":"https:\/\/baldumarket.lt\/?post_type=product&#038;p=217512"},"modified":"2026-02-03T23:13:40","modified_gmt":"2026-02-03T20:13:40","slug":"naroznik-rozkladany-taremi","status":"publish","type":"product","link":"https:\/\/baldumarket.lt\/lt\/product\/naroznik-rozkladany-taremi\/","title":{"rendered":"TAREMI i\u0161skleid\u017eiama kampin\u0117 sofa"},"content":{"rendered":"<p>TAREMI sulankstoma kampin\u0117 sofa<br \/>\n\u00a0\u00a0<br \/>\nMatmenys:<br \/>\n\u2013 Plotis: 267 cm<br \/>\n\u2013 Gylis: 185 cm<br \/>\n\u2013 Auk\u0161tis: 90 cm<br \/>\n\u2013 S\u0117dyn\u0117s auk\u0161tis: 44 cm<br \/>\n\u2013 Miegamoji erdv\u0117: 127 x 226 cm<br \/>\n\u2013 Patalyn\u0117: 138 x 65 x 22,5 cm<br \/>\n\u2013 Pagalv\u0117 A: 69 x 45 x 23 cm<br \/>\n\u2013 Pagalv\u0117 B: 86 x 45 x 23 cm<br \/>\n\u2013 Pagalv\u0117s C matmenys: 86\/97 x 45 x 23 cm<br \/>\nSavyb\u0117s ir konstrukcija:<br \/>\n\u2013 R\u0117mas: pu\u0161ies mediena, med\u017eio dro\u017eli\u0173 plok\u0161t\u0117, medienos plau\u0161\u0173 plok\u0161t\u0117, MDF, apmu\u0161al\u0173 kartonas, fanera<br \/>\n\u2013 S\u0117dyn\u0117: B tipo zigzago formos spyruokl\u0117s, T28\/30 putplastis<br \/>\n\u2013 Miegojimo funkcija (atlo\u0161as): A tipo zigzago formos spyruokl\u0117s, T25\/42 putplastis<br \/>\n\u2013 Atlo\u0161as: T16\/20 putplastis<br \/>\n\u2013 \u0160onai: T16\/20 putplastis<br \/>\n\u2013 Nugaros pagalv\u0117l\u0117s: pl\u0117\u0161ytas putplastis<br \/>\n\u2013 Kojel\u0117s: metalas, plastikas<br \/>\n\u2013 DL miego funkcija<br \/>\n\u2013 1 patalyn\u0117s laikymo skyrius<br \/>\n\u2013 Universali kampin\u0117 sofa: galima montuoti de\u0161in\u0117je arba kair\u0117je pus\u0117je<br \/>\n\u2013 Galima \u012fsigyti i\u0161 plataus audini\u0173 asortimento<br \/>\nSvoris: 119,3 kg<\/p>","protected":false},"excerpt":{"rendered":"<p>TAREMI sulankstomos kampin\u0117s sofos matmenys: \u2013 Plotis: 267 cm \u2013 Gylis: 185 cm \u2013 Auk\u0161tis: 90 cm \u2013 S\u0117dyn\u0117s auk\u0161tis: 44 cm \u2013 Miegamoji dalis: 127 x 226 cm \u2013 Patalyn\u0117: 138 x 65 x 22,5 cm \u2013 Pagalv\u0117 A: 69 x 45 x 23 cm \u2013 Pagalv\u0117 B: 86 x 45 x [\u2026]<\/p>","protected":false},"featured_media":217526,"comment_status":"open","ping_status":"closed","template":"","meta":[],"product_brand":[],"product_cat":[7905,616,1983],"product_tag":[],"class_list":{"0":"post-217512","1":"product","2":"type-product","3":"status-publish","4":"has-post-thumbnail","6":"product_cat-benix","7":"product_cat-corners","8":"product_cat-corners-l","10":"first","11":"instock","12":"shipping-taxable","13":"product-type-grouped"},"_links":{"self":[{"href":"https:\/\/baldumarket.lt\/lt\/wp-json\/wp\/v2\/product\/217512","targetHints":{"allow":["GET"]}}],"collection":[{"href":"https:\/\/baldumarket.lt\/lt\/wp-json\/wp\/v2\/product"}],"about":[{"href":"https:\/\/baldumarket.lt\/lt\/wp-json\/wp\/v2\/types\/product"}],"replies":[{"embeddable":true,"href":"https:\/\/baldumarket.lt\/lt\/wp-json\/wp\/v2\/comments?post=217512"}],"wp:featuredmedia":[{"embeddable":true,"href":"https:\/\/baldumarket.lt\/lt\/wp-json\/wp\/v2\/media\/217526"}],"wp:attachment":[{"href":"https:\/\/baldumarket.lt\/lt\/wp-json\/wp\/v2\/media?parent=217512"}],"wp:term":[{"taxonomy":"product_brand","embeddable":true,"href":"https:\/\/baldumarket.lt\/lt\/wp-json\/wp\/v2\/product_brand?post=217512"},{"taxonomy":"product_cat","embeddable":true,"href":"https:\/\/baldumarket.lt\/lt\/wp-json\/wp\/v2\/product_cat?post=217512"},{"taxonomy":"product_tag","embeddable":true,"href":"https:\/\/baldumarket.lt\/lt\/wp-json\/wp\/v2\/product_tag?post=217512"}],"curies":[{"name":"wp","href":"https:\/\/api.w.org\/{rel}","templated":true}]}}