{"id":217490,"date":"2025-12-27T03:42:37","date_gmt":"2025-12-27T00:42:37","guid":{"rendered":"https:\/\/baldumarket.lt\/?post_type=product&#038;p=217490"},"modified":"2026-03-24T12:16:13","modified_gmt":"2026-03-24T09:16:13","slug":"promocja-lozko-z-pojemnikiem-cleo-tkanina-lincoln-ambience-gr5","status":"publish","type":"product","link":"https:\/\/baldumarket.lt\/lt\/product\/promocja-lozko-z-pojemnikiem-cleo-tkanina-lincoln-ambience-gr5\/","title":{"rendered":"AKCIJA \u2013 CLEO lova su daiktad\u0117\u017ee \u2013 Lincoln\/Ambience Gr5 audinys"},"content":{"rendered":"<p>AKCIJA \u2013 CLEO lova su daiktad\u0117\u017ee \u2013 Lincoln \/ Ambience audinys<br \/>\nLovos su reklaminiais \u201eLincoln\u201c apmu\u0161alais, kurios dydis 140 x 200 cm, kaina<br \/>\nMatmenys:<br \/>\n\u2013 Ilgis: 212 cm<br \/>\n\u2013 Plotis: 146 \/ 166 \/ 186 cm<br \/>\n\u2013 Auk\u0161tis: 120 cm<br \/>\n\u2013 D\u0117\u017eut\u0117s auk\u0161tis: 46 cm<br \/>\n\u2013 Kojel\u0117s auk\u0161tis: 15 cm<br \/>\n\u2013 Patalynei skirta vieta: 139 \/ 159 \/ 179 x 200 x 17 cm<br \/>\nGalimos miegamosios vietos:<br \/>\n\u2013 140 x 200 cm<br \/>\n\u2013 160 x 200 cm<br \/>\n\u2013 180 x 200 cm<br \/>\nKonstrukcija:<br \/>\n\u2013 Galv\u016bgalio konstrukcija: med\u017eio dro\u017eli\u0173 plok\u0161t\u0117, MDF, pluo\u0161to plok\u0161t\u0117, T16\/20 putplastis<br \/>\n\u2013 Koj\u016bgalio ir \u0161on\u0173 konstrukcija: MDF, T16\/20 putplastis<br \/>\n\u2013 R\u0117mas: metalinis r\u0117mas su spyruoklin\u0117mis lentel\u0117mis (48 vnt.), pakeliamas i\u0161 apa\u010dios<br \/>\n\u2013 Keliamoji galia: dujin\u0117 (1000 N)<br \/>\n\u2013 Kojel\u0117s: metalas, plastikas<br \/>\nSavyb\u0117s:<br \/>\n\u2013 R\u0117mas pridedamas<br \/>\n\u2013 Maksimali patalyn\u0117s konteinerio apkrova: 7 kg<br \/>\n\u2013 \u010ciu\u017einys ne\u012fskai\u010diuotas<\/p>","protected":false},"excerpt":{"rendered":"<p>AKCIJA \u2013 CLEO lova su daiktad\u0117\u017ee \u2013 Lincoln \/ Ambience audinys Lovos su reklaminiu Lincoln apmu\u0161alu ir 140 x 200 cm dyd\u017eio kaina Matmenys: \u2013 Ilgis: 212 cm \u2013 Plotis: 146 \/ 166 \/ 186 cm \u2013 Auk\u0161tis: 120 cm \u2013 D\u0117\u017e\u0117s auk\u0161tis: 46 cm \u2013 Kojeli\u0173 auk\u0161tis: 15 cm \u2013 [\u2026]<\/p>","protected":false},"featured_media":217515,"comment_status":"open","ping_status":"closed","template":"","meta":[],"product_brand":[],"product_cat":[9133],"product_tag":[],"class_list":{"0":"post-217490","1":"product","2":"type-product","3":"status-publish","4":"has-post-thumbnail","6":"product_cat-grouped","8":"first","9":"instock","10":"shipping-taxable","11":"purchasable","12":"product-type-variable","13":"wvs-archive-product-wrapper"},"_links":{"self":[{"href":"https:\/\/baldumarket.lt\/lt\/wp-json\/wp\/v2\/product\/217490","targetHints":{"allow":["GET"]}}],"collection":[{"href":"https:\/\/baldumarket.lt\/lt\/wp-json\/wp\/v2\/product"}],"about":[{"href":"https:\/\/baldumarket.lt\/lt\/wp-json\/wp\/v2\/types\/product"}],"replies":[{"embeddable":true,"href":"https:\/\/baldumarket.lt\/lt\/wp-json\/wp\/v2\/comments?post=217490"}],"wp:featuredmedia":[{"embeddable":true,"href":"https:\/\/baldumarket.lt\/lt\/wp-json\/wp\/v2\/media\/217515"}],"wp:attachment":[{"href":"https:\/\/baldumarket.lt\/lt\/wp-json\/wp\/v2\/media?parent=217490"}],"wp:term":[{"taxonomy":"product_brand","embeddable":true,"href":"https:\/\/baldumarket.lt\/lt\/wp-json\/wp\/v2\/product_brand?post=217490"},{"taxonomy":"product_cat","embeddable":true,"href":"https:\/\/baldumarket.lt\/lt\/wp-json\/wp\/v2\/product_cat?post=217490"},{"taxonomy":"product_tag","embeddable":true,"href":"https:\/\/baldumarket.lt\/lt\/wp-json\/wp\/v2\/product_tag?post=217490"}],"curies":[{"name":"wp","href":"https:\/\/api.w.org\/{rel}","templated":true}]}}