{"id":217477,"date":"2025-12-27T03:41:52","date_gmt":"2025-12-27T00:41:52","guid":{"rendered":"https:\/\/baldumarket.lt\/?post_type=product&#038;p=217477"},"modified":"2026-03-24T12:19:19","modified_gmt":"2026-03-24T09:19:19","slug":"sofa-3-osobowa-leto-gr6","status":"publish","type":"product","link":"https:\/\/baldumarket.lt\/lt\/product\/sofa-3-osobowa-leto-gr6\/","title":{"rendered":"Triviet\u0117 sofa LETO Gr6"},"content":{"rendered":"<p>LETO triviet\u0117 sofa<br \/>\nMatmenys:<br \/>\n\u2013 Plotis: 233 cm<br \/>\n\u2013 Gylis: 104 cm<br \/>\n\u2013 Auk\u0161tis: 76\/91 cm<br \/>\n\u2013 S\u0117dyn\u0117s gylis: 85\/64 cm<br \/>\n\u2013 S\u0117dyn\u0117s auk\u0161tis: 44 cm<br \/>\n\u2013 Porankio auk\u0161tis: 69 cm<br \/>\n\u2013 Miegamoji erdv\u0117: 155 x 196 cm<br \/>\n\u2013 Patalyn\u0117 daiktams laikyti: 193 x 61 x 22 cm<br \/>\nSavyb\u0117s ir dizainas:<br \/>\n\u2013 R\u0117mas: pu\u0161ies mediena, HDF plok\u0161t\u0117, MDF plok\u0161t\u0117, medienos plau\u0161\u0173 plok\u0161t\u0117, med\u017eio dro\u017eli\u0173 plok\u0161t\u0117<br \/>\n\u2013 S\u0117dyn\u0117: B tipo zigzago formos spyruokl\u0117s, T28\/30 putplastis<br \/>\n\u2013 Miegojimo funkcija: B tipo zigzago formos spyruokl\u0117s, T28\/30 putplastis (DL tipo)<br \/>\n\u2013 Atlo\u0161as: T14\/19 putplastis<br \/>\n\u2013 \u0160onas: T16\/20 putplastis<br \/>\n\u2013 Pagalv\u0117l\u0117s atlo\u0161ui: pl\u0117\u0161ytas putplastis<br \/>\n\u2013 Kojel\u0117s: plastikin\u0117s<br \/>\nSvoris: 87,7 kg<\/p>","protected":false},"excerpt":{"rendered":"<p>LETO triviet\u0117s sofos matmenys: \u2013 Plotis: 233 cm \u2013 Gylis: 104 cm \u2013 Auk\u0161tis: 76\/91 cm \u2013 S\u0117dyn\u0117s gylis: 85\/64 cm \u2013 S\u0117dyn\u0117s auk\u0161tis: 44 cm \u2013 Poranki\u0173 auk\u0161tis: 69 cm \u2013 Miegamoji zona: 155 x 196 cm \u2013 Patalyn\u0117: 193 x 61 x 22 cm Savyb\u0117s ir dizainas: \u2013 R\u0117mas: pu\u0161ies mediena, HDF plok\u0161t\u0117, [\u2026]<\/p>","protected":false},"featured_media":217491,"comment_status":"open","ping_status":"closed","template":"","meta":[],"product_brand":[],"product_cat":[9133],"product_tag":[],"class_list":{"0":"post-217477","1":"product","2":"type-product","3":"status-publish","4":"has-post-thumbnail","6":"product_cat-grouped","8":"first","9":"instock","10":"shipping-taxable","11":"purchasable","12":"product-type-variable","13":"wvs-archive-product-wrapper"},"_links":{"self":[{"href":"https:\/\/baldumarket.lt\/lt\/wp-json\/wp\/v2\/product\/217477","targetHints":{"allow":["GET"]}}],"collection":[{"href":"https:\/\/baldumarket.lt\/lt\/wp-json\/wp\/v2\/product"}],"about":[{"href":"https:\/\/baldumarket.lt\/lt\/wp-json\/wp\/v2\/types\/product"}],"replies":[{"embeddable":true,"href":"https:\/\/baldumarket.lt\/lt\/wp-json\/wp\/v2\/comments?post=217477"}],"wp:featuredmedia":[{"embeddable":true,"href":"https:\/\/baldumarket.lt\/lt\/wp-json\/wp\/v2\/media\/217491"}],"wp:attachment":[{"href":"https:\/\/baldumarket.lt\/lt\/wp-json\/wp\/v2\/media?parent=217477"}],"wp:term":[{"taxonomy":"product_brand","embeddable":true,"href":"https:\/\/baldumarket.lt\/lt\/wp-json\/wp\/v2\/product_brand?post=217477"},{"taxonomy":"product_cat","embeddable":true,"href":"https:\/\/baldumarket.lt\/lt\/wp-json\/wp\/v2\/product_cat?post=217477"},{"taxonomy":"product_tag","embeddable":true,"href":"https:\/\/baldumarket.lt\/lt\/wp-json\/wp\/v2\/product_tag?post=217477"}],"curies":[{"name":"wp","href":"https:\/\/api.w.org\/{rel}","templated":true}]}}