{"id":217466,"date":"2025-12-27T03:41:10","date_gmt":"2025-12-27T00:41:10","guid":{"rendered":"https:\/\/baldumarket.lt\/?post_type=product&#038;p=217466"},"modified":"2026-02-03T23:13:43","modified_gmt":"2026-02-03T20:13:43","slug":"naroznik-madeira-program-2rp","status":"publish","type":"product","link":"https:\/\/baldumarket.lt\/lt\/product\/naroznik-madeira-program-2rp\/","title":{"rendered":"MADEIRA kampin\u0117 sofa \u2013 2RP programa"},"content":{"rendered":"<p>Kampin\u0117 sofa \u201eMadeira\u201c \u2013 tai unikalus baldas, alsuojantis prabanga ir sprendimais, puikiai prisitaikan\u010diais prie m\u016bs\u0173 poreiki\u0173. Sofa ne tik gra\u017ei, bet ir labai funkcionali, o pastatyta svetain\u0117s centre gali visi\u0161kai pakeisti jos charakter\u012f. D\u0117l miegojimo funkcijos sofa leid\u017eia visi\u0161kai pails\u0117ti net nakt\u012f. Sofa i\u0161siskleid\u017eia patogios \u201eDelfin\u201c sistemos pagalba \u2013 tereikia i\u0161traukti ve\u017eim\u0117l\u012f i\u0161 po s\u0117dyn\u0117s ir pakelti \u010diu\u017ein\u012f. Be to, sofoje yra erdvus patalyn\u0117s skyrius. Matmenys:<br \/>\n\u2013 Plotis: 277 cm<br \/>\n\u2013 Plotis 2: 245 cm<br \/>\n\u2013 \u016agis: 88\u2013111 cm<br \/>\n\u2013 Gylis: 102 cm<br \/>\n\u2013 Miegamoji erdv\u0117: 208 x 136 cm<br \/>\nSavyb\u0117s ir dizainas:<br \/>\n\u2013 Moderni kampin\u0117 sofa su miegojimo funkcija ir daiktad\u0117\u017ee<br \/>\n\u2013 DELFIN miego funkcija<br \/>\n\u2013 \u012e kain\u0105 ne\u012fskai\u010diuotos galvos atramos (galima \u012fsigyti u\u017e papildom\u0105 mokest\u012f)<br \/>\n\u2013 Juosmens pagalv\u0117l\u0117s<br \/>\n\u2013 Reguliuojami porankiai<br \/>\n\u2013 Galima \u012fsigyti i\u0161 plataus apmu\u0161al\u0173 audini\u0173 asortimento<br \/>\n\u2013 R\u0117mas pagamintas i\u0161 pu\u0161ies medienos, med\u017eio dro\u017eli\u0173 plok\u0161t\u0117s arba pluo\u0161to plok\u0161t\u0117s<br \/>\n\u2013 S\u0117dyn\u0117 turi banguot\u0105 spyruokl\u0119 ir poliuretano putas<br \/>\n\u2013 Atlo\u0161as pagamintas i\u0161 putplas\u010dio<br \/>\nPastabos:<br \/>\n\u2013 Standartiniai baldai pagaminti i\u0161 vieno audinio,<br \/>\n\u2013 Kaina nurodyta u\u017e kampin\u0119 sof\u0105 i\u0161 audinio\/eko odos, 1 klas\u0117s,<br \/>\n\u2013 Audinio tipas turi \u012ftakos kampin\u0117s sofos kainai<br \/>\n\u2013 Galvos atrama galima \u012fsigyti u\u017e papildom\u0105 mokest\u012f.\u00a0<br \/>\n\u00a0<br \/>\n\u00a0<br \/>\n\u00a0<br \/>\n\u00a0<\/p>","protected":false},"excerpt":{"rendered":"<p>Kampin\u0117 sofa \u201eMadeira\u201c \u2013 tai unikalus baldas, alsuojantis prabanga ir sprendimais, puikiai prisitaikan\u010diais prie m\u016bs\u0173 poreiki\u0173. Sofa ne tik gra\u017ei, bet ir labai funkcionali, o pastatyta svetain\u0117s centre gali visi\u0161kai pakeisti jos charakter\u012f. D\u0117l miegojimo funkcijos sofa leid\u017eia [\u2026]<\/p>","protected":false},"featured_media":217482,"comment_status":"open","ping_status":"closed","template":"","meta":[],"product_brand":[],"product_cat":[7905,616,1983],"product_tag":[],"class_list":{"0":"post-217466","1":"product","2":"type-product","3":"status-publish","4":"has-post-thumbnail","6":"product_cat-benix","7":"product_cat-corners","8":"product_cat-corners-l","10":"first","11":"instock","12":"shipping-taxable","13":"product-type-grouped"},"_links":{"self":[{"href":"https:\/\/baldumarket.lt\/lt\/wp-json\/wp\/v2\/product\/217466","targetHints":{"allow":["GET"]}}],"collection":[{"href":"https:\/\/baldumarket.lt\/lt\/wp-json\/wp\/v2\/product"}],"about":[{"href":"https:\/\/baldumarket.lt\/lt\/wp-json\/wp\/v2\/types\/product"}],"replies":[{"embeddable":true,"href":"https:\/\/baldumarket.lt\/lt\/wp-json\/wp\/v2\/comments?post=217466"}],"wp:featuredmedia":[{"embeddable":true,"href":"https:\/\/baldumarket.lt\/lt\/wp-json\/wp\/v2\/media\/217482"}],"wp:attachment":[{"href":"https:\/\/baldumarket.lt\/lt\/wp-json\/wp\/v2\/media?parent=217466"}],"wp:term":[{"taxonomy":"product_brand","embeddable":true,"href":"https:\/\/baldumarket.lt\/lt\/wp-json\/wp\/v2\/product_brand?post=217466"},{"taxonomy":"product_cat","embeddable":true,"href":"https:\/\/baldumarket.lt\/lt\/wp-json\/wp\/v2\/product_cat?post=217466"},{"taxonomy":"product_tag","embeddable":true,"href":"https:\/\/baldumarket.lt\/lt\/wp-json\/wp\/v2\/product_tag?post=217466"}],"curies":[{"name":"wp","href":"https:\/\/api.w.org\/{rel}","templated":true}]}}