{"id":217421,"date":"2025-12-27T03:38:33","date_gmt":"2025-12-27T00:38:33","guid":{"rendered":"https:\/\/baldumarket.lt\/?post_type=product&#038;p=217421"},"modified":"2026-03-24T12:06:50","modified_gmt":"2026-03-24T09:06:50","slug":"naroznik-santi-gr3","status":"publish","type":"product","link":"https:\/\/baldumarket.lt\/lt\/product\/naroznik-santi-gr3\/","title":{"rendered":"SANTI Gr3 kampin\u0117 sofa"},"content":{"rendered":"<p>SANTI kampin\u0117 sofa<br \/>\n\u00a0<br \/>\nSANTI kampin\u0117 sofa \u2013 tai baldas, kuris puikiai papildys \u012fvairius modernaus stiliaus i\u0161d\u0117stymus. Be to, \u0161\u012f model\u012f galima pritaikyti pagal individualius pageidavimus, pasirenkant i\u0161 plataus audini\u0173 asortimento. \u0160is baldas yra ne tik ne\u012ftik\u0117tinai stilingas, bet ir labai funkcionalus. Jis turi reguliuojamas galvos atramas, atlo\u0161us ir porankius, kurie \u017eymiai padidina komfort\u0105. Unikal\u0173 SANTI kampin\u0117s sofos dizain\u0105 taip pat lemia paprastos metalin\u0117s kojel\u0117s, kurios suteikia visam baldui vizualinio lengvumo. Taip pat verta atkreipti d\u0117mes\u012f \u012f \u0161io modelio s\u0117dyn\u0117s u\u017epild\u0105, kur\u012f sudaro putplastis ir B tipo vingiuotos spyruokl\u0117s, kurios prailgins baldo tarnavimo laik\u0105.<br \/>\nMatmenys:<br \/>\n\u2013 Plotis: 290 cm<br \/>\n\u2013 Gylis: 179\u2013187 cm<br \/>\n\u2013 \u016agis: 84\u2013101 cm<br \/>\n\u00a0<br \/>\nSavyb\u0117s ir konstrukcija:<br \/>\n\u2013 R\u0117mas: pu\u0161ies mediena, MDF plok\u0161t\u0117, med\u017eio dro\u017eli\u0173 plok\u0161t\u0117, fanera, apmu\u0161al\u0173 kartonas<br \/>\n\u2013 S\u0117dyn\u0117: B tipo banguota spyruokl\u0117, T28\/30 putplastis<br \/>\n\u2013 Atlo\u0161as: T23\/15 putplastis<br \/>\n\u2013 Porankiai ir galvos atramos: T16\/20 putplastis<br \/>\n\u2013 Kojel\u0117s: metalin\u0117s<br \/>\n\u2013 3 reguliuojamos galvos atramos ir atlo\u0161ai<br \/>\n\u2013 Reguliuojami porankiai<br \/>\n\u00a0<\/p>","protected":false},"excerpt":{"rendered":"<p>SANTI kampin\u0117 sofa SANTI kampin\u0117 sofa \u2013 tai baldas, kuris puikiai papildys \u012fvairius modernaus stiliaus i\u0161d\u0117stymus. Be to, \u0161\u012f model\u012f galima pritaikyti pagal individualius pageidavimus, pasirenkant i\u0161 plataus audini\u0173 asortimento. \u0160is baldas yra ne tik ne\u012ftik\u0117tinai stilingas, bet ir labai funkcionalus. Jis turi reguliuojamas [\u2026]<\/p>","protected":false},"featured_media":217449,"comment_status":"open","ping_status":"closed","template":"","meta":[],"product_brand":[],"product_cat":[9133],"product_tag":[],"class_list":{"0":"post-217421","1":"product","2":"type-product","3":"status-publish","4":"has-post-thumbnail","6":"product_cat-grouped","8":"first","9":"instock","10":"shipping-taxable","11":"purchasable","12":"product-type-variable","13":"wvs-archive-product-wrapper"},"_links":{"self":[{"href":"https:\/\/baldumarket.lt\/lt\/wp-json\/wp\/v2\/product\/217421","targetHints":{"allow":["GET"]}}],"collection":[{"href":"https:\/\/baldumarket.lt\/lt\/wp-json\/wp\/v2\/product"}],"about":[{"href":"https:\/\/baldumarket.lt\/lt\/wp-json\/wp\/v2\/types\/product"}],"replies":[{"embeddable":true,"href":"https:\/\/baldumarket.lt\/lt\/wp-json\/wp\/v2\/comments?post=217421"}],"wp:featuredmedia":[{"embeddable":true,"href":"https:\/\/baldumarket.lt\/lt\/wp-json\/wp\/v2\/media\/217449"}],"wp:attachment":[{"href":"https:\/\/baldumarket.lt\/lt\/wp-json\/wp\/v2\/media?parent=217421"}],"wp:term":[{"taxonomy":"product_brand","embeddable":true,"href":"https:\/\/baldumarket.lt\/lt\/wp-json\/wp\/v2\/product_brand?post=217421"},{"taxonomy":"product_cat","embeddable":true,"href":"https:\/\/baldumarket.lt\/lt\/wp-json\/wp\/v2\/product_cat?post=217421"},{"taxonomy":"product_tag","embeddable":true,"href":"https:\/\/baldumarket.lt\/lt\/wp-json\/wp\/v2\/product_tag?post=217421"}],"curies":[{"name":"wp","href":"https:\/\/api.w.org\/{rel}","templated":true}]}}