{"id":217414,"date":"2025-12-27T03:37:58","date_gmt":"2025-12-27T00:37:58","guid":{"rendered":"https:\/\/baldumarket.lt\/?post_type=product&#038;p=217414"},"modified":"2026-02-03T23:13:46","modified_gmt":"2026-02-03T20:13:46","slug":"naroznik-z-wysuwanym-siedziskiem-arles","status":"publish","type":"product","link":"https:\/\/baldumarket.lt\/lt\/product\/naroznik-z-wysuwanym-siedziskiem-arles\/","title":{"rendered":"ARLES kampin\u0117 sofa su i\u0161skleid\u017eiama s\u0117dyne"},"content":{"rendered":"<p>ARLES kampin\u0117 sofa su i\u0161skleid\u017eiama s\u0117dyne<br \/>\nMatmenys:<br \/>\n\u2013 Plotis: 281 cm<br \/>\n\u2013 Gylis: 214 cm<br \/>\n\u2013 Auk\u0161tis: 81\/96 cm<br \/>\n\u2013 S\u0117dyn\u0117s gylis: 67\/87 cm<br \/>\n\u2013 S\u0117dyn\u0117s auk\u0161tis: 48 cm<br \/>\nSavyb\u0117s ir dizainas:<br \/>\n\u2013 R\u0117mas: pu\u0161ies mediena, med\u017eio dro\u017eli\u0173 plok\u0161t\u0117, MDF plok\u0161t\u0117, medienos plau\u0161\u0173 plok\u0161t\u0117, fanera, apmu\u0161al\u0173 kartonas<br \/>\n\u2013 S\u0117dyn\u0117: Zigzago tipo B spyruokl\u0117s, T28\/30 putplastis<br \/>\n\u2013 Atlo\u0161as: T23\/15 putplastis<br \/>\n\u2013 \u0160onin\u0117 panel\u0117: T16\/20 putplastis<br \/>\n\u2013 Kojel\u0117s: metalin\u0117s<br \/>\n\u2013 Dekoratyvin\u0117s juostel\u0117s: \u0105\u017euolo mediena<br \/>\n\u2013 Reguliuojama galvos atrama x3<br \/>\n\u2013 Elektrinis s\u0117dyn\u0117s prailginimas x1<br \/>\n\u2013 Stumdomas atlo\u0161as x1<br \/>\n\u2013 Galima \u012fsigyti i\u0161 plataus audini\u0173 asortimento<br \/>\nSvoris: 123,5 kg<\/p>","protected":false},"excerpt":{"rendered":"<p>ARLES kampin\u0117s sofos su i\u0161skleid\u017eiama s\u0117dyne Matmenys: \u2013 Plotis: 281 cm \u2013 Gylis: 214 cm \u2013 Auk\u0161tis: 81\/96 cm \u2013 S\u0117dyn\u0117s gylis: 67\/87 cm \u2013 S\u0117dyn\u0117s auk\u0161tis: 48 cm Savyb\u0117s ir dizainas: \u2013 R\u0117mas: pu\u0161ies mediena, med\u017eio dro\u017eli\u0173 plok\u0161t\u0117, MDF plok\u0161t\u0117, medienos plau\u0161\u0173 plok\u0161t\u0117, fanera, apmu\u0161al\u0173 kartonas \u2013 S\u0117dyn\u0117: zigzago tipo B spyruokl\u0117s, T28\/30 putplastis \u2013 Atlo\u0161as: T23\/15 putplastis [\u2026]<\/p>","protected":false},"featured_media":217424,"comment_status":"open","ping_status":"closed","template":"","meta":[],"product_brand":[],"product_cat":[7905,616,1983],"product_tag":[],"class_list":{"0":"post-217414","1":"product","2":"type-product","3":"status-publish","4":"has-post-thumbnail","6":"product_cat-benix","7":"product_cat-corners","8":"product_cat-corners-l","10":"first","11":"instock","12":"shipping-taxable","13":"product-type-grouped"},"_links":{"self":[{"href":"https:\/\/baldumarket.lt\/lt\/wp-json\/wp\/v2\/product\/217414","targetHints":{"allow":["GET"]}}],"collection":[{"href":"https:\/\/baldumarket.lt\/lt\/wp-json\/wp\/v2\/product"}],"about":[{"href":"https:\/\/baldumarket.lt\/lt\/wp-json\/wp\/v2\/types\/product"}],"replies":[{"embeddable":true,"href":"https:\/\/baldumarket.lt\/lt\/wp-json\/wp\/v2\/comments?post=217414"}],"wp:featuredmedia":[{"embeddable":true,"href":"https:\/\/baldumarket.lt\/lt\/wp-json\/wp\/v2\/media\/217424"}],"wp:attachment":[{"href":"https:\/\/baldumarket.lt\/lt\/wp-json\/wp\/v2\/media?parent=217414"}],"wp:term":[{"taxonomy":"product_brand","embeddable":true,"href":"https:\/\/baldumarket.lt\/lt\/wp-json\/wp\/v2\/product_brand?post=217414"},{"taxonomy":"product_cat","embeddable":true,"href":"https:\/\/baldumarket.lt\/lt\/wp-json\/wp\/v2\/product_cat?post=217414"},{"taxonomy":"product_tag","embeddable":true,"href":"https:\/\/baldumarket.lt\/lt\/wp-json\/wp\/v2\/product_tag?post=217414"}],"curies":[{"name":"wp","href":"https:\/\/api.w.org\/{rel}","templated":true}]}}