{"id":217390,"date":"2025-12-27T03:36:32","date_gmt":"2025-12-27T00:36:32","guid":{"rendered":"https:\/\/baldumarket.lt\/?post_type=product&#038;p=217390"},"modified":"2026-03-24T12:16:13","modified_gmt":"2026-03-24T09:16:13","slug":"pufa-laguna-duza-gr5","status":"publish","type":"product","link":"https:\/\/baldumarket.lt\/lt\/product\/pufa-laguna-duza-gr5\/","title":{"rendered":"LAGUNA pufas dideli Gr5"},"content":{"rendered":"<p>LAGUNA didelis pufas<br \/>\nMatmenys:<br \/>\n\u2013 Plotis: 111 cm<br \/>\n\u2013 Gylis: 64 cm<br \/>\n\u2013 Auk\u0161tis: 47 cm<br \/>\nSavyb\u0117s ir konstrukcija:<br \/>\n\u2013 R\u0117mas: pu\u0161ies mediena, med\u017eio dro\u017eli\u0173 plok\u0161t\u0117, medienos plau\u0161\u0173 plok\u0161t\u0117<br \/>\n\u2013 S\u0117dyn\u0117: ki\u0161enin\u0117s spyruokl\u0117s, T35\/45 putplastis<br \/>\n\u2013 Kojel\u0117s: metalin\u0117s<br \/>\n\u2013 Galima \u012fsigyti i\u0161 plataus audini\u0173 asortimento<br \/>\nSvoris: 21,5 kg<\/p>","protected":false},"excerpt":{"rendered":"<p>LAGUNA didelio pufo matmenys: \u2013 Plotis: 111 cm \u2013 Gylis: 64 cm \u2013 Auk\u0161tis: 47 cm Savyb\u0117s ir konstrukcija: \u2013 R\u0117mas: pu\u0161ies mediena, med\u017eio dro\u017eli\u0173 plok\u0161t\u0117, medienos plau\u0161\u0173 plok\u0161t\u0117 \u2013 S\u0117dimoji dalis: ki\u0161enin\u0117s spyruokl\u0117s, T35\/45 putplastis \u2013 Kojel\u0117s: metalin\u0117s \u2013 Galima rinktis i\u0161 \u012fvairi\u0173 audini\u0173 Svoris: 21,5 kg<\/p>","protected":false},"featured_media":217415,"comment_status":"open","ping_status":"closed","template":"","meta":[],"product_brand":[],"product_cat":[9133],"product_tag":[],"class_list":{"0":"post-217390","1":"product","2":"type-product","3":"status-publish","4":"has-post-thumbnail","6":"product_cat-grouped","8":"first","9":"instock","10":"shipping-taxable","11":"purchasable","12":"product-type-variable","13":"wvs-archive-product-wrapper"},"_links":{"self":[{"href":"https:\/\/baldumarket.lt\/lt\/wp-json\/wp\/v2\/product\/217390","targetHints":{"allow":["GET"]}}],"collection":[{"href":"https:\/\/baldumarket.lt\/lt\/wp-json\/wp\/v2\/product"}],"about":[{"href":"https:\/\/baldumarket.lt\/lt\/wp-json\/wp\/v2\/types\/product"}],"replies":[{"embeddable":true,"href":"https:\/\/baldumarket.lt\/lt\/wp-json\/wp\/v2\/comments?post=217390"}],"wp:featuredmedia":[{"embeddable":true,"href":"https:\/\/baldumarket.lt\/lt\/wp-json\/wp\/v2\/media\/217415"}],"wp:attachment":[{"href":"https:\/\/baldumarket.lt\/lt\/wp-json\/wp\/v2\/media?parent=217390"}],"wp:term":[{"taxonomy":"product_brand","embeddable":true,"href":"https:\/\/baldumarket.lt\/lt\/wp-json\/wp\/v2\/product_brand?post=217390"},{"taxonomy":"product_cat","embeddable":true,"href":"https:\/\/baldumarket.lt\/lt\/wp-json\/wp\/v2\/product_cat?post=217390"},{"taxonomy":"product_tag","embeddable":true,"href":"https:\/\/baldumarket.lt\/lt\/wp-json\/wp\/v2\/product_tag?post=217390"}],"curies":[{"name":"wp","href":"https:\/\/api.w.org\/{rel}","templated":true}]}}