{"id":217377,"date":"2025-12-27T03:35:52","date_gmt":"2025-12-27T00:35:52","guid":{"rendered":"https:\/\/baldumarket.lt\/?post_type=product&#038;p=217377"},"modified":"2026-02-03T23:13:48","modified_gmt":"2026-02-03T20:13:48","slug":"promocja-naroznik-grenada-tkanina-vogue","status":"publish","type":"product","link":"https:\/\/baldumarket.lt\/lt\/product\/promocja-naroznik-grenada-tkanina-vogue\/","title":{"rendered":"AKCIJA &#8211; GRENADA kampin\u0117 sofa &#8211; Vogue audinys"},"content":{"rendered":"<p>SPECIALUS PASI\u016aLYMAS \u2013 GRENADA kampin\u0117 sofa \u2013 \u201eVogue\u201c audinys<br \/>\n\u00a0\u00a0<br \/>\nKampin\u0117s sofos su reklaminiu \u201eVogue\u201c apmu\u0161alu kaina<br \/>\n\u00a0<br \/>\n\u201eGrenada\u201c kampin\u0117 sofa \u2013 tai modelis, i\u0161siskiriantis i\u0161 kit\u0173 bald\u0173 i\u0161skirtinai eleganti\u0161ku ir moderniu stiliumi, taip pat dideliu funkcionalumu. Tvirta s\u0117dyn\u0117 traukia d\u0117mes\u012f simetri\u0161komis kvadratin\u0117mis si\u016bl\u0117mis, suteikian\u010diomis dizainerio \u017eavesio. Vir\u0161utin\u0117 kampin\u0117s sofos dalis kontrastuoja su plonomis, auk\u0161tomis kojel\u0117mis, suteikdama baldui vizualiai lengvumo poj\u016bt\u012f. Patog\u0173 naudojim\u0105 u\u017etikrina atsipalaidavimo funkcija, reguliuojamas galvos atramos pasvirimas ir elektrinis s\u0117dyn\u0117s reguliavimas. Papildomas kampin\u0117s sofos privalumas, prisidedantis prie jos patvarumo, yra didelio elastingumo put\u0173 ir vingiuot\u0173 spyruokli\u0173 naudojimas. \u0160i prabangi \u201eGrenada\u201c kampin\u0117 sofa tiekiama su \u017ealsvai m\u0117lynu \u201eVogue 12\u201c audiniu u\u017e patraukli\u0105 reklamin\u0119 kain\u0105. Matmenys:<br \/>\n\u2013 Plotis: 276\u2013284 \/ 226\u2013234 cm<br \/>\n\u2013 \u016agis: 89\u2013107 cm<br \/>\n\u2013 Gylis: 109 cm<br \/>\nSavyb\u0117s ir konstrukcija:<br \/>\n\u2013 Zigzago spyruokl\u0117<br \/>\n\u2013 Labai elastingas putplastis<br \/>\n\u2013 Kampin\u0117 sofa su poilsio funkcija<br \/>\n\u2013 Reguliuojamas galvos atramos kampas<br \/>\n\u2013 Elektrinis s\u0117dyn\u0117s reguliavimas<\/p>","protected":false},"excerpt":{"rendered":"<p>SPECIALUS PASI\u016aLYMAS \u2013 GRENADA kampin\u0117 sofa \u2013 \u201eVogue\u201c audinys. Kampin\u0117s sofos su reklaminiu \u201eVogue\u201c apmu\u0161alu kaina. Kampin\u0117 sofa \u201eGrenada\u201c \u2013 tai modelis, kuris i\u0161siskiria i\u0161 kit\u0173 bald\u0173 i\u0161skirtinai eleganti\u0161ku ir moderniu stiliumi bei dideliu funkcionalumu. Tvirta s\u0117dyn\u0117 patraukia d\u0117mes\u012f simetri\u0161ka kvadratine [\u2026]<\/p>","protected":false},"featured_media":217391,"comment_status":"open","ping_status":"closed","template":"","meta":[],"product_brand":[],"product_cat":[7905,616,1983],"product_tag":[],"class_list":{"0":"post-217377","1":"product","2":"type-product","3":"status-publish","4":"has-post-thumbnail","6":"product_cat-benix","7":"product_cat-corners","8":"product_cat-corners-l","10":"first","11":"instock","12":"shipping-taxable","13":"product-type-grouped"},"_links":{"self":[{"href":"https:\/\/baldumarket.lt\/lt\/wp-json\/wp\/v2\/product\/217377","targetHints":{"allow":["GET"]}}],"collection":[{"href":"https:\/\/baldumarket.lt\/lt\/wp-json\/wp\/v2\/product"}],"about":[{"href":"https:\/\/baldumarket.lt\/lt\/wp-json\/wp\/v2\/types\/product"}],"replies":[{"embeddable":true,"href":"https:\/\/baldumarket.lt\/lt\/wp-json\/wp\/v2\/comments?post=217377"}],"wp:featuredmedia":[{"embeddable":true,"href":"https:\/\/baldumarket.lt\/lt\/wp-json\/wp\/v2\/media\/217391"}],"wp:attachment":[{"href":"https:\/\/baldumarket.lt\/lt\/wp-json\/wp\/v2\/media?parent=217377"}],"wp:term":[{"taxonomy":"product_brand","embeddable":true,"href":"https:\/\/baldumarket.lt\/lt\/wp-json\/wp\/v2\/product_brand?post=217377"},{"taxonomy":"product_cat","embeddable":true,"href":"https:\/\/baldumarket.lt\/lt\/wp-json\/wp\/v2\/product_cat?post=217377"},{"taxonomy":"product_tag","embeddable":true,"href":"https:\/\/baldumarket.lt\/lt\/wp-json\/wp\/v2\/product_tag?post=217377"}],"curies":[{"name":"wp","href":"https:\/\/api.w.org\/{rel}","templated":true}]}}