{"id":217364,"date":"2025-12-27T03:35:08","date_gmt":"2025-12-27T00:35:08","guid":{"rendered":"https:\/\/baldumarket.lt\/?post_type=product&#038;p=217364"},"modified":"2026-02-03T23:13:49","modified_gmt":"2026-02-03T20:13:49","slug":"naroznik-rozkladany-pando","status":"publish","type":"product","link":"https:\/\/baldumarket.lt\/lt\/product\/naroznik-rozkladany-pando\/","title":{"rendered":"PANDO i\u0161skleid\u017eiama kampin\u0117 sofa"},"content":{"rendered":"<p>PANDO sulankstoma kampin\u0117 sofa<br \/>\nMatmenys:<br \/>\n\u2013 plotis: 270 cm<br \/>\n\u2013 gylis: 229 cm<br \/>\n\u2013 auk\u0161tis: 78\/95 cm<br \/>\n\u2013 s\u0117dyn\u0117s gylis: 57 cm<br \/>\n\u2013 s\u0117dyn\u0117s auk\u0161tis: 42 cm<br \/>\n\u2013 miegamoji erdv\u0117: 125 x 196 cm<br \/>\nSavyb\u0117s ir dizainas:<br \/>\n\u2013 vingiuotos spyruokl\u0117s<br \/>\n\u2013 putos<br \/>\n\u2013 delfin\u0173 miego funkcija<br \/>\n\u2013 1 patalyn\u0117s laikymo skyrius<br \/>\n\u2013 3 reguliuojamos galvos atramos<br \/>\n\u2013 galima \u012fsigyti i\u0161 plataus audini\u0173 asortimento<\/p>","protected":false},"excerpt":{"rendered":"<p>PANDO sulankstomos kampin\u0117s sofos matmenys: \u2013 plotis: 270 cm \u2013 gylis: 229 cm \u2013 auk\u0161tis: 78\/95 cm \u2013 s\u0117dyn\u0117s gylis: 57 cm \u2013 s\u0117dyn\u0117s auk\u0161tis: 42 cm \u2013 miegamoji dalis: 125 x 196 cm Savyb\u0117s ir dizainas: \u2013 vingiuotos spyruokl\u0117s \u2013 put\u0173 poliuretanas \u2013 delfino miegojimo funkcija \u2013 1 patalyn\u0117s skyrius \u2013 3 reguliuojamos galvos atramos [\u2026]<\/p>","protected":false},"featured_media":217380,"comment_status":"open","ping_status":"closed","template":"","meta":[],"product_brand":[],"product_cat":[7905,616,1983],"product_tag":[],"class_list":{"0":"post-217364","1":"product","2":"type-product","3":"status-publish","4":"has-post-thumbnail","6":"product_cat-benix","7":"product_cat-corners","8":"product_cat-corners-l","10":"first","11":"instock","12":"shipping-taxable","13":"product-type-grouped"},"_links":{"self":[{"href":"https:\/\/baldumarket.lt\/lt\/wp-json\/wp\/v2\/product\/217364","targetHints":{"allow":["GET"]}}],"collection":[{"href":"https:\/\/baldumarket.lt\/lt\/wp-json\/wp\/v2\/product"}],"about":[{"href":"https:\/\/baldumarket.lt\/lt\/wp-json\/wp\/v2\/types\/product"}],"replies":[{"embeddable":true,"href":"https:\/\/baldumarket.lt\/lt\/wp-json\/wp\/v2\/comments?post=217364"}],"wp:featuredmedia":[{"embeddable":true,"href":"https:\/\/baldumarket.lt\/lt\/wp-json\/wp\/v2\/media\/217380"}],"wp:attachment":[{"href":"https:\/\/baldumarket.lt\/lt\/wp-json\/wp\/v2\/media?parent=217364"}],"wp:term":[{"taxonomy":"product_brand","embeddable":true,"href":"https:\/\/baldumarket.lt\/lt\/wp-json\/wp\/v2\/product_brand?post=217364"},{"taxonomy":"product_cat","embeddable":true,"href":"https:\/\/baldumarket.lt\/lt\/wp-json\/wp\/v2\/product_cat?post=217364"},{"taxonomy":"product_tag","embeddable":true,"href":"https:\/\/baldumarket.lt\/lt\/wp-json\/wp\/v2\/product_tag?post=217364"}],"curies":[{"name":"wp","href":"https:\/\/api.w.org\/{rel}","templated":true}]}}