{"id":217337,"date":"2025-12-27T03:33:37","date_gmt":"2025-12-27T00:33:37","guid":{"rendered":"https:\/\/baldumarket.lt\/?post_type=product&#038;p=217337"},"modified":"2026-03-24T12:06:57","modified_gmt":"2026-03-24T09:06:57","slug":"naroznik-rozkladany-candy-gr3","status":"publish","type":"product","link":"https:\/\/baldumarket.lt\/lt\/product\/naroznik-rozkladany-candy-gr3\/","title":{"rendered":"Kampin\u0117 sofa-lova CANDY Gr3"},"content":{"rendered":"<p>CANDY i\u0161skleid\u017eiama kampin\u0117 sofa<br \/>\n\u00a0\u00a0<br \/>\nMatmenys:<br \/>\n\u2013 Plotis: 254\/165 cm<br \/>\n\u2013 Gylis: 94 cm<br \/>\n\u2013 Auk\u0161tis: 74\/86 cm<br \/>\n\u2013 Miegamoji erdv\u0117: 212 \u00d7 121 cm<br \/>\nSavyb\u0117s ir dizainas:<br \/>\n\u2013 Miego funkcija<br \/>\n\u2013 Patalyn\u0117s laikymo vieta<br \/>\n\u2013 \u012emontuotos vingiuotos spyruokl\u0117s<br \/>\n\u2013 Galima \u012fsigyti i\u0161 plataus audini\u0173 asortimento<\/p>","protected":false},"excerpt":{"rendered":"<p>CANDY i\u0161skleid\u017eiamos kampin\u0117s sofos matmenys: \u2013 Plotis: 254\/165 cm \u2013 Gylis: 94 cm \u2013 Auk\u0161tis: 74\/86 cm \u2013 Miegamoji erdv\u0117: 212 \u00d7 121 cm Savyb\u0117s ir dizainas: \u2013 Miegojimo funkcija \u2013 Patalyn\u0117s laikymo vieta \u2013 \u012emontuotos vingiuotos spyruokl\u0117s \u2013 Galima rinktis i\u0161 \u012fvairi\u0173 audini\u0173<\/p>","protected":false},"featured_media":217356,"comment_status":"open","ping_status":"closed","template":"","meta":[],"product_brand":[],"product_cat":[9133],"product_tag":[],"class_list":{"0":"post-217337","1":"product","2":"type-product","3":"status-publish","4":"has-post-thumbnail","6":"product_cat-grouped","8":"first","9":"instock","10":"shipping-taxable","11":"purchasable","12":"product-type-variable","13":"wvs-archive-product-wrapper"},"_links":{"self":[{"href":"https:\/\/baldumarket.lt\/lt\/wp-json\/wp\/v2\/product\/217337","targetHints":{"allow":["GET"]}}],"collection":[{"href":"https:\/\/baldumarket.lt\/lt\/wp-json\/wp\/v2\/product"}],"about":[{"href":"https:\/\/baldumarket.lt\/lt\/wp-json\/wp\/v2\/types\/product"}],"replies":[{"embeddable":true,"href":"https:\/\/baldumarket.lt\/lt\/wp-json\/wp\/v2\/comments?post=217337"}],"wp:featuredmedia":[{"embeddable":true,"href":"https:\/\/baldumarket.lt\/lt\/wp-json\/wp\/v2\/media\/217356"}],"wp:attachment":[{"href":"https:\/\/baldumarket.lt\/lt\/wp-json\/wp\/v2\/media?parent=217337"}],"wp:term":[{"taxonomy":"product_brand","embeddable":true,"href":"https:\/\/baldumarket.lt\/lt\/wp-json\/wp\/v2\/product_brand?post=217337"},{"taxonomy":"product_cat","embeddable":true,"href":"https:\/\/baldumarket.lt\/lt\/wp-json\/wp\/v2\/product_cat?post=217337"},{"taxonomy":"product_tag","embeddable":true,"href":"https:\/\/baldumarket.lt\/lt\/wp-json\/wp\/v2\/product_tag?post=217337"}],"curies":[{"name":"wp","href":"https:\/\/api.w.org\/{rel}","templated":true}]}}