{"id":217331,"date":"2025-12-27T03:33:07","date_gmt":"2025-12-27T00:33:07","guid":{"rendered":"https:\/\/baldumarket.lt\/?post_type=product&#038;p=217331"},"modified":"2026-02-03T23:13:51","modified_gmt":"2026-02-03T20:13:51","slug":"promocja-naroznik-hugo-tkanina-aragon","status":"publish","type":"product","link":"https:\/\/baldumarket.lt\/lt\/product\/promocja-naroznik-hugo-tkanina-aragon\/","title":{"rendered":"AKCIJA &#8211; HUGO kampin\u0117 sofa &#8211; Aragon audinys"},"content":{"rendered":"<p>SPECIALUS PASI\u016aLYMAS \u2013 HUGO kampin\u0117 sofa \u2013 Aragon audinys<br \/>\n\u00a0\u00a0<br \/>\nKampin\u0117s sofos su reklaminiu \u201eAragon\u201c apmu\u0161alu kaina<br \/>\n\u00a0\u00a0<br \/>\nModerni \u201eHugo\u201c kampin\u0117 sofa i\u0161siskiria i\u0161 kit\u0173 bald\u0173 savo masyvia, aptakia forma, o kvadratin\u0117s si\u016bl\u0117s visoje s\u0117dyn\u0117je suteikia dizainerio akcent\u0105. Svarbiausias \u0161io modelio bruo\u017eas \u2013 miegojimo funkcija su DL automatiniu mechanizmu, kuris leid\u017eia lengvai i\u0161skleisti ir sulankstyti sof\u0105. \u012emontuotas patalyn\u0117s skyrius padeda sutvarkyti erdv\u0119. Tod\u0117l \u201eHugo\u201c kampin\u0117 sofa puikiai tinka butams, kuriuose svetain\u0117 kartu yra ir miegamasis. S\u0117dyn\u0117 u\u017epildyta vingiuot\u0173 spyruokli\u0173 ir apmu\u0161al\u0173 porolono deriniu, o atlo\u0161as ir pagalv\u0117l\u0117s \u2013 smulkintu porolonu. \u0160i \u201eHugo\u201c kampin\u0117 sofa, aptraukta \u201eAragon\u201c audiniu, dabar si\u016bloma patrauklia akcine kaina. Matmenys:<br \/>\n\u2013 Auk\u0161tis 72\/90 cm<br \/>\n\u2013 Plotis 288 cm<br \/>\n\u2013 Gylis 185 cm<br \/>\n\u2013 Miegamoji erdv\u0117 130 x 205 cm<br \/>\nSavyb\u0117s ir dizainas:<br \/>\n\u2013 Moderni kampin\u0117 sofa su miegojimo funkcija ir daiktad\u0117\u017ee<br \/>\n\u2013 Miego funkcija su DL automatiniu mechanizmu<br \/>\n\u2013 Metalin\u0117s\/plastikin\u0117s kojel\u0117s<br \/>\n\u2013 R\u0117mas pagamintas i\u0161 pu\u0161ies medienos, med\u017eio dro\u017eli\u0173 plok\u0161t\u0117s ir medienos plau\u0161\u0173 plok\u0161t\u0117s<br \/>\n\u2013 S\u0117dyn\u0117 su banguota spyruokle ir poliuretano putomis<br \/>\n\u2013 Atlo\u0161as\/pagalv\u0117l\u0117s su suply\u0161usiu putplas\u010diu<br \/>\nAtlo\u0161o sistema: DL automatinis mechanizmas.<br \/>\nS\u0117dyn\u0117 turi pakreipiam\u0105 spyruoklin\u012f pak\u0117lim\u0105, sulankstom\u0105 atlo\u0161\u0105 ir patalyn\u0117s laikymo skyri\u0173.<\/p>","protected":false},"excerpt":{"rendered":"<p>SPECIALUS PASI\u016aLYMAS \u2013 HUGO kampin\u0117 sofa \u2013 Aragon audinys Kampin\u0117s sofos su reklaminiu Aragon apmu\u0161alu kaina \u0160iuolaikin\u0117 Hugo kampin\u0117 sofa i\u0161siskiria i\u0161 kit\u0173 bald\u0173 masyvia, aptakia forma, o kvadratin\u0117s si\u016bl\u0117s visoje s\u0117dyn\u0117je suteikia dizainerio akcent\u0105. Pagrindinis \u0161io modelio bruo\u017eas \u2013 miegojimo funkcija [\u2026]<\/p>","protected":false},"featured_media":217346,"comment_status":"open","ping_status":"closed","template":"","meta":[],"product_brand":[],"product_cat":[7905,616,1983],"product_tag":[],"class_list":{"0":"post-217331","1":"product","2":"type-product","3":"status-publish","4":"has-post-thumbnail","6":"product_cat-benix","7":"product_cat-corners","8":"product_cat-corners-l","10":"first","11":"instock","12":"shipping-taxable","13":"product-type-grouped"},"_links":{"self":[{"href":"https:\/\/baldumarket.lt\/lt\/wp-json\/wp\/v2\/product\/217331","targetHints":{"allow":["GET"]}}],"collection":[{"href":"https:\/\/baldumarket.lt\/lt\/wp-json\/wp\/v2\/product"}],"about":[{"href":"https:\/\/baldumarket.lt\/lt\/wp-json\/wp\/v2\/types\/product"}],"replies":[{"embeddable":true,"href":"https:\/\/baldumarket.lt\/lt\/wp-json\/wp\/v2\/comments?post=217331"}],"wp:featuredmedia":[{"embeddable":true,"href":"https:\/\/baldumarket.lt\/lt\/wp-json\/wp\/v2\/media\/217346"}],"wp:attachment":[{"href":"https:\/\/baldumarket.lt\/lt\/wp-json\/wp\/v2\/media?parent=217331"}],"wp:term":[{"taxonomy":"product_brand","embeddable":true,"href":"https:\/\/baldumarket.lt\/lt\/wp-json\/wp\/v2\/product_brand?post=217331"},{"taxonomy":"product_cat","embeddable":true,"href":"https:\/\/baldumarket.lt\/lt\/wp-json\/wp\/v2\/product_cat?post=217331"},{"taxonomy":"product_tag","embeddable":true,"href":"https:\/\/baldumarket.lt\/lt\/wp-json\/wp\/v2\/product_tag?post=217331"}],"curies":[{"name":"wp","href":"https:\/\/api.w.org\/{rel}","templated":true}]}}