{"id":217298,"date":"2025-12-27T03:31:12","date_gmt":"2025-12-27T00:31:12","guid":{"rendered":"https:\/\/baldumarket.lt\/?post_type=product&#038;p=217298"},"modified":"2026-03-24T12:00:53","modified_gmt":"2026-03-24T09:00:53","slug":"naroznik-madeira-program-1rp-gr1","status":"publish","type":"product","link":"https:\/\/baldumarket.lt\/lt\/product\/naroznik-madeira-program-1rp-gr1\/","title":{"rendered":"MADEIRA kampin\u0117 sofa \u2013 1RP Gr1 programa"},"content":{"rendered":"<p>Kampin\u0117 sofa MADEIRA \u2013 tai eleganti\u0161kas baldas, pasi\u017eymintis unikalia apdaila. Galima rinktis i\u0161 \u012fvairi\u0173 dyd\u017ei\u0173, tod\u0117l galite pritaikyti sof\u0105 pagal savo poreikius. \u0160i daugiaviet\u0117 kampin\u0117 sofa pasi\u017eymi gra\u017eiai apmu\u0161tomis pagalv\u0117l\u0117mis, kurios tarnauja kaip atlo\u0161ai, jas galima lengvai nuimti ir i\u0161d\u0117styti bet kokia konfig\u016bracija. \u012emontuota miegojimo funkcija, kuri i\u0161siskleid\u017eia delfino stiliaus automatiniu mechanizmu, dar labiau padidina \u0161io modelio funkcionalum\u0105. Juosmens pagalv\u0117l\u0117s ir reguliuojami porankiai leid\u017eia visi\u0161kai atsipalaiduoti ir pails\u0117ti. MADEIRA sofa yra kairiaranki\u0173 ir de\u0161iniaranki\u0173 versij\u0173, aptraukta \u012fvairiais patraukliais audiniais. Matmenys:<br \/>\n\u2013 Plotis: 280 cm<br \/>\n\u2013 Plotis 2: 184 cm<br \/>\n\u2013 \u016agis: 88\u2013111 cm<br \/>\n\u2013 Gylis: 102 cm<br \/>\n\u2013 Miegamoji erdv\u0117: 212 \u00d7 136 cm<br \/>\nSavyb\u0117s ir dizainas:<br \/>\n\u2013 Moderni kampin\u0117 sofa su miegojimo funkcija ir daiktad\u0117\u017ee<br \/>\n\u2013 DELFIN miego funkcija<br \/>\n\u2013 \u012e kain\u0105 ne\u012fskai\u010diuotos galvos atramos (galima \u012fsigyti u\u017e papildom\u0105 mokest\u012f)<br \/>\n\u2013 Juosmens pagalv\u0117l\u0117s<br \/>\n\u2013 Reguliuojami porankiai<br \/>\n\u2013 Galima \u012fsigyti i\u0161 plataus apmu\u0161al\u0173 audini\u0173 asortimento<br \/>\n\u2013 R\u0117mas pagamintas i\u0161 pu\u0161ies medienos, med\u017eio dro\u017eli\u0173 plok\u0161t\u0117s arba pluo\u0161to plok\u0161t\u0117s<br \/>\n\u2013 S\u0117dyn\u0117 turi banguot\u0105 spyruokl\u0119 ir poliuretano putas<br \/>\n\u2013 Atlo\u0161as pagamintas i\u0161 putplas\u010dio<br \/>\nPastabos:<br \/>\n\u2013 Standartiniai baldai pagaminti i\u0161 vieno audinio<br \/>\n\u2013 Kaina nurodyta u\u017e kampin\u0119 sof\u0105 i\u0161 audinio\/eko odos, 1 kokyb\u0117s klas\u0117s<br \/>\n\u2013 Audinio tipas turi \u012ftakos kampin\u0117s sofos kainai<br \/>\n\u2013 Galvos atrama galima \u012fsigyti u\u017e papildom\u0105 mokest\u012f<\/p>","protected":false},"excerpt":{"rendered":"<p>Kampin\u0117 sofa MADEIRA \u2013 tai eleganti\u0161kas baldas, pasi\u017eymintis unikalia apdaila. Galima rinktis i\u0161 \u012fvairi\u0173 dyd\u017ei\u0173, tod\u0117l galite pritaikyti sof\u0105 pagal savo poreikius. \u0160i daugiaviet\u0117 kampin\u0117 sofa pasi\u017eymi gra\u017eiai apmu\u0161tomis pagalv\u0117l\u0117mis, kurios tarnauja kaip atlo\u0161ai, jas galima lengvai nuimti ir i\u0161d\u0117styti bet kokia konfig\u016bracija. \u012emontuota miegojimo funkcija, [\u2026]<\/p>","protected":false},"featured_media":217334,"comment_status":"open","ping_status":"closed","template":"","meta":[],"product_brand":[],"product_cat":[9133],"product_tag":[],"class_list":{"0":"post-217298","1":"product","2":"type-product","3":"status-publish","4":"has-post-thumbnail","6":"product_cat-grouped","8":"first","9":"instock","10":"shipping-taxable","11":"purchasable","12":"product-type-variable","13":"wvs-archive-product-wrapper"},"_links":{"self":[{"href":"https:\/\/baldumarket.lt\/lt\/wp-json\/wp\/v2\/product\/217298","targetHints":{"allow":["GET"]}}],"collection":[{"href":"https:\/\/baldumarket.lt\/lt\/wp-json\/wp\/v2\/product"}],"about":[{"href":"https:\/\/baldumarket.lt\/lt\/wp-json\/wp\/v2\/types\/product"}],"replies":[{"embeddable":true,"href":"https:\/\/baldumarket.lt\/lt\/wp-json\/wp\/v2\/comments?post=217298"}],"wp:featuredmedia":[{"embeddable":true,"href":"https:\/\/baldumarket.lt\/lt\/wp-json\/wp\/v2\/media\/217334"}],"wp:attachment":[{"href":"https:\/\/baldumarket.lt\/lt\/wp-json\/wp\/v2\/media?parent=217298"}],"wp:term":[{"taxonomy":"product_brand","embeddable":true,"href":"https:\/\/baldumarket.lt\/lt\/wp-json\/wp\/v2\/product_brand?post=217298"},{"taxonomy":"product_cat","embeddable":true,"href":"https:\/\/baldumarket.lt\/lt\/wp-json\/wp\/v2\/product_cat?post=217298"},{"taxonomy":"product_tag","embeddable":true,"href":"https:\/\/baldumarket.lt\/lt\/wp-json\/wp\/v2\/product_tag?post=217298"}],"curies":[{"name":"wp","href":"https:\/\/api.w.org\/{rel}","templated":true}]}}