{"id":217287,"date":"2025-12-27T03:30:34","date_gmt":"2025-12-27T00:30:34","guid":{"rendered":"https:\/\/baldumarket.lt\/?post_type=product&#038;p=217287"},"modified":"2026-03-24T12:04:00","modified_gmt":"2026-03-24T09:04:00","slug":"naroznik-rozkladany-violet-gr2","status":"publish","type":"product","link":"https:\/\/baldumarket.lt\/lt\/product\/naroznik-rozkladany-violet-gr2\/","title":{"rendered":"VIOLET Gr2 sulankstoma kampin\u0117 sofa"},"content":{"rendered":"<p>VIOLET i\u0161skleid\u017eiama kampin\u0117 sofa<br \/>\nMatmenys:<br \/>\n\u2013 Plotis: 290 cm<br \/>\n\u2013 Gylis: 192 cm<br \/>\n\u2013 Auk\u0161tis: 76\/95 cm<br \/>\n\u2013 S\u0117dyn\u0117s auk\u0161tis: 44 cm<br \/>\n\u2013 Miegamoji erdv\u0117: 136 x 219 cm<br \/>\n\u2013 Patalyn\u0117 daiktams laikyti: 122 x 62 x 22 cm<br \/>\nSavyb\u0117s ir konstrukcija:<br \/>\n\u2013 R\u0117mas: pu\u0161ies mediena, med\u017eio dro\u017eli\u0173 plok\u0161t\u0117, medienos plau\u0161\u0173 plok\u0161t\u0117, fanera<br \/>\n\u2013 S\u0117dyn\u0117: T28\/30 putplastis<br \/>\n\u2013 Atlo\u0161as: T16\/20 putplastis<br \/>\n\u2013 Kojel\u0117s: metalas, plastikas<br \/>\n\u2013 Miego funkcija<br \/>\n\u2013 Patalyn\u0117 daiktams laikyti x1<br \/>\n\u2013 3 atlo\u0161o pagalv\u0117l\u0117s, 2 dekoratyvin\u0117s pagalv\u0117l\u0117s<br \/>\n\u2013 Galima \u012fsigyti i\u0161 plataus audini\u0173 asortimento<br \/>\nSvoris: 158 kg<\/p>","protected":false},"excerpt":{"rendered":"<p>VIOLET i\u0161skleid\u017eiamos kampin\u0117s sofos matmenys: \u2013 Plotis: 290 cm \u2013 Gylis: 192 cm \u2013 Auk\u0161tis: 76\/95 cm \u2013 S\u0117dyn\u0117s auk\u0161tis: 44 cm \u2013 Miegamoji dalis: 136 x 219 cm \u2013 Patalyn\u0117: 122 x 62 x 22 cm Savyb\u0117s ir konstrukcija: \u2013 R\u0117mas: pu\u0161ies mediena, med\u017eio dro\u017eli\u0173 plok\u0161t\u0117s, pluo\u0161to plok\u0161t\u0117s, fanera \u2013 S\u0117dyn\u0117: T28\/30 putplastis \u2013 Atlo\u0161as: T16\/20 [\u2026]<\/p>","protected":false},"featured_media":217307,"comment_status":"open","ping_status":"closed","template":"","meta":[],"product_brand":[],"product_cat":[9133],"product_tag":[],"class_list":{"0":"post-217287","1":"product","2":"type-product","3":"status-publish","4":"has-post-thumbnail","6":"product_cat-grouped","8":"first","9":"instock","10":"shipping-taxable","11":"purchasable","12":"product-type-variable","13":"wvs-archive-product-wrapper"},"_links":{"self":[{"href":"https:\/\/baldumarket.lt\/lt\/wp-json\/wp\/v2\/product\/217287","targetHints":{"allow":["GET"]}}],"collection":[{"href":"https:\/\/baldumarket.lt\/lt\/wp-json\/wp\/v2\/product"}],"about":[{"href":"https:\/\/baldumarket.lt\/lt\/wp-json\/wp\/v2\/types\/product"}],"replies":[{"embeddable":true,"href":"https:\/\/baldumarket.lt\/lt\/wp-json\/wp\/v2\/comments?post=217287"}],"wp:featuredmedia":[{"embeddable":true,"href":"https:\/\/baldumarket.lt\/lt\/wp-json\/wp\/v2\/media\/217307"}],"wp:attachment":[{"href":"https:\/\/baldumarket.lt\/lt\/wp-json\/wp\/v2\/media?parent=217287"}],"wp:term":[{"taxonomy":"product_brand","embeddable":true,"href":"https:\/\/baldumarket.lt\/lt\/wp-json\/wp\/v2\/product_brand?post=217287"},{"taxonomy":"product_cat","embeddable":true,"href":"https:\/\/baldumarket.lt\/lt\/wp-json\/wp\/v2\/product_cat?post=217287"},{"taxonomy":"product_tag","embeddable":true,"href":"https:\/\/baldumarket.lt\/lt\/wp-json\/wp\/v2\/product_tag?post=217287"}],"curies":[{"name":"wp","href":"https:\/\/api.w.org\/{rel}","templated":true}]}}