{"id":217275,"date":"2025-12-27T03:29:54","date_gmt":"2025-12-27T00:29:54","guid":{"rendered":"https:\/\/baldumarket.lt\/?post_type=product&#038;p=217275"},"modified":"2026-03-24T12:19:26","modified_gmt":"2026-03-24T09:19:26","slug":"promocja-naroznik-santorini-tkanina-cremona-listwa-dab-gr6","status":"publish","type":"product","link":"https:\/\/baldumarket.lt\/lt\/product\/promocja-naroznik-santorini-tkanina-cremona-listwa-dab-gr6\/","title":{"rendered":"AKCIJA &#8211; SANTORINI kampin\u0117 sofa &#8211; audinys \u201eCremona\u201c \/ \u0105\u017euolo juostel\u0117 Gr6"},"content":{"rendered":"<p>SPECIALUS PASI\u016aLYMAS \u2013 SANTORINI kampin\u0117 sofa \u2013 audinys \u201eCremona\u201c \/ \u0105\u017euolo apdaila<br \/>\nKampin\u0117s sofos su reklaminiu \u201eCremona\u201c apmu\u0161alu kaina<br \/>\nMatmenys:<br \/>\n\u2013 Plotis: 290 cm<br \/>\n\u2013 Gylis: 187 cm<br \/>\nSavyb\u0117s ir konstrukcija:<br \/>\n\u2013 S\u0117dyn\u0117: B tipo banguotos spyruokl\u0117s, T30 putplastis, silikoninis u\u017epildas (\u010diu\u017einys)<br \/>\n\u2013 Atlo\u0161as: T130 putplastis<br \/>\n\u2013 Reguliuojami galvos atramos, porankiai ir s\u0117dyn\u0117s gylis<\/p>","protected":false},"excerpt":{"rendered":"<p>SPECIALUS PASI\u016aLYMAS \u2013 SANTORINI kampin\u0117 sofa \u2013 \u201eCremona\u201c audinys \/ \u0105\u017euolo apdaila. Kaina u\u017e kampin\u0119 sof\u0105 su reklaminiu \u201eCremona\u201c apmu\u0161alu. Matmenys: \u2013 Plotis: 290 cm \u2013 Gylis: 187 cm. Savyb\u0117s ir konstrukcija: \u2013 S\u0117dyn\u0117: B tipo banguotos spyruokl\u0117s, T30 putplastis, silikoninis u\u017epildas (\u010diu\u017einys). \u2013 Atlo\u0161as: T130 putplastis. \u2013 Reguliuojami galvos atramos, porankiai ir s\u0117dyn\u0117s gylis.<\/p>","protected":false},"featured_media":217299,"comment_status":"open","ping_status":"closed","template":"","meta":[],"product_brand":[],"product_cat":[9133],"product_tag":[],"class_list":{"0":"post-217275","1":"product","2":"type-product","3":"status-publish","4":"has-post-thumbnail","6":"product_cat-grouped","8":"first","9":"instock","10":"shipping-taxable","11":"purchasable","12":"product-type-variable","13":"wvs-archive-product-wrapper"},"_links":{"self":[{"href":"https:\/\/baldumarket.lt\/lt\/wp-json\/wp\/v2\/product\/217275","targetHints":{"allow":["GET"]}}],"collection":[{"href":"https:\/\/baldumarket.lt\/lt\/wp-json\/wp\/v2\/product"}],"about":[{"href":"https:\/\/baldumarket.lt\/lt\/wp-json\/wp\/v2\/types\/product"}],"replies":[{"embeddable":true,"href":"https:\/\/baldumarket.lt\/lt\/wp-json\/wp\/v2\/comments?post=217275"}],"wp:featuredmedia":[{"embeddable":true,"href":"https:\/\/baldumarket.lt\/lt\/wp-json\/wp\/v2\/media\/217299"}],"wp:attachment":[{"href":"https:\/\/baldumarket.lt\/lt\/wp-json\/wp\/v2\/media?parent=217275"}],"wp:term":[{"taxonomy":"product_brand","embeddable":true,"href":"https:\/\/baldumarket.lt\/lt\/wp-json\/wp\/v2\/product_brand?post=217275"},{"taxonomy":"product_cat","embeddable":true,"href":"https:\/\/baldumarket.lt\/lt\/wp-json\/wp\/v2\/product_cat?post=217275"},{"taxonomy":"product_tag","embeddable":true,"href":"https:\/\/baldumarket.lt\/lt\/wp-json\/wp\/v2\/product_tag?post=217275"}],"curies":[{"name":"wp","href":"https:\/\/api.w.org\/{rel}","templated":true}]}}