{"id":217253,"date":"2025-12-27T03:28:25","date_gmt":"2025-12-27T00:28:25","guid":{"rendered":"https:\/\/baldumarket.lt\/?post_type=product&#038;p=217253"},"modified":"2026-03-24T12:04:00","modified_gmt":"2026-03-24T09:04:00","slug":"naroznik-calia-gr2","status":"publish","type":"product","link":"https:\/\/baldumarket.lt\/lt\/product\/naroznik-calia-gr2\/","title":{"rendered":"CALIA Gr2 kampin\u0117 sofa"},"content":{"rendered":"<p>\u201eCalia\u201c kampin\u0117 sofa \u2013 tai labai modernus baldas, pasi\u017eymintis elegancija ir unikaliu charakteriu. D\u0117l santykinai didelio dyd\u017eio ji puikiai dera prie modernaus interjero, ypa\u010d dideliuose kambariuose. Klasikin\u0117 forma suteikia jai daug universalumo. Apmu\u0161ta s\u0117dyn\u0117 susideda i\u0161 keli\u0173 esteti\u0161kai apmu\u0161t\u0173 element\u0173. Ant r\u0117mo esan\u010dios pagalv\u0117l\u0117s atlieka atlo\u0161\u0173 ir galvos atram\u0173 funkcij\u0105. \u0160ie elementai yra mobil\u016bs ir reguliuojami, tod\u0117l kiekvienas gali juos pritaikyti prie savo individuali\u0173 poreiki\u0173. Be to, konstrukcijoje yra miegojimo funkcija, kuri \u017eymiai padidina \u0161io modelio prakti\u0161kum\u0105. Patraukli s\u0117dyn\u0117 akimirksniu virsta esteti\u0161ka ir patogia lova dviem asmenims. Automatinis DELFIN mechanizmas leid\u017eia lengvai i\u0161skleisti sof\u0105, o patalyn\u0119 galima lengvai laikyti erdviame daiktad\u0117\u017e\u0117je. Matmenys:<br \/>\n\u2013 ilgis: 268 cm,<br \/>\n\u2013 plotis: 232 cm,<br \/>\n\u2013 auk\u0161tis: 73\/92 cm,<br \/>\n\u2013 miegamoji erdv\u0117: 121 x 193 cm<br \/>\nSavyb\u0117s ir dizainas:<br \/>\n\u2013 moderni kampin\u0117 sofa su miegojimo funkcija ir patalyn\u0117s d\u0117\u017ee,<br \/>\n\u2013 miego funkcija su automatiniu DELFIN mechanizmu<br \/>\n\u2013 metalin\u0117s kojel\u0117s<br \/>\n\u2013 reguliuojamos galvos atramos<br \/>\n\u2013 r\u0117mas pagamintas i\u0161 pu\u0161ies medienos, med\u017eio dro\u017eli\u0173 plok\u0161t\u0117s, medienos plau\u0161\u0173 plok\u0161t\u0117s ir faneros,<br \/>\n\u2013 s\u0117dyn\u0117 pagaminta i\u0161 banguot\u0173 spyruokli\u0173 ir 28\/30 poliuretano put\u0173<br \/>\n\u2013 atlo\u0161as pagamintas i\u0161 16\/20 poliuretano put\u0173<br \/>\nPastabos:<br \/>\n\u2013 standartiniai baldai, pagaminti i\u0161 vieno audinio,<br \/>\n\u2013 kaina nurodyta u\u017e kampin\u0119 sof\u0105 i\u0161 audinio\/eko odos, 1 klas\u0117s,<br \/>\n\u2013 audinio tipas turi \u012ftakos kampin\u0117s sofos kainai,<br \/>\n\u2013 nuotraukoje pavaizduotas \u201eGrande 39\u201c audinys.<\/p>","protected":false},"excerpt":{"rendered":"<p>\u201eCalia\u201c kampin\u0117 sofa yra labai modernus baldas, pasi\u017eymintis elegancija ir unikaliu charakteriu. D\u0117l gana didelio dyd\u017eio ji puikiai dera prie modernaus interjero, ypa\u010d dideliuose kambariuose. Klasikin\u0117 forma suteikia jai daug universalumo. Apmu\u0161ta s\u0117dyn\u0117 susideda i\u0161 keli\u0173 esteti\u0161kai apmu\u0161t\u0173 element\u0173. Pagalv\u0117l\u0117s, remian\u010dios \u012f [\u2026]<\/p>","protected":false},"featured_media":217278,"comment_status":"open","ping_status":"closed","template":"","meta":[],"product_brand":[],"product_cat":[9133],"product_tag":[],"class_list":{"0":"post-217253","1":"product","2":"type-product","3":"status-publish","4":"has-post-thumbnail","6":"product_cat-grouped","8":"first","9":"instock","10":"shipping-taxable","11":"purchasable","12":"product-type-variable","13":"wvs-archive-product-wrapper"},"_links":{"self":[{"href":"https:\/\/baldumarket.lt\/lt\/wp-json\/wp\/v2\/product\/217253","targetHints":{"allow":["GET"]}}],"collection":[{"href":"https:\/\/baldumarket.lt\/lt\/wp-json\/wp\/v2\/product"}],"about":[{"href":"https:\/\/baldumarket.lt\/lt\/wp-json\/wp\/v2\/types\/product"}],"replies":[{"embeddable":true,"href":"https:\/\/baldumarket.lt\/lt\/wp-json\/wp\/v2\/comments?post=217253"}],"wp:featuredmedia":[{"embeddable":true,"href":"https:\/\/baldumarket.lt\/lt\/wp-json\/wp\/v2\/media\/217278"}],"wp:attachment":[{"href":"https:\/\/baldumarket.lt\/lt\/wp-json\/wp\/v2\/media?parent=217253"}],"wp:term":[{"taxonomy":"product_brand","embeddable":true,"href":"https:\/\/baldumarket.lt\/lt\/wp-json\/wp\/v2\/product_brand?post=217253"},{"taxonomy":"product_cat","embeddable":true,"href":"https:\/\/baldumarket.lt\/lt\/wp-json\/wp\/v2\/product_cat?post=217253"},{"taxonomy":"product_tag","embeddable":true,"href":"https:\/\/baldumarket.lt\/lt\/wp-json\/wp\/v2\/product_tag?post=217253"}],"curies":[{"name":"wp","href":"https:\/\/api.w.org\/{rel}","templated":true}]}}