{"id":217250,"date":"2025-12-27T03:28:22","date_gmt":"2025-12-27T00:28:22","guid":{"rendered":"https:\/\/baldumarket.lt\/?post_type=product&#038;p=217250"},"modified":"2026-02-03T23:13:56","modified_gmt":"2026-02-03T20:13:56","slug":"pufa-universal","status":"publish","type":"product","link":"https:\/\/baldumarket.lt\/lt\/product\/pufa-universal\/","title":{"rendered":"UNIVERSAL pufas"},"content":{"rendered":"<p>Eleganti\u0161kas UNIVERSAL pufas pasi\u017eymi klasikiniu, nesenstan\u010diu dizainu, kuris papildys \u012fvairius interjerus. Ai\u0161kiai atskirta dviej\u0173 sluoksni\u0173 s\u0117dyn\u0117 skatina patog\u0173 poils\u012f. \u0160is baldas puikiai tinka kaip papildoma s\u0117dyn\u0117 didesniems susib\u016brimams arba kaip pakojis \u0161alia j\u016bs\u0173 m\u0117gstamo fotelio ar sofos. S\u0117dyn\u0117, pagaminta i\u0161 didelio elastingumo putplas\u010dio, suteikia ne tik komforto, bet ir didesn\u012f patvarum\u0105. D\u0117l plataus apmu\u0161al\u0173 spalv\u0173 pasirinkimo UNIVERSAL pufas gali b\u016bti pritaikytas \u012fvairiems baldams.<br \/>\nMatmenys:<br \/>\n\u2013 Plotis: 85 cm<br \/>\n\u2013 Auk\u0161tis: 43 cm<br \/>\n\u2013 Gylis: 65 cm<\/p>","protected":false},"excerpt":{"rendered":"<p>Eleganti\u0161kas UNIVERSAL pufas pasi\u017eymi klasikiniu, nesenstan\u010diu dizainu, kuris papildys \u012fvairius interjerus. Ai\u0161kiai atskirta dviej\u0173 sluoksni\u0173 s\u0117dyn\u0117 skatina patog\u0173 poils\u012f. \u0160is baldas puikiai tinka kaip papildoma s\u0117dyn\u0117 didesniems susib\u016brimams arba kaip pakojis \u0161alia j\u016bs\u0173 m\u0117gstamo fotelio ar sofos. S\u0117dyn\u0117, pagaminta i\u0161 didelio elastingumo put\u0173, suteikia ne tik [\u2026]<\/p>","protected":false},"featured_media":217268,"comment_status":"open","ping_status":"closed","template":"","meta":[],"product_brand":[],"product_cat":[7905,826],"product_tag":[],"class_list":{"0":"post-217250","1":"product","2":"type-product","3":"status-publish","4":"has-post-thumbnail","6":"product_cat-benix","7":"product_cat-poufs","9":"first","10":"instock","11":"shipping-taxable","12":"product-type-grouped"},"_links":{"self":[{"href":"https:\/\/baldumarket.lt\/lt\/wp-json\/wp\/v2\/product\/217250","targetHints":{"allow":["GET"]}}],"collection":[{"href":"https:\/\/baldumarket.lt\/lt\/wp-json\/wp\/v2\/product"}],"about":[{"href":"https:\/\/baldumarket.lt\/lt\/wp-json\/wp\/v2\/types\/product"}],"replies":[{"embeddable":true,"href":"https:\/\/baldumarket.lt\/lt\/wp-json\/wp\/v2\/comments?post=217250"}],"wp:featuredmedia":[{"embeddable":true,"href":"https:\/\/baldumarket.lt\/lt\/wp-json\/wp\/v2\/media\/217268"}],"wp:attachment":[{"href":"https:\/\/baldumarket.lt\/lt\/wp-json\/wp\/v2\/media?parent=217250"}],"wp:term":[{"taxonomy":"product_brand","embeddable":true,"href":"https:\/\/baldumarket.lt\/lt\/wp-json\/wp\/v2\/product_brand?post=217250"},{"taxonomy":"product_cat","embeddable":true,"href":"https:\/\/baldumarket.lt\/lt\/wp-json\/wp\/v2\/product_cat?post=217250"},{"taxonomy":"product_tag","embeddable":true,"href":"https:\/\/baldumarket.lt\/lt\/wp-json\/wp\/v2\/product_tag?post=217250"}],"curies":[{"name":"wp","href":"https:\/\/api.w.org\/{rel}","templated":true}]}}