{"id":21725,"date":"2025-11-14T13:34:08","date_gmt":"2025-11-14T10:34:08","guid":{"rendered":"https:\/\/baldumarket.lt\/product\/materac-kieszeniowy-pedro-90x200-hipoalergiczny-pokrowiec\/"},"modified":"2026-03-24T18:25:21","modified_gmt":"2026-03-24T15:25:21","slug":"materac-kieszeniowy-pedro-90x200-hipoalergiczny-pokrowiec","status":"publish","type":"product","link":"https:\/\/baldumarket.lt\/lt\/product\/materac-kieszeniowy-pedro-90x200-hipoalergiczny-pokrowiec\/","title":{"rendered":"Pedro ki\u0161enini\u0173 spyruokli\u0173 \u010diu\u017einys 90\u00d7200 hipoalerginis u\u017evalkalas"},"content":{"rendered":"<p>Gerai parinktas \u010diu\u017einys yra raktas \u012f ger\u0105 nakties mieg\u0105. \u017dinome, koks svarbus \u0161is pasirinkimas, tod\u0117l suk\u016br\u0117me \u201ePedro\u201c ki\u0161enini\u0173 spyruokli\u0173 \u010diu\u017ein\u012f. Ki\u0161enin\u0117s spyruokl\u0117s neleid\u017eia \u010diu\u017einiui si\u016bbuoti ar vibruoti. Miego komfort\u0105 padidina T25422 put\u0173 poliuretano naudojimas, o nuimamas u\u017evalkalas u\u017ebaigia vaizd\u0105.<\/p>","protected":false},"excerpt":{"rendered":"<p>Gerai parinktas \u010diu\u017einys yra raktas \u012f ger\u0105 nakties mieg\u0105. \u017dinome, koks svarbus \u0161is pasirinkimas, tod\u0117l suk\u016br\u0117me \u201ePedro\u201c ki\u0161enini\u0173 spyruokli\u0173 \u010diu\u017ein\u012f. Ki\u0161enin\u0117s spyruokl\u0117s neleid\u017eia \u010diu\u017einiui si\u016bbuoti ar vibruoti. Miego komfort\u0105 padidina T25422 put\u0173 poliuretano naudojimas, o nuimamas u\u017evalkalas u\u017ebaigia vaizd\u0105.<\/p>","protected":false},"featured_media":21712,"comment_status":"open","ping_status":"open","template":"","meta":[],"product_brand":[],"product_cat":[2012,1099,1975],"product_tag":[],"class_list":{"0":"post-21725","1":"product","2":"type-product","3":"status-publish","4":"has-post-thumbnail","6":"product_cat-eltap","7":"product_cat-mattresses","8":"product_cat-mattresses-90x200","10":"first","11":"instock","12":"purchasable","13":"product-type-simple"},"_links":{"self":[{"href":"https:\/\/baldumarket.lt\/lt\/wp-json\/wp\/v2\/product\/21725","targetHints":{"allow":["GET"]}}],"collection":[{"href":"https:\/\/baldumarket.lt\/lt\/wp-json\/wp\/v2\/product"}],"about":[{"href":"https:\/\/baldumarket.lt\/lt\/wp-json\/wp\/v2\/types\/product"}],"replies":[{"embeddable":true,"href":"https:\/\/baldumarket.lt\/lt\/wp-json\/wp\/v2\/comments?post=21725"}],"wp:featuredmedia":[{"embeddable":true,"href":"https:\/\/baldumarket.lt\/lt\/wp-json\/wp\/v2\/media\/21712"}],"wp:attachment":[{"href":"https:\/\/baldumarket.lt\/lt\/wp-json\/wp\/v2\/media?parent=21725"}],"wp:term":[{"taxonomy":"product_brand","embeddable":true,"href":"https:\/\/baldumarket.lt\/lt\/wp-json\/wp\/v2\/product_brand?post=21725"},{"taxonomy":"product_cat","embeddable":true,"href":"https:\/\/baldumarket.lt\/lt\/wp-json\/wp\/v2\/product_cat?post=21725"},{"taxonomy":"product_tag","embeddable":true,"href":"https:\/\/baldumarket.lt\/lt\/wp-json\/wp\/v2\/product_tag?post=21725"}],"curies":[{"name":"wp","href":"https:\/\/api.w.org\/{rel}","templated":true}]}}