{"id":217211,"date":"2025-12-27T03:26:23","date_gmt":"2025-12-27T00:26:23","guid":{"rendered":"https:\/\/baldumarket.lt\/?post_type=product&#038;p=217211"},"modified":"2026-03-24T12:01:02","modified_gmt":"2026-03-24T09:01:02","slug":"naroznik-rozkladany-alegra-gr1","status":"publish","type":"product","link":"https:\/\/baldumarket.lt\/lt\/product\/naroznik-rozkladany-alegra-gr1\/","title":{"rendered":"ALEGRA Gr1 i\u0161traukiama kampin\u0117 sofa"},"content":{"rendered":"<p>ALEGRA i\u0161skleid\u017eiama kampin\u0117 sofa<br \/>\nMatmenys:<br \/>\n\u2013 plotis: 277 cm<br \/>\n\u2013 gylis: 237 cm<br \/>\n\u2013 auk\u0161tis: 73\/91 cm<br \/>\n\u2013 s\u0117dyn\u0117s gylis: 71\/56 cm<br \/>\n\u2013 s\u0117dyn\u0117s auk\u0161tis: 44 cm<br \/>\n\u2013 miegamoji erdv\u0117: 137 x 206 cm<br \/>\n\u2013 patalyn\u0117s skyriaus matmenys: 120 x 98 x 16 cm<br \/>\nMed\u017eiaga:<br \/>\n\u2013 karkasas: pu\u0161ies ir buko mediena, med\u017eio dro\u017eli\u0173 plok\u0161t\u0117, MDF plok\u0161t\u0117, medienos plau\u0161\u0173 plok\u0161t\u0117, HDF plok\u0161t\u0117, fanera, kartonas<br \/>\n\u2013 s\u0117dyn\u0117: B tipo banguotos spyruokl\u0117s, PUR putplastis T28\/30<br \/>\n\u2013 atlo\u0161as: PUR putplastis T18\/30<br \/>\n\u2013 \u0161onin\u0117s panel\u0117s \/ porankiai: PUR putplastis T14\/19 ir T18\/30<br \/>\n\u2013 kojos: metalin\u0117s<br \/>\nSavyb\u0117s:<br \/>\n\u2013 platus spalv\u0173 pasirinkimas, audini\u0173 pasirinkimas<br \/>\n\u2013 Miego funkcija<br \/>\n\u2013 Patalyn\u0117s laikymo vieta<br \/>\n\u2013 Stumdomos atlo\u0161o dalys (3 dalys)<br \/>\n\u2013 Stumdomos galvos atramos (3 dalys)<br \/>\n\u00a0<\/p>","protected":false},"excerpt":{"rendered":"<p>ALEGRA i\u0161skleid\u017eiama kampin\u0117 sofa Matmenys: \u2013 plotis: 277 cm \u2013 gylis: 237 cm \u2013 auk\u0161tis: 73\/91 cm \u2013 s\u0117dyn\u0117s gylis: 71\/56 cm \u2013 s\u0117dyn\u0117s auk\u0161tis: 44 cm \u2013 miegamoji dalis: 137 x 206 cm \u2013 patalyn\u0117s skyrius: 120 x 98 x 16 cm Med\u017eiaga: \u2013 r\u0117mas: pu\u0161ies ir buko mediena, med\u017eio dro\u017eli\u0173 plok\u0161t\u0117, MDF plok\u0161t\u0117, medienos plau\u0161\u0173 plok\u0161t\u0117, HDF [\u2026]<\/p>","protected":false},"featured_media":217238,"comment_status":"open","ping_status":"closed","template":"","meta":[],"product_brand":[],"product_cat":[9133],"product_tag":[],"class_list":{"0":"post-217211","1":"product","2":"type-product","3":"status-publish","4":"has-post-thumbnail","6":"product_cat-grouped","8":"first","9":"instock","10":"shipping-taxable","11":"purchasable","12":"product-type-variable","13":"wvs-archive-product-wrapper"},"_links":{"self":[{"href":"https:\/\/baldumarket.lt\/lt\/wp-json\/wp\/v2\/product\/217211","targetHints":{"allow":["GET"]}}],"collection":[{"href":"https:\/\/baldumarket.lt\/lt\/wp-json\/wp\/v2\/product"}],"about":[{"href":"https:\/\/baldumarket.lt\/lt\/wp-json\/wp\/v2\/types\/product"}],"replies":[{"embeddable":true,"href":"https:\/\/baldumarket.lt\/lt\/wp-json\/wp\/v2\/comments?post=217211"}],"wp:featuredmedia":[{"embeddable":true,"href":"https:\/\/baldumarket.lt\/lt\/wp-json\/wp\/v2\/media\/217238"}],"wp:attachment":[{"href":"https:\/\/baldumarket.lt\/lt\/wp-json\/wp\/v2\/media?parent=217211"}],"wp:term":[{"taxonomy":"product_brand","embeddable":true,"href":"https:\/\/baldumarket.lt\/lt\/wp-json\/wp\/v2\/product_brand?post=217211"},{"taxonomy":"product_cat","embeddable":true,"href":"https:\/\/baldumarket.lt\/lt\/wp-json\/wp\/v2\/product_cat?post=217211"},{"taxonomy":"product_tag","embeddable":true,"href":"https:\/\/baldumarket.lt\/lt\/wp-json\/wp\/v2\/product_tag?post=217211"}],"curies":[{"name":"wp","href":"https:\/\/api.w.org\/{rel}","templated":true}]}}