{"id":217198,"date":"2025-12-27T03:25:37","date_gmt":"2025-12-27T00:25:37","guid":{"rendered":"https:\/\/baldumarket.lt\/?post_type=product&#038;p=217198"},"modified":"2026-03-24T12:01:02","modified_gmt":"2026-03-24T09:01:02","slug":"sofa-2-osobowa-candy-gr1","status":"publish","type":"product","link":"https:\/\/baldumarket.lt\/lt\/product\/sofa-2-osobowa-candy-gr1\/","title":{"rendered":"CANDY Gr1 dviviet\u0117 sofa"},"content":{"rendered":"<p>CANDY dviviet\u0117 sofa<br \/>\n\u00a0\u00a0<br \/>\nMatmenys:<br \/>\n\u2013 Plotis: 184 cm<br \/>\n\u2013 Gylis: 94 cm<br \/>\n\u2013 \u016agis: 74\u201386 cm<br \/>\n\u00a0<br \/>\nSavyb\u0117s ir dizainas:<br \/>\n\u2013 Banguotos spyruokl\u0117s<br \/>\n\u2013 Galima \u012fsigyti i\u0161 plataus audini\u0173 asortimento<br \/>\n\u00a0<\/p>","protected":false},"excerpt":{"rendered":"<p>CANDY dviviet\u0117s sofos matmenys: \u2013 Plotis: 184 cm \u2013 Gylis: 94 cm \u2013 Auk\u0161tis: 74\u201386 cm Savyb\u0117s ir dizainas: \u2013 Banguotos spyruokl\u0117s \u2013 Galima rinktis i\u0161 \u012fvairi\u0173 audini\u0173 \u00a0<\/p>","protected":false},"featured_media":217225,"comment_status":"open","ping_status":"closed","template":"","meta":[],"product_brand":[],"product_cat":[9133],"product_tag":[],"class_list":{"0":"post-217198","1":"product","2":"type-product","3":"status-publish","4":"has-post-thumbnail","6":"product_cat-grouped","8":"first","9":"instock","10":"shipping-taxable","11":"purchasable","12":"product-type-variable","13":"wvs-archive-product-wrapper"},"_links":{"self":[{"href":"https:\/\/baldumarket.lt\/lt\/wp-json\/wp\/v2\/product\/217198","targetHints":{"allow":["GET"]}}],"collection":[{"href":"https:\/\/baldumarket.lt\/lt\/wp-json\/wp\/v2\/product"}],"about":[{"href":"https:\/\/baldumarket.lt\/lt\/wp-json\/wp\/v2\/types\/product"}],"replies":[{"embeddable":true,"href":"https:\/\/baldumarket.lt\/lt\/wp-json\/wp\/v2\/comments?post=217198"}],"wp:featuredmedia":[{"embeddable":true,"href":"https:\/\/baldumarket.lt\/lt\/wp-json\/wp\/v2\/media\/217225"}],"wp:attachment":[{"href":"https:\/\/baldumarket.lt\/lt\/wp-json\/wp\/v2\/media?parent=217198"}],"wp:term":[{"taxonomy":"product_brand","embeddable":true,"href":"https:\/\/baldumarket.lt\/lt\/wp-json\/wp\/v2\/product_brand?post=217198"},{"taxonomy":"product_cat","embeddable":true,"href":"https:\/\/baldumarket.lt\/lt\/wp-json\/wp\/v2\/product_cat?post=217198"},{"taxonomy":"product_tag","embeddable":true,"href":"https:\/\/baldumarket.lt\/lt\/wp-json\/wp\/v2\/product_tag?post=217198"}],"curies":[{"name":"wp","href":"https:\/\/api.w.org\/{rel}","templated":true}]}}