{"id":217165,"date":"2025-12-27T03:23:26","date_gmt":"2025-12-27T00:23:26","guid":{"rendered":"https:\/\/baldumarket.lt\/?post_type=product&#038;p=217165"},"modified":"2026-03-24T12:07:06","modified_gmt":"2026-03-24T09:07:06","slug":"naroznik-rozkladany-fubu-gr3","status":"publish","type":"product","link":"https:\/\/baldumarket.lt\/lt\/product\/naroznik-rozkladany-fubu-gr3\/","title":{"rendered":"FUBU Gr3 i\u0161skleid\u017eiama kampin\u0117 sofa"},"content":{"rendered":"<p>FUBU sulankstoma kampin\u0117 sofa<br \/>\n\u00a0\u00a0<br \/>\nMatmenys:<br \/>\n\u2013 plotis: 263 cm<br \/>\n\u2013 gylis: 234 cm<br \/>\n\u2013 auk\u0161tis: 73 \/ 95 cm<br \/>\n\u2013 s\u0117dyn\u0117s gylis: 57 cm<br \/>\n\u2013 s\u0117dyn\u0117s auk\u0161tis: 45 cm<br \/>\n\u2013 miegamoji erdv\u0117: 122 x 190 cm<br \/>\n\u2013 patalyn\u0117s skyriaus matmenys: 214 x 86 x 16 cm<br \/>\n\u00a0<br \/>\nSavyb\u0117s ir konstrukcija:<br \/>\n\u2013 r\u0117mas: pu\u0161ies mediena, buko mediena, med\u017eio dro\u017eli\u0173 plok\u0161t\u0117, MDF plok\u0161t\u0117, medienos plau\u0161\u0173 plok\u0161t\u0117, fanera, apmu\u0161al\u0173 kartonas<br \/>\n\u2013 s\u0117dyn\u0117: zigzago spyruokl\u0117s B tipo, T28\/30 putplastis<br \/>\n\u2013 miegojimo funkcija (ve\u017eim\u0117lis): T25\/42 putplastis<br \/>\n\u2013 atlo\u0161as: T16\/20, T14\/19 putplastis<br \/>\n\u2013 \u0161onin\u0117 panel\u0117: T16\/20 putplastis, silikonas<br \/>\n\u2013 kojos: metalin\u0117s, plastikin\u0117s<br \/>\n\u2013 miegojimo funkcija, tipas Delfin<br \/>\n\u2013 1 patalyn\u0117s sand\u0117liavimo spintel\u0117<br \/>\n\u2013 3 reguliuojamos galvos atramos<br \/>\n\u2013 Galima \u012fsigyti i\u0161 plataus audini\u0173 asortimento<br \/>\nSvoris: 152 kg<\/p>","protected":false},"excerpt":{"rendered":"<p>FUBU sulankstoma kampin\u0117 sofa Matmenys: \u2013 plotis: 263 cm \u2013 gylis: 234 cm \u2013 auk\u0161tis: 73 \/ 95 cm \u2013 s\u0117dyn\u0117s gylis: 57 cm \u2013 s\u0117dyn\u0117s auk\u0161tis: 45 cm \u2013 miegamoji dalis: 122 x 190 cm \u2013 patalyn\u0117s skyrius: 214 x 86 x 16 cm Savyb\u0117s ir konstrukcija: \u2013 r\u0117mas: pu\u0161ies mediena, buko [\u2026]<\/p>","protected":false},"featured_media":217186,"comment_status":"open","ping_status":"closed","template":"","meta":[],"product_brand":[],"product_cat":[9133],"product_tag":[],"class_list":{"0":"post-217165","1":"product","2":"type-product","3":"status-publish","4":"has-post-thumbnail","6":"product_cat-grouped","8":"first","9":"instock","10":"shipping-taxable","11":"purchasable","12":"product-type-variable","13":"wvs-archive-product-wrapper"},"_links":{"self":[{"href":"https:\/\/baldumarket.lt\/lt\/wp-json\/wp\/v2\/product\/217165","targetHints":{"allow":["GET"]}}],"collection":[{"href":"https:\/\/baldumarket.lt\/lt\/wp-json\/wp\/v2\/product"}],"about":[{"href":"https:\/\/baldumarket.lt\/lt\/wp-json\/wp\/v2\/types\/product"}],"replies":[{"embeddable":true,"href":"https:\/\/baldumarket.lt\/lt\/wp-json\/wp\/v2\/comments?post=217165"}],"wp:featuredmedia":[{"embeddable":true,"href":"https:\/\/baldumarket.lt\/lt\/wp-json\/wp\/v2\/media\/217186"}],"wp:attachment":[{"href":"https:\/\/baldumarket.lt\/lt\/wp-json\/wp\/v2\/media?parent=217165"}],"wp:term":[{"taxonomy":"product_brand","embeddable":true,"href":"https:\/\/baldumarket.lt\/lt\/wp-json\/wp\/v2\/product_brand?post=217165"},{"taxonomy":"product_cat","embeddable":true,"href":"https:\/\/baldumarket.lt\/lt\/wp-json\/wp\/v2\/product_cat?post=217165"},{"taxonomy":"product_tag","embeddable":true,"href":"https:\/\/baldumarket.lt\/lt\/wp-json\/wp\/v2\/product_tag?post=217165"}],"curies":[{"name":"wp","href":"https:\/\/api.w.org\/{rel}","templated":true}]}}