{"id":217134,"date":"2025-12-27T03:21:53","date_gmt":"2025-12-27T00:21:53","guid":{"rendered":"https:\/\/baldumarket.lt\/?post_type=product&#038;p=217134"},"modified":"2026-03-24T12:01:02","modified_gmt":"2026-03-24T09:01:02","slug":"naroznik-chivas-program-3rp-gr1","status":"publish","type":"product","link":"https:\/\/baldumarket.lt\/lt\/product\/naroznik-chivas-program-3rp-gr1\/","title":{"rendered":"CHIVAS kampin\u0117 sofa \u2013 3RP Gr1 programa"},"content":{"rendered":"<p>CHIVAS kampin\u0117 sofa yra funkcionalus baldas, kur\u012f galima pritaikyti pagal individualius pageidavimus. \u0160is modelis turi miegojimo funkcij\u0105, kuri\u0105 galima aktyvuoti naudojant klasikin\u012f DL mechanizm\u0105. Didel\u012f komfort\u0105 dar labiau padidina judan\u010dios galvos atramos ir reguliuojami porankiai, leid\u017eiantys patogiai atsipalaiduoti. Prakti\u0161kas patalyn\u0117s skyrius suteikia papildomos naudingos erdv\u0117s, o gili s\u0117dyn\u0117 papildo dideles atlo\u0161o pagalv\u0117les. CHIVAS daugiaviet\u0117 kampin\u0117 sofa yra kair\u0117s arba de\u0161in\u0117s pus\u0117s, aptraukta stilingais audiniais arba dirbtine oda. Matmenys:<br \/>\n\u2013 Plotis: 318 cm<br \/>\n\u2013 Plotis 2: 228 cm<br \/>\n\u2013 Plotis 3: 155 cm<br \/>\n\u2013 \u016agis: 76\u201389\u2013103 cm<br \/>\n\u2013 Gylis: 104 cm<br \/>\n\u2013 Miegamoji erdv\u0117: 265 \u00d7 130 cm<br \/>\nSavyb\u0117s ir dizainas:<br \/>\n\u2013 Moderni kampin\u0117 sofa su miegojimo funkcija ir patalyn\u0117s d\u0117\u017ee<br \/>\n\u2013 Miego funkcija (DL tipo)<br \/>\n\u2013 Medin\u0117 koja patogios porankio dalies apa\u010dioje<br \/>\n\u2013 Kampin\u0117 sofa su reguliuojamais porankiais ir nepriklausomais, mobiliais galvos atlo\u0161ais<br \/>\n\u2013 Galima \u012fsigyti i\u0161 plataus apmu\u0161al\u0173 audini\u0173 asortimento<br \/>\n\u2013 R\u0117mas pagamintas i\u0161 pu\u0161ies medienos, med\u017eio dro\u017eli\u0173 plok\u0161t\u0117s arba pluo\u0161to plok\u0161t\u0117s<br \/>\n\u2013 S\u0117dyn\u0117 turi banguot\u0105 spyruokl\u0119 ir poliuretano putas<br \/>\n\u2013 Atlo\u0161ai pagaminti i\u0161 putplas\u010dio<br \/>\nPastabos:<br \/>\n\u2013 Standartiniai baldai pagaminti i\u0161 vieno audinio<br \/>\n\u2013 Kaina nurodyta u\u017e kampin\u0119 sof\u0105 i\u0161 audinio\/eko odos, kurios storis 100 mm. 1<br \/>\n\u2013 Audinio tipas turi \u012ftakos kampin\u0117s sofos kainai.<br \/>\n\u2013 Lovos galv\u016bgalis galimas u\u017e papildom\u0105 mokest\u012f.<br \/>\n\u00a0<\/p>","protected":false},"excerpt":{"rendered":"<p>CHIVAS kampin\u0117 sofa yra funkcionalus baldas, kur\u012f galima pritaikyti individualiems poreikiams. \u0160is modelis turi miegojimo funkcij\u0105, kuri\u0105 galima aktyvuoti naudojant klasikin\u012f DL mechanizm\u0105. Didel\u012f komfort\u0105 dar labiau padidina judan\u010dios galvos atramos ir reguliuojami porankiai, leid\u017eiantys patogiai atsipalaiduoti. Prakti\u0161kas patalyn\u0117s skyrius si\u016blo [\u2026]<\/p>","protected":false},"featured_media":217176,"comment_status":"open","ping_status":"closed","template":"","meta":[],"product_brand":[],"product_cat":[9133],"product_tag":[],"class_list":{"0":"post-217134","1":"product","2":"type-product","3":"status-publish","4":"has-post-thumbnail","6":"product_cat-grouped","8":"first","9":"instock","10":"shipping-taxable","11":"purchasable","12":"product-type-variable","13":"wvs-archive-product-wrapper"},"_links":{"self":[{"href":"https:\/\/baldumarket.lt\/lt\/wp-json\/wp\/v2\/product\/217134","targetHints":{"allow":["GET"]}}],"collection":[{"href":"https:\/\/baldumarket.lt\/lt\/wp-json\/wp\/v2\/product"}],"about":[{"href":"https:\/\/baldumarket.lt\/lt\/wp-json\/wp\/v2\/types\/product"}],"replies":[{"embeddable":true,"href":"https:\/\/baldumarket.lt\/lt\/wp-json\/wp\/v2\/comments?post=217134"}],"wp:featuredmedia":[{"embeddable":true,"href":"https:\/\/baldumarket.lt\/lt\/wp-json\/wp\/v2\/media\/217176"}],"wp:attachment":[{"href":"https:\/\/baldumarket.lt\/lt\/wp-json\/wp\/v2\/media?parent=217134"}],"wp:term":[{"taxonomy":"product_brand","embeddable":true,"href":"https:\/\/baldumarket.lt\/lt\/wp-json\/wp\/v2\/product_brand?post=217134"},{"taxonomy":"product_cat","embeddable":true,"href":"https:\/\/baldumarket.lt\/lt\/wp-json\/wp\/v2\/product_cat?post=217134"},{"taxonomy":"product_tag","embeddable":true,"href":"https:\/\/baldumarket.lt\/lt\/wp-json\/wp\/v2\/product_tag?post=217134"}],"curies":[{"name":"wp","href":"https:\/\/api.w.org\/{rel}","templated":true}]}}