{"id":217133,"date":"2025-12-27T03:21:52","date_gmt":"2025-12-27T00:21:52","guid":{"rendered":"https:\/\/baldumarket.lt\/?post_type=product&#038;p=217133"},"modified":"2026-02-03T23:14:04","modified_gmt":"2026-02-03T20:14:04","slug":"naroznik-panama","status":"publish","type":"product","link":"https:\/\/baldumarket.lt\/lt\/product\/naroznik-panama\/","title":{"rendered":"PANAMA kampin\u0117 sofa"},"content":{"rendered":"<p>PANAMA \u2013 tai unikali kampin\u0117 sofa, kuri geriausiai tiks erdviems interjerams su moderniu, minimalistiniu prisilietimu. Ji stovi ant subtili\u0173 chromuot\u0173 kojeli\u0173 ir turi chromuotus porankius bei atlo\u0161us, suteikian\u010dius dizainerio akcent\u0105. Kampin\u0117 sofa pasi\u017eymi paprasta s\u0117dyne, sudaryta i\u0161 dviej\u0173 pailg\u0173 moduli\u0173, kuriuos papildo keturios didel\u0117s atlo\u0161o pagalv\u0117l\u0117s, puikiai deran\u010dios prie bendro dizaino. PANAMA sofa turi patalyn\u0117s skyri\u0173 ir \u201eDelfin\u201c sulankstymo sistem\u0105, u\u017etikrinan\u010di\u0105 erdv\u0173 miegojimo pavir\u0161i\u0173. Modelis tiekiamas kairiarankiams ir de\u0161iniarankiams, o apmu\u0161al\u0173 pasirinkimas platus. Matmenys:<br \/>\n\u2013 plotis: 270\/190 cm<br \/>\n\u2013 auk\u0161tis: 72\/83 cm<br \/>\n\u2013 gylis: 108 cm<br \/>\n\u2013 miegamoji erdv\u0117: 150 \u00d7 222 cm<br \/>\nSavyb\u0117s ir dizainas:<br \/>\n\u2013 miego funkcija,<br \/>\n\u2013 patalyn\u0117s laikymo vieta,<br \/>\n\u2013 vingiuota spyruokl\u0117,<br \/>\n\u2013 medinis r\u0117mas + med\u017eio dro\u017eli\u0173 plok\u0161t\u0117,<br \/>\n\u2013 laisvai stovinti kampin\u0117 sofa,<br \/>\n\u2013 chromuotos kojel\u0117s,<br \/>\n\u2013 galima \u012fsigyti i\u0161 plataus apmu\u0161al\u0173 audini\u0173 asortimento<br \/>\n\u0160i kampin\u0117 sofa pasi\u017eymi novatori\u0161ka \u201edolphin\u201c sulankstymo sistema \u2013 i\u0161 po s\u0117dyn\u0117s i\u0161slystan\u010diu ve\u017eim\u0117liu.<br \/>\nJei derinate spalvas viename modelyje, galite gauti individual\u0173 kainos pasi\u016blym\u0105. Pra\u0161ome atsi\u0173sti u\u017eklaus\u0105.<\/p>","protected":false},"excerpt":{"rendered":"<p>PANAMA \u2013 tai unikali kampin\u0117 sofa, kuri geriausiai tiks erdviems interjerams su moderniu, minimalistiniu prisilietimu. Ji stovi ant subtili\u0173 chromuot\u0173 kojeli\u0173 ir turi chromuotus porankius bei atlo\u0161us, suteikian\u010dius jai dizainerio akcent\u0105. Kampin\u0117 sofa pasi\u017eymi paprasta s\u0117dyne, sudaryta i\u0161 dviej\u0173 pailg\u0173 moduli\u0173, kuriuos papildo keturios didel\u0117s atlo\u0161o pagalv\u0117l\u0117s, kurios puikiai dera prie [\u2026]<\/p>","protected":false},"featured_media":217148,"comment_status":"open","ping_status":"closed","template":"","meta":[],"product_brand":[],"product_cat":[7905,616,1983],"product_tag":[],"class_list":{"0":"post-217133","1":"product","2":"type-product","3":"status-publish","4":"has-post-thumbnail","6":"product_cat-benix","7":"product_cat-corners","8":"product_cat-corners-l","10":"first","11":"instock","12":"shipping-taxable","13":"product-type-grouped"},"_links":{"self":[{"href":"https:\/\/baldumarket.lt\/lt\/wp-json\/wp\/v2\/product\/217133","targetHints":{"allow":["GET"]}}],"collection":[{"href":"https:\/\/baldumarket.lt\/lt\/wp-json\/wp\/v2\/product"}],"about":[{"href":"https:\/\/baldumarket.lt\/lt\/wp-json\/wp\/v2\/types\/product"}],"replies":[{"embeddable":true,"href":"https:\/\/baldumarket.lt\/lt\/wp-json\/wp\/v2\/comments?post=217133"}],"wp:featuredmedia":[{"embeddable":true,"href":"https:\/\/baldumarket.lt\/lt\/wp-json\/wp\/v2\/media\/217148"}],"wp:attachment":[{"href":"https:\/\/baldumarket.lt\/lt\/wp-json\/wp\/v2\/media?parent=217133"}],"wp:term":[{"taxonomy":"product_brand","embeddable":true,"href":"https:\/\/baldumarket.lt\/lt\/wp-json\/wp\/v2\/product_brand?post=217133"},{"taxonomy":"product_cat","embeddable":true,"href":"https:\/\/baldumarket.lt\/lt\/wp-json\/wp\/v2\/product_cat?post=217133"},{"taxonomy":"product_tag","embeddable":true,"href":"https:\/\/baldumarket.lt\/lt\/wp-json\/wp\/v2\/product_tag?post=217133"}],"curies":[{"name":"wp","href":"https:\/\/api.w.org\/{rel}","templated":true}]}}