{"id":217083,"date":"2025-12-27T03:18:46","date_gmt":"2025-12-27T00:18:46","guid":{"rendered":"https:\/\/baldumarket.lt\/?post_type=product&#038;p=217083"},"modified":"2026-03-24T12:04:15","modified_gmt":"2026-03-24T09:04:15","slug":"naroznik-lagos-gr2","status":"publish","type":"product","link":"https:\/\/baldumarket.lt\/lt\/product\/naroznik-lagos-gr2\/","title":{"rendered":"LAGOS Gr2 kampin\u0117 sofa"},"content":{"rendered":"<p>LAGOS \u2013 i\u0161skirtinai stilingas baldas, kuris puikiai der\u0117s prie modernaus ir skoningai \u012frengto svetain\u0117s kambario. Geometrin\u0117, segmentuota forma puikiai dera su lygiomis apmu\u0161alais. Apvalios, \u012fmantrios atlo\u0161o ir poranki\u0173 formos suteikia \u0161iam baldui vizualiai patrauklumo, ta\u010diau minimalistinio stiliaus. Galvos atramos turi judan\u010dius reketinius pak\u0117limus, kurie suteikia sofai dar daugiau funkcionalumo. D\u0117l \u201eDelfin\u201c sulankstymo sistemos j\u0105 galima paversti miegojimo vieta, tod\u0117l ji tampa prakti\u0161kesn\u0117. Viduje taip pat rasite patalyn\u0117s daiktad\u0117\u017e\u0119. Matmenys:<br \/>\n\u2013 Plotis: 272\/219 cm<br \/>\n\u2013 Auk\u0161tis: 68\/85 cm<br \/>\n\u2013 Gylis: 98 cm<br \/>\n\u2013 Miegamoji erdv\u0117: 126 x 197 cm<br \/>\nSavyb\u0117s ir dizainas:<br \/>\n\u2013 Moderni kampin\u0117 sofa su miegojimo funkcija ir daiktad\u0117\u017ee<br \/>\n\u2013 Miego funkcija su DELFIN automatiniu mechanizmu<br \/>\n\u2013 Trys judan\u010dios galvos atramos su reketiniais keltuvais<br \/>\n\u2013 Chromuotos plastikin\u0117s kojel\u0117s<br \/>\n\u2013 Vienpusis porankis<br \/>\n\u2013 Galima \u012fsigyti i\u0161 plataus apmu\u0161al\u0173 audini\u0173 asortimento<br \/>\n\u2013 Laisvai stovinti kampin\u0117 sofa<br \/>\n\u2013 R\u0117mas pagamintas i\u0161 pu\u0161ies medienos, med\u017eio dro\u017eli\u0173 plok\u0161t\u0117s, medienos plau\u0161\u0173 plok\u0161t\u0117s ir faneros<br \/>\n\u2013 S\u0117dyn\u0117 turi banguot\u0105 spyruokl\u0119 ir poliuretano putas<br \/>\n\u2013 Atlo\u0161as pagamintas i\u0161 putplas\u010dio<br \/>\n\u2013 \u0160onin\u0117s panel\u0117s \/ porankiai pagaminti i\u0161 putplas\u010dio<br \/>\n\u0160i kampin\u0117 sofa pasi\u017eymi novatori\u0161ka delfin\u0173 sistema \u2013 i\u0161 po s\u0117dyn\u0117s i\u0161slystan\u010diu ve\u017eim\u0117liu.<\/p>","protected":false},"excerpt":{"rendered":"<p>LAGOS \u2013 tai i\u0161skirtinai stilingas baldas, kuris puikiai der\u0117s prie modernaus ir skoningai \u012frengto svetain\u0117s kambario. Geometrin\u0117, segmentuota forma puikiai dera su lygiomis apmu\u0161alais. Apvalios, \u012fmantrios atlo\u0161o ir poranki\u0173 formos suteikia \u0161iam baldui vizualiai patraukl\u0173, ta\u010diau minimalistin\u012f \u012fvaizd\u012f. Galvos atramos turi judan\u010dius reketinius pak\u0117limus, kurie suteikia sofai dar daugiau funkcionalumo. [\u2026]<\/p>","protected":false},"featured_media":217116,"comment_status":"open","ping_status":"closed","template":"","meta":[],"product_brand":[],"product_cat":[9133],"product_tag":[],"class_list":{"0":"post-217083","1":"product","2":"type-product","3":"status-publish","4":"has-post-thumbnail","6":"product_cat-grouped","8":"first","9":"instock","10":"shipping-taxable","11":"purchasable","12":"product-type-variable","13":"wvs-archive-product-wrapper"},"_links":{"self":[{"href":"https:\/\/baldumarket.lt\/lt\/wp-json\/wp\/v2\/product\/217083","targetHints":{"allow":["GET"]}}],"collection":[{"href":"https:\/\/baldumarket.lt\/lt\/wp-json\/wp\/v2\/product"}],"about":[{"href":"https:\/\/baldumarket.lt\/lt\/wp-json\/wp\/v2\/types\/product"}],"replies":[{"embeddable":true,"href":"https:\/\/baldumarket.lt\/lt\/wp-json\/wp\/v2\/comments?post=217083"}],"wp:featuredmedia":[{"embeddable":true,"href":"https:\/\/baldumarket.lt\/lt\/wp-json\/wp\/v2\/media\/217116"}],"wp:attachment":[{"href":"https:\/\/baldumarket.lt\/lt\/wp-json\/wp\/v2\/media?parent=217083"}],"wp:term":[{"taxonomy":"product_brand","embeddable":true,"href":"https:\/\/baldumarket.lt\/lt\/wp-json\/wp\/v2\/product_brand?post=217083"},{"taxonomy":"product_cat","embeddable":true,"href":"https:\/\/baldumarket.lt\/lt\/wp-json\/wp\/v2\/product_cat?post=217083"},{"taxonomy":"product_tag","embeddable":true,"href":"https:\/\/baldumarket.lt\/lt\/wp-json\/wp\/v2\/product_tag?post=217083"}],"curies":[{"name":"wp","href":"https:\/\/api.w.org\/{rel}","templated":true}]}}