{"id":217054,"date":"2025-12-27T03:17:01","date_gmt":"2025-12-27T00:17:01","guid":{"rendered":"https:\/\/baldumarket.lt\/?post_type=product&#038;p=217054"},"modified":"2026-03-24T12:01:09","modified_gmt":"2026-03-24T09:01:09","slug":"naroznik-bono-gr1","status":"publish","type":"product","link":"https:\/\/baldumarket.lt\/lt\/product\/naroznik-bono-gr1\/","title":{"rendered":"BONO Gr1 kampin\u0117 sofa"},"content":{"rendered":"<p>BONO \u2013 eleganti\u0161ka kampin\u0117 sofa, kuri prad\u017eiugins visus funkcionali\u0173 ir stiling\u0173 sprendim\u0173 m\u0117g\u0117jus. \u017dem\u0105 dizain\u0105 pary\u0161kina mink\u0161tos pagalv\u0117l\u0117s, kurios papildo atlo\u0161\u0105. Plati s\u0117dyn\u0117 yra subtiliai dygsniuota, puikiai deranti prie dideli\u0173, plok\u0161\u010di\u0173 poranki\u0173. \u0160i daugiaviet\u0117 kampin\u0117 sofa apr\u016bpinta DL prailginimo sistema, kuri\u0105 galima dar labiau patobulinti automatiniu mechanizmu, kad b\u016bt\u0173 lengva i\u0161skleisti. BONO taip pat turi prakti\u0161k\u0105 patalyn\u0117s skyri\u0173 ir dekoratyvin\u0119 pagalv\u0117l\u0119. Be to, kampin\u0117 sofa yra kair\u0117s ir de\u0161in\u0117s pus\u0117s, o jos apmu\u0161alus galima rinktis i\u0161 plataus ra\u0161t\u0173 ir spalv\u0173 asortimento. Matmenys:<br \/>\n\u2013 Plotis: 313\/215 cm<br \/>\n\u2013 Auk\u0161tis: 72\/82 cm<br \/>\n\u2013 Gylis: 90 cm<br \/>\n\u2013 Miegamoji erdv\u0117: 140 x 245 cm<br \/>\nSavyb\u0117s ir dizainas:<br \/>\n\u2013 Kampin\u0117 sofa su miegojimo funkcija ir patalyn\u0117s d\u0117\u017ee<br \/>\n\u2013 Laisvai stovinti kampin\u0117 sofa<br \/>\n\u2013 DL-ka sulankstymo sistema be automatin\u0117s funkcijos<br \/>\n\u2013 I\u0161traukiama s\u0117dyn\u0117, sulankstomas atlo\u0161as, patalyn\u0117s skyrius<br \/>\n\u2013 Plastikin\u0117s kojel\u0117s<br \/>\n\u2013 3 atlo\u0161o pagalv\u0117l\u0117s ir 1 dekoratyvin\u0117 pagalv\u0117l\u0117<br \/>\n\u2013 Galima \u012fsigyti i\u0161 plataus apmu\u0161al\u0173 audini\u0173 asortimento<br \/>\n\u2013 R\u0117mas pagamintas i\u0161 pu\u0161ies medienos, med\u017eio dro\u017eli\u0173 plok\u0161t\u0117s, pluo\u0161to plok\u0161t\u0117s ir faneros<br \/>\n\u2013 S\u0117dyn\u0117 turi banguot\u0105 spyruokl\u0119 ir poliuretano putas<br \/>\n\u2013 Atlo\u0161o pagalv\u0117l\u0117s yra supl\u0117\u0161yto putplas\u010dio pamink\u0161tinimu<br \/>\n\u2013 \u0160onin\u0117se \/ poranki\u0173 pagalv\u0117l\u0117se naudojamas putplastis<br \/>\nPastabos:<br \/>\n\u2013 Standartinis dviej\u0173 audini\u0173 derinys, kaip parodyta nuotraukoje, arba vieno audinio<br \/>\n\u2013 Papildomai galima u\u017esisakyti apmu\u0161alus, u\u017e papildom\u0105 mokest\u012f galima u\u017esisakyti automatin\u0119 i\u0161skleidimo sistem\u0105.<\/p>","protected":false},"excerpt":{"rendered":"<p>BONO \u2013 eleganti\u0161ka kampin\u0117 sofa, kuri prad\u017eiugins visus funkcionali\u0173 ir stiling\u0173 sprendim\u0173 m\u0117g\u0117jus. \u017dem\u0105 dizain\u0105 pary\u0161kina mink\u0161tos pagalv\u0117l\u0117s, kurios papildo atlo\u0161\u0105. Plati s\u0117dyn\u0117 yra subtiliai dygsniuota, puikiai deranti prie dideli\u0173, plok\u0161\u010di\u0173 poranki\u0173. \u0160i daugiaviet\u0117 kampin\u0117 sofa apr\u016bpinta DL prailginimo sistema, kuri\u0105 galima dar labiau patobulinti [\u2026]<\/p>","protected":false},"featured_media":217096,"comment_status":"open","ping_status":"closed","template":"","meta":[],"product_brand":[],"product_cat":[9133],"product_tag":[],"class_list":{"0":"post-217054","1":"product","2":"type-product","3":"status-publish","4":"has-post-thumbnail","6":"product_cat-grouped","8":"first","9":"instock","10":"shipping-taxable","11":"purchasable","12":"product-type-variable","13":"wvs-archive-product-wrapper"},"_links":{"self":[{"href":"https:\/\/baldumarket.lt\/lt\/wp-json\/wp\/v2\/product\/217054","targetHints":{"allow":["GET"]}}],"collection":[{"href":"https:\/\/baldumarket.lt\/lt\/wp-json\/wp\/v2\/product"}],"about":[{"href":"https:\/\/baldumarket.lt\/lt\/wp-json\/wp\/v2\/types\/product"}],"replies":[{"embeddable":true,"href":"https:\/\/baldumarket.lt\/lt\/wp-json\/wp\/v2\/comments?post=217054"}],"wp:featuredmedia":[{"embeddable":true,"href":"https:\/\/baldumarket.lt\/lt\/wp-json\/wp\/v2\/media\/217096"}],"wp:attachment":[{"href":"https:\/\/baldumarket.lt\/lt\/wp-json\/wp\/v2\/media?parent=217054"}],"wp:term":[{"taxonomy":"product_brand","embeddable":true,"href":"https:\/\/baldumarket.lt\/lt\/wp-json\/wp\/v2\/product_brand?post=217054"},{"taxonomy":"product_cat","embeddable":true,"href":"https:\/\/baldumarket.lt\/lt\/wp-json\/wp\/v2\/product_cat?post=217054"},{"taxonomy":"product_tag","embeddable":true,"href":"https:\/\/baldumarket.lt\/lt\/wp-json\/wp\/v2\/product_tag?post=217054"}],"curies":[{"name":"wp","href":"https:\/\/api.w.org\/{rel}","templated":true}]}}