{"id":217043,"date":"2025-12-27T03:16:15","date_gmt":"2025-12-27T00:16:15","guid":{"rendered":"https:\/\/baldumarket.lt\/?post_type=product&#038;p=217043"},"modified":"2026-03-24T12:04:15","modified_gmt":"2026-03-24T09:04:15","slug":"naroznik-asti-gr2","status":"publish","type":"product","link":"https:\/\/baldumarket.lt\/lt\/product\/naroznik-asti-gr2\/","title":{"rendered":"ASTI Gr2 kampin\u0117 sofa"},"content":{"rendered":"<p>Kampin\u0117 sofa ASTI \u2013 tai \u017eavingas baldas, apr\u016bpintas moderniais sprendimais. Ji turi du tiesius, pla\u010dius porankius ir tris nugaros pagalv\u0117les, o komplekte taip pat yra pagalv\u0117 su prisi\u016btu atlo\u0161u ir galvos atrama. Standarti\u0161kai kampin\u0117 sofa yra su viengule apmu\u0161alais, ta\u010diau pageidaujant galima \u012fsigyti papildom\u0105 galvos atram\u0105. Kampin\u0117 sofa yra kair\u0117s ir de\u0161in\u0117s pus\u0117s, kad geriau der\u0117t\u0173 prie j\u016bs\u0173 svetain\u0117s interjero. ASTI i\u0161siskleid\u017eia delfino mechanizmu ir turi prakti\u0161k\u0105 patalyn\u0117s daiktad\u0117\u017e\u0119. Reguliuojamas s\u0117dyn\u0117s gylis ir papildomos galvos atramos tikrai u\u017etikrins \u201cindividual\u0173 komfort\u0105\u201d!<br \/>\nMatmenys:<br \/>\n\u2013 Plotis: 188\/260 cm<br \/>\n\u2013 Auk\u0161tis: 77\/87 cm<br \/>\n\u2013 Gylis: 116 cm<br \/>\n\u2013 Miegamoji erdv\u0117: 150 x 214 cm<br \/>\nSavyb\u0117s ir dizainas:<br \/>\n\u2013 Miego funkcija \u2013 DELFIN automatinis mechanizmas<br \/>\n\u2013 Reguliuojamas s\u0117dyn\u0117s gylis (su 3 atlo\u0161o pagalv\u0117l\u0117mis)<br \/>\n\u2013 Pridedamos dvi juosmens pagalv\u0117s (ritin\u0117liai)<br \/>\n\u2013 Patalyn\u0117s laikymo vieta<br \/>\n\u2013 Metalin\u0117s kojel\u0117s<br \/>\n\u2013 Laisvai stovinti kampin\u0117 sofa<br \/>\n\u2013 Galima \u012fsigyti i\u0161 plataus apmu\u0161al\u0173 audini\u0173 asortimento<br \/>\n\u2013 R\u0117mas pagamintas i\u0161 pu\u0161ies medienos, med\u017eio dro\u017eli\u0173 plok\u0161t\u0117s, medienos plau\u0161\u0173 plok\u0161t\u0117s ir faneros<br \/>\n\u2013 S\u0117dyn\u0117 turi banguot\u0105 spyruokl\u0119 ir poliuretano putas<br \/>\n\u2013 Atlo\u0161as su silikoniniu u\u017epildu<br \/>\n\u2013 \u0160onini\u0173\/poranki\u0173 putos<br \/>\n\u012e kampin\u0117s sofos kain\u0105 \u012fskai\u010diuota ir kair\u0117je pus\u0117je pavaizduota pagalv\u0117 su \u012fsi\u016btu voleliu ir viena galvos atrama.<br \/>\nPastabos:<br \/>\n\u2013 Standartin\u0117 kampin\u0117 sofa, pagaminta i\u0161 vientiso audinio<br \/>\n\u2013 Papildoma galvos atrama galima \u012fsigyti kaip papildom\u0105 pried\u0105<\/p>","protected":false},"excerpt":{"rendered":"<p>ASTI kampin\u0117 sofa \u2013 \u017eavingas baldas, apr\u016bpintas moderniais sprendimais. Ji turi du tiesius, pla\u010dius porankius ir tris atlo\u0161o pagalv\u0117les, o komplekte taip pat yra pagalv\u0117l\u0117 su prisi\u016btu atlo\u0161u ir galvos atrama. Kampin\u0117 sofa standarti\u0161kai apmu\u0161ta viengule lova, ta\u010diau papildom\u0105 galvos atram\u0105 galima \u012fsigyti atskirai [\u2026]<\/p>","protected":false},"featured_media":217076,"comment_status":"open","ping_status":"closed","template":"","meta":[],"product_brand":[],"product_cat":[9133],"product_tag":[],"class_list":{"0":"post-217043","1":"product","2":"type-product","3":"status-publish","4":"has-post-thumbnail","6":"product_cat-grouped","8":"first","9":"instock","10":"shipping-taxable","11":"purchasable","12":"product-type-variable","13":"wvs-archive-product-wrapper"},"_links":{"self":[{"href":"https:\/\/baldumarket.lt\/lt\/wp-json\/wp\/v2\/product\/217043","targetHints":{"allow":["GET"]}}],"collection":[{"href":"https:\/\/baldumarket.lt\/lt\/wp-json\/wp\/v2\/product"}],"about":[{"href":"https:\/\/baldumarket.lt\/lt\/wp-json\/wp\/v2\/types\/product"}],"replies":[{"embeddable":true,"href":"https:\/\/baldumarket.lt\/lt\/wp-json\/wp\/v2\/comments?post=217043"}],"wp:featuredmedia":[{"embeddable":true,"href":"https:\/\/baldumarket.lt\/lt\/wp-json\/wp\/v2\/media\/217076"}],"wp:attachment":[{"href":"https:\/\/baldumarket.lt\/lt\/wp-json\/wp\/v2\/media?parent=217043"}],"wp:term":[{"taxonomy":"product_brand","embeddable":true,"href":"https:\/\/baldumarket.lt\/lt\/wp-json\/wp\/v2\/product_brand?post=217043"},{"taxonomy":"product_cat","embeddable":true,"href":"https:\/\/baldumarket.lt\/lt\/wp-json\/wp\/v2\/product_cat?post=217043"},{"taxonomy":"product_tag","embeddable":true,"href":"https:\/\/baldumarket.lt\/lt\/wp-json\/wp\/v2\/product_tag?post=217043"}],"curies":[{"name":"wp","href":"https:\/\/api.w.org\/{rel}","templated":true}]}}