{"id":217025,"date":"2025-12-27T03:15:02","date_gmt":"2025-12-27T00:15:02","guid":{"rendered":"https:\/\/baldumarket.lt\/?post_type=product&#038;p=217025"},"modified":"2026-03-24T12:01:09","modified_gmt":"2026-03-24T09:01:09","slug":"sofa-rozkladana-martina-gr1","status":"publish","type":"product","link":"https:\/\/baldumarket.lt\/lt\/product\/sofa-rozkladana-martina-gr1\/","title":{"rendered":"MARTINA 1 dyd\u017eio sofa-lova"},"content":{"rendered":"<p>\u201eMartina\u201c sofa-lova \u2013 tai modernus, funkcionalus baldas, leid\u017eiantis kokybi\u0161kai atsipalaiduoti tiek dien\u0105, tiek nakt\u012f. D\u0117l integruotos DL sistemos \u201eMartina\u201c lengvai transformuojama \u012f pilno dyd\u017eio lov\u0105 \u2013 tereikia i\u0161traukti s\u0117dyn\u0119 ir atlo\u0161u u\u017edengti atvir\u0105 patalyn\u0117s skyri\u0173. Pa\u017eym\u0117tini ir judantys porankiai, kurie, paguldyti horizontaliai, suteikia daugiau s\u0117d\u0117jimo vietos, o pakelti \u2013 suteikia galvos atram\u0105 atsipalaidavus. Konstrukcij\u0105 laiko chromuotos kojel\u0117s, kurios suteikia grak\u0161tumo ir lengvumo. D\u0117l savo formos ir dyd\u017eio ji tilps bet kurioje svetain\u0117je, sve\u010di\u0173 kambaryje ar jaunimo kambaryje.<br \/>\nMatmenys:<br \/>\n\u2013 plotis 210 cm<br \/>\n\u2013 auk\u0161tis 74\/86 cm<br \/>\n\u2013 gylis 100 cm<br \/>\n\u2013 Miegamosios dalies matmenys: 150 x 205 cm<br \/>\nSavyb\u0117s:<br \/>\n\u2013 Sofa su miegojimo funkcija<br \/>\n\u2013 \u012eskai\u010diuota patalyn\u0117s d\u0117\u017e\u0117<br \/>\n\u2013 2 nugaros pagalv\u0117l\u0117s<br \/>\n\u2013 Reguliuojami porankiai<br \/>\n\u2013 Galima \u012fsigyti i\u0161 plataus apmu\u0161al\u0173 audini\u0173 asortimento<br \/>\n\u2013 Vingiuotos spyruokl\u0117s<br \/>\n\u2013 Chromuotos kojel\u0117s<br \/>\nDL-KA sulankstymo sistema su automatiniu i\u0161skleidimo asistentu.<\/p>","protected":false},"excerpt":{"rendered":"<p>\u201eMartina\u201c sofa-lova \u2013 tai modernus, funkcionalus baldas, leid\u017eiantis kokybi\u0161kai atsipalaiduoti tiek dien\u0105, tiek nakt\u012f. D\u0117l integruotos DL sistemos \u201eMartina\u201c galima lengvai transformuoti \u012f pilno dyd\u017eio lov\u0105 \u2013 tereikia i\u0161traukti s\u0117dyn\u0119 ir u\u017edengti atvir\u0105 patalyn\u0117s skyri\u0173 atlo\u0161u. Verta pamin\u0117ti judan\u010dius porankius, [\u2026]<\/p>","protected":false},"featured_media":217058,"comment_status":"open","ping_status":"closed","template":"","meta":[],"product_brand":[],"product_cat":[9133],"product_tag":[],"class_list":{"0":"post-217025","1":"product","2":"type-product","3":"status-publish","4":"has-post-thumbnail","6":"product_cat-grouped","8":"first","9":"instock","10":"shipping-taxable","11":"purchasable","12":"product-type-variable","13":"wvs-archive-product-wrapper"},"_links":{"self":[{"href":"https:\/\/baldumarket.lt\/lt\/wp-json\/wp\/v2\/product\/217025","targetHints":{"allow":["GET"]}}],"collection":[{"href":"https:\/\/baldumarket.lt\/lt\/wp-json\/wp\/v2\/product"}],"about":[{"href":"https:\/\/baldumarket.lt\/lt\/wp-json\/wp\/v2\/types\/product"}],"replies":[{"embeddable":true,"href":"https:\/\/baldumarket.lt\/lt\/wp-json\/wp\/v2\/comments?post=217025"}],"wp:featuredmedia":[{"embeddable":true,"href":"https:\/\/baldumarket.lt\/lt\/wp-json\/wp\/v2\/media\/217058"}],"wp:attachment":[{"href":"https:\/\/baldumarket.lt\/lt\/wp-json\/wp\/v2\/media?parent=217025"}],"wp:term":[{"taxonomy":"product_brand","embeddable":true,"href":"https:\/\/baldumarket.lt\/lt\/wp-json\/wp\/v2\/product_brand?post=217025"},{"taxonomy":"product_cat","embeddable":true,"href":"https:\/\/baldumarket.lt\/lt\/wp-json\/wp\/v2\/product_cat?post=217025"},{"taxonomy":"product_tag","embeddable":true,"href":"https:\/\/baldumarket.lt\/lt\/wp-json\/wp\/v2\/product_tag?post=217025"}],"curies":[{"name":"wp","href":"https:\/\/api.w.org\/{rel}","templated":true}]}}