{"id":21702,"date":"2025-11-14T13:32:06","date_gmt":"2025-11-14T10:32:06","guid":{"rendered":"https:\/\/baldumarket.lt\/product\/materac-kieszeniowy-palmo-160x200-hipoalergiczny-pokrowiec\/"},"modified":"2026-03-24T18:25:29","modified_gmt":"2026-03-24T15:25:29","slug":"materac-kieszeniowy-palmo-160x200-hipoalergiczny-pokrowiec","status":"publish","type":"product","link":"https:\/\/baldumarket.lt\/lt\/product\/materac-kieszeniowy-palmo-160x200-hipoalergiczny-pokrowiec\/","title":{"rendered":"\u201ePalmo Pocket\u201c \u010diu\u017einio u\u017evalkalas, 160\u00d7200, hipoalerginis"},"content":{"rendered":"<p>Da\u017enai nesusim\u0105stome, koks svarbus yra sveikas stuburas. Tirpimas, koj\u0173 ir rank\u0173 skausmas bei galvos skausmai \u2013 tai tik keletas negalavim\u0173, kuriuos sukelia stuburo problemos. J\u0173 galima i\u0161vengti mank\u0161tinantis arba pasirinkus tinkam\u0105 \u010diu\u017ein\u012f. \u201ePalmo\u201c ki\u0161enini\u0173 spyruokli\u0173 \u010diu\u017einys \u2013 m\u016bs\u0173 atsakas \u012f j\u016bs\u0173 poreikius. Pagamintas i\u0161 auk\u0161\u010diausios kokyb\u0117s latekso put\u0173, viskoelastini\u0173 put\u0173 ir ki\u0161enini\u0173 spyruokli\u0173, tai puikus b\u016bdas pagerinti miego kokyb\u0119. Papildomas \u201ePalmo\u201c \u010diu\u017einio privalumas \u2013 nuimamas u\u017evalkalas.<\/p>","protected":false},"excerpt":{"rendered":"<p>Da\u017enai nesusim\u0105stome, koks svarbus yra sveikas stuburas. Tirpimas, koj\u0173 ir rank\u0173 skausmas bei galvos skausmai \u2013 tai tik keletas negalavim\u0173, kuriuos sukelia stuburo problemos. J\u0173 galima i\u0161vengti mank\u0161tinantis arba pasirinkus tinkam\u0105 \u010diu\u017ein\u012f. \u201ePalmo\u201c ki\u0161enini\u0173 spyruokli\u0173 \u010diu\u017einys \u2013 m\u016bs\u0173 atsakas \u012f j\u016bs\u0173 poreikius. Pagamintas i\u0161 auk\u0161\u010diausios kokyb\u0117s [\u2026]<\/p>","protected":false},"featured_media":21680,"comment_status":"open","ping_status":"open","template":"","meta":[],"product_brand":[],"product_cat":[2012,1099,1978],"product_tag":[],"class_list":{"0":"post-21702","1":"product","2":"type-product","3":"status-publish","4":"has-post-thumbnail","6":"product_cat-eltap","7":"product_cat-mattresses","8":"product_cat-mattresses-160x200","9":"pa_frame-material-undefined","10":"pa_frame-material-type-undefined","11":"pa_leg-color-undefined","12":"pa_leg-material-undefined","13":"pa_linen-box-undefined","14":"pa_main-color-white","15":"pa_price-group-basic","16":"pa_seat-depth-undefined","17":"pa_seat-width-undefined","18":"pa_sleep-function-yes","19":"pa_sleeping-area-length-498","20":"pa_sleeping-area-width-497","21":"pa_style-undefined","22":"pa_textile-microfibre","23":"pa_upholstery-material-undefined","25":"first","26":"instock","27":"purchasable","28":"product-type-simple"},"_links":{"self":[{"href":"https:\/\/baldumarket.lt\/lt\/wp-json\/wp\/v2\/product\/21702","targetHints":{"allow":["GET"]}}],"collection":[{"href":"https:\/\/baldumarket.lt\/lt\/wp-json\/wp\/v2\/product"}],"about":[{"href":"https:\/\/baldumarket.lt\/lt\/wp-json\/wp\/v2\/types\/product"}],"replies":[{"embeddable":true,"href":"https:\/\/baldumarket.lt\/lt\/wp-json\/wp\/v2\/comments?post=21702"}],"wp:featuredmedia":[{"embeddable":true,"href":"https:\/\/baldumarket.lt\/lt\/wp-json\/wp\/v2\/media\/21680"}],"wp:attachment":[{"href":"https:\/\/baldumarket.lt\/lt\/wp-json\/wp\/v2\/media?parent=21702"}],"wp:term":[{"taxonomy":"product_brand","embeddable":true,"href":"https:\/\/baldumarket.lt\/lt\/wp-json\/wp\/v2\/product_brand?post=21702"},{"taxonomy":"product_cat","embeddable":true,"href":"https:\/\/baldumarket.lt\/lt\/wp-json\/wp\/v2\/product_cat?post=21702"},{"taxonomy":"product_tag","embeddable":true,"href":"https:\/\/baldumarket.lt\/lt\/wp-json\/wp\/v2\/product_tag?post=21702"}],"curies":[{"name":"wp","href":"https:\/\/api.w.org\/{rel}","templated":true}]}}