{"id":217012,"date":"2025-12-27T03:14:15","date_gmt":"2025-12-27T00:14:15","guid":{"rendered":"https:\/\/baldumarket.lt\/?post_type=product&#038;p=217012"},"modified":"2026-03-24T12:01:09","modified_gmt":"2026-03-24T09:01:09","slug":"pufa-manila-gr1","status":"publish","type":"product","link":"https:\/\/baldumarket.lt\/lt\/product\/pufa-manila-gr1\/","title":{"rendered":"MANILA pufas Gr1"},"content":{"rendered":"<p>MANILA pufas<br \/>\n\u201eManila\u201c pufas gali puikiai papildyti \u201eManila\u201c kampin\u0119 sof\u0105 arba b\u016bti naudojamas kaip atskiras pakojis ar papildoma s\u0117dyn\u0117 svetain\u0117je. Tvirta s\u0117dyn\u0117 ant auk\u0161t\u0173 metalini\u0173 kojeli\u0173 suteikia elegancijos, vizualinio lengvumo ir modernaus charakterio. \u0160\u012f model\u012f galima \u012fsigyti suasmeninta versija, pritaikyta j\u016bs\u0173 individualiems vizualiniams pageidavimams \u2013 tereikia i\u0161sirinkti tinkam\u0105 apmu\u0161al\u0105 i\u0161 plataus audini\u0173 pasirinkimo, pateikto gaminio papildomose parinktyse.<br \/>\nMatmenys:<br \/>\n\u2013 Plotis: 106 cm<br \/>\n\u2013 Gylis: 78 cm<br \/>\n\u2013 Auk\u0161tis: 44 cm<\/p>","protected":false},"excerpt":{"rendered":"<p>MANILA pufas Manila pufas gali puikiai papildyti kampin\u0119 sof\u0105 Manila arba b\u016bti naudojamas kaip atskira pakoj\u0117 arba kaip papildoma s\u0117dyn\u0117 svetain\u0117je. Tvirta s\u0117dyn\u0117 ant auk\u0161t\u0173 metalini\u0173 kojeli\u0173 suteikia elegancijos, vizualinio lengvumo ir modernaus charakterio. \u0160\u012f model\u012f galima \u012fsigyti [\u2026]<\/p>","protected":false},"featured_media":217037,"comment_status":"open","ping_status":"closed","template":"","meta":[],"product_brand":[],"product_cat":[9133],"product_tag":[],"class_list":{"0":"post-217012","1":"product","2":"type-product","3":"status-publish","4":"has-post-thumbnail","6":"product_cat-grouped","8":"first","9":"instock","10":"shipping-taxable","11":"purchasable","12":"product-type-variable","13":"wvs-archive-product-wrapper"},"_links":{"self":[{"href":"https:\/\/baldumarket.lt\/lt\/wp-json\/wp\/v2\/product\/217012","targetHints":{"allow":["GET"]}}],"collection":[{"href":"https:\/\/baldumarket.lt\/lt\/wp-json\/wp\/v2\/product"}],"about":[{"href":"https:\/\/baldumarket.lt\/lt\/wp-json\/wp\/v2\/types\/product"}],"replies":[{"embeddable":true,"href":"https:\/\/baldumarket.lt\/lt\/wp-json\/wp\/v2\/comments?post=217012"}],"wp:featuredmedia":[{"embeddable":true,"href":"https:\/\/baldumarket.lt\/lt\/wp-json\/wp\/v2\/media\/217037"}],"wp:attachment":[{"href":"https:\/\/baldumarket.lt\/lt\/wp-json\/wp\/v2\/media?parent=217012"}],"wp:term":[{"taxonomy":"product_brand","embeddable":true,"href":"https:\/\/baldumarket.lt\/lt\/wp-json\/wp\/v2\/product_brand?post=217012"},{"taxonomy":"product_cat","embeddable":true,"href":"https:\/\/baldumarket.lt\/lt\/wp-json\/wp\/v2\/product_cat?post=217012"},{"taxonomy":"product_tag","embeddable":true,"href":"https:\/\/baldumarket.lt\/lt\/wp-json\/wp\/v2\/product_tag?post=217012"}],"curies":[{"name":"wp","href":"https:\/\/api.w.org\/{rel}","templated":true}]}}