{"id":216974,"date":"2025-12-27T03:12:16","date_gmt":"2025-12-27T00:12:16","guid":{"rendered":"https:\/\/baldumarket.lt\/?post_type=product&#038;p=216974"},"modified":"2026-03-24T12:19:41","modified_gmt":"2026-03-24T09:19:41","slug":"lozko-z-pojemnikiem-levante-gr6","status":"publish","type":"product","link":"https:\/\/baldumarket.lt\/lt\/product\/lozko-z-pojemnikiem-levante-gr6\/","title":{"rendered":"LEVANTE Gr6 lova su daiktad\u0117\u017ee"},"content":{"rendered":"<p>LEVANTE lova su daiktad\u0117\u017ee<br \/>\n\u00a0\u00a0<br \/>\nMatmenys:<br \/>\n\u2013 Ilgis: 237 cm<br \/>\n\u2013 Plotis: 175 \/ 195 \/ 215 cm<br \/>\n\u2013 Auk\u0161tis: 97 cm<br \/>\n\u2013 D\u0117\u017eut\u0117s auk\u0161tis: 40 cm<br \/>\n\u2013 Kojel\u0117s auk\u0161tis: 14 cm<br \/>\n\u2013 Patalynei skirta vieta: 68 \/ 78 \/ 88 x 202 x 14 cm (x2)<br \/>\nGalimi miegam\u0173j\u0173 dyd\u017eiai:<br \/>\n\u2013 140 x 200 cm<br \/>\n\u2013 160 x 200 cm<br \/>\n\u2013 180 x 200 cm<br \/>\nMed\u017eiaga:<br \/>\n\u2013 Galv\u016bgalio konstrukcija: pu\u0161ies mediena, MDF plok\u0161t\u0117, med\u017eio dro\u017eli\u0173 plok\u0161t\u0117, fanera, apmu\u0161al\u0173 kartonas, T16\/20 putplastis, T14\/19 putplastis, silikonas<br \/>\n\u2013 Koj\u016bgalio konstrukcija: pu\u0161ies mediena, med\u017eio dro\u017eli\u0173 plok\u0161t\u0117, fanera, T16\/20 putplastis<br \/>\n\u2013 Konstrukcija \u0160onai: med\u017eio dro\u017eli\u0173 plok\u0161t\u0117, T16\/20 putplastis<br \/>\n\u2013 R\u0117mas: metalinis r\u0117mas su spyruoklin\u0117mis lentjuost\u0117mis (48 vnt.), keliamas i\u0161 apa\u010dios<br \/>\n\u2013 Keltuvas: dujinis keltuvas (1000 N)<br \/>\n\u2013 Kojel\u0117s: metalin\u0117s<br \/>\n\u00a0<br \/>\nSavyb\u0117s:<br \/>\n\u2013 Galima \u012fsigyti i\u0161 plataus audini\u0173 asortimento<br \/>\n\u2013 R\u0117mas pridedamas<br \/>\n\u2013 Maksimali patalyn\u0117s konteinerio apkrova: 7 kg<br \/>\n\u2013 \u010ciu\u017einys ne\u012fskai\u010diuotas<br \/>\n\u00a0<\/p>","protected":false},"excerpt":{"rendered":"<p>LEVANTE lovos su daiktad\u0117\u017ee matmenys: \u2013 Ilgis: 237 cm \u2013 Plotis: 175 \/ 195 \/ 215 cm \u2013 Auk\u0161tis: 97 cm \u2013 D\u0117\u017e\u0117s auk\u0161tis: 40 cm \u2013 Kojeli\u0173 auk\u0161tis: 14 cm \u2013 Patalyn\u0117s talpa: 68 \/ 78 \/ 88 x 202 x 14 cm (x2) Galimi miegojimo dyd\u017eiai: \u2013 140 x 200 cm \u2013 [\u2026]<\/p>","protected":false},"featured_media":216994,"comment_status":"open","ping_status":"closed","template":"","meta":[],"product_brand":[],"product_cat":[9133],"product_tag":[],"class_list":{"0":"post-216974","1":"product","2":"type-product","3":"status-publish","4":"has-post-thumbnail","6":"product_cat-grouped","8":"first","9":"instock","10":"shipping-taxable","11":"purchasable","12":"product-type-variable","13":"wvs-archive-product-wrapper"},"_links":{"self":[{"href":"https:\/\/baldumarket.lt\/lt\/wp-json\/wp\/v2\/product\/216974","targetHints":{"allow":["GET"]}}],"collection":[{"href":"https:\/\/baldumarket.lt\/lt\/wp-json\/wp\/v2\/product"}],"about":[{"href":"https:\/\/baldumarket.lt\/lt\/wp-json\/wp\/v2\/types\/product"}],"replies":[{"embeddable":true,"href":"https:\/\/baldumarket.lt\/lt\/wp-json\/wp\/v2\/comments?post=216974"}],"wp:featuredmedia":[{"embeddable":true,"href":"https:\/\/baldumarket.lt\/lt\/wp-json\/wp\/v2\/media\/216994"}],"wp:attachment":[{"href":"https:\/\/baldumarket.lt\/lt\/wp-json\/wp\/v2\/media?parent=216974"}],"wp:term":[{"taxonomy":"product_brand","embeddable":true,"href":"https:\/\/baldumarket.lt\/lt\/wp-json\/wp\/v2\/product_brand?post=216974"},{"taxonomy":"product_cat","embeddable":true,"href":"https:\/\/baldumarket.lt\/lt\/wp-json\/wp\/v2\/product_cat?post=216974"},{"taxonomy":"product_tag","embeddable":true,"href":"https:\/\/baldumarket.lt\/lt\/wp-json\/wp\/v2\/product_tag?post=216974"}],"curies":[{"name":"wp","href":"https:\/\/api.w.org\/{rel}","templated":true}]}}