{"id":216957,"date":"2025-12-27T03:11:12","date_gmt":"2025-12-27T00:11:12","guid":{"rendered":"https:\/\/baldumarket.lt\/?post_type=product&#038;p=216957"},"modified":"2026-03-24T12:19:48","modified_gmt":"2026-03-24T09:19:48","slug":"naroznik-chivas-program-2rp-gr6","status":"publish","type":"product","link":"https:\/\/baldumarket.lt\/lt\/product\/naroznik-chivas-program-2rp-gr6\/","title":{"rendered":"CHIVAS kampin\u0117 sofa \u2013 2RP Gr6 programa"},"content":{"rendered":"<p>CHIVAS kampin\u0117 sofa \u2013 stilingas baldas, si\u016blomas \u012fvairi\u0173 stili\u0173 ir dyd\u017ei\u0173, tod\u0117l galite j\u012f puikiai pritaikyti savo svetainei. \u0160i daugiaviet\u0117 kampin\u0117 sofa pasi\u017eymi tvirta s\u0117dyne, kuri\u0105 papildo didel\u0117s pagalv\u0117l\u0117s, kurios tarnauja kaip atlo\u0161ai. Tiek pagalv\u0117l\u0117s, tiek galvos atramos gali b\u016bti lengvai nuimamos ir perkeliamos. Papildomas \u0161io modelio privalumas \u2013 DL miegojimo funkcija ir reguliuojami porankiai. Dizainas taip pat apima erdv\u0173 patalyn\u0117s skyri\u0173, suteikiant\u012f papildomos naudingos erdv\u0117s. CHIVAS kampin\u0117s sofos apmu\u0161alai yra \u012fvairi\u0173 spalv\u0173, o pa\u010di\u0105 kampin\u0119 sof\u0105 galima u\u017esisakyti kair\u0117s arba de\u0161in\u0117s pus\u0117s versij\u0105. Matmenys:<br \/>\n\u2013 Plotis: 253 cm<br \/>\n\u2013 Plotis 2: 228 cm<br \/>\n\u2013 \u016agis: 76\u201389\u2013103 cm<br \/>\n\u2013 Gylis: 104 cm<br \/>\n\u2013 Miegamoji erdv\u0117: 203 x 130 cm<br \/>\nSavyb\u0117s:<br \/>\n\u2013 Moderni kampin\u0117 sofa su miegojimo funkcija ir vieta daiktams susid\u0117ti<br \/>\n\u2013 Miego funkcija (DL tipo)<br \/>\n\u2013 Medin\u0117 koja patogios porankio dalies apa\u010dioje<br \/>\n\u2013 Kampin\u0117 sofa su reguliuojamais porankiais ir nepriklausomais, mobiliais galvos atlo\u0161ais<br \/>\n\u2013 Galima \u012fsigyti i\u0161 plataus apmu\u0161al\u0173 audini\u0173 asortimento<br \/>\n\u2013 R\u0117mas pagamintas i\u0161 pu\u0161ies medienos, med\u017eio dro\u017eli\u0173 plok\u0161t\u0117s arba pluo\u0161to plok\u0161t\u0117s<br \/>\n\u2013 S\u0117dyn\u0117 turi banguot\u0105 spyruokl\u0119 ir poliuretano putas<br \/>\n\u2013 Atlo\u0161ai pagaminti i\u0161 putplas\u010dio<br \/>\nPastabos:<br \/>\n\u2013 Standartiniai baldai pagaminti i\u0161 vieno audinio<br \/>\n\u2013 Kaina nurodyta u\u017e kampin\u0119 sof\u0105 i\u0161 audinio\/eko odos, 1 kokyb\u0117s klas\u0117s<br \/>\n\u2013 Audinio tipas turi \u012ftakos kainai<br \/>\n\u2013 Galvos atrama galima \u012fsigyti u\u017e papildom\u0105 mokest\u012f<br \/>\n\u00a0<\/p>","protected":false},"excerpt":{"rendered":"<p>CHIVAS kampin\u0117 sofa \u2013 stilingas baldas, si\u016blomas \u012fvairi\u0173 stili\u0173 ir dyd\u017ei\u0173, tod\u0117l galite j\u012f puikiai pritaikyti savo svetainei. \u0160i daugiaviet\u0117 kampin\u0117 sofa pasi\u017eymi tvirta s\u0117dyne ir didel\u0117mis pagalv\u0117l\u0117mis, kurios tarnauja kaip atlo\u0161ai. Tiek pagalv\u0117les, tiek galvos atramas galima lengvai nuimti ir perkelti. [\u2026]<\/p>","protected":false},"featured_media":216970,"comment_status":"open","ping_status":"closed","template":"","meta":[],"product_brand":[],"product_cat":[9133],"product_tag":[],"class_list":{"0":"post-216957","1":"product","2":"type-product","3":"status-publish","4":"has-post-thumbnail","6":"product_cat-grouped","8":"first","9":"instock","10":"shipping-taxable","11":"purchasable","12":"product-type-variable","13":"wvs-archive-product-wrapper"},"_links":{"self":[{"href":"https:\/\/baldumarket.lt\/lt\/wp-json\/wp\/v2\/product\/216957","targetHints":{"allow":["GET"]}}],"collection":[{"href":"https:\/\/baldumarket.lt\/lt\/wp-json\/wp\/v2\/product"}],"about":[{"href":"https:\/\/baldumarket.lt\/lt\/wp-json\/wp\/v2\/types\/product"}],"replies":[{"embeddable":true,"href":"https:\/\/baldumarket.lt\/lt\/wp-json\/wp\/v2\/comments?post=216957"}],"wp:featuredmedia":[{"embeddable":true,"href":"https:\/\/baldumarket.lt\/lt\/wp-json\/wp\/v2\/media\/216970"}],"wp:attachment":[{"href":"https:\/\/baldumarket.lt\/lt\/wp-json\/wp\/v2\/media?parent=216957"}],"wp:term":[{"taxonomy":"product_brand","embeddable":true,"href":"https:\/\/baldumarket.lt\/lt\/wp-json\/wp\/v2\/product_brand?post=216957"},{"taxonomy":"product_cat","embeddable":true,"href":"https:\/\/baldumarket.lt\/lt\/wp-json\/wp\/v2\/product_cat?post=216957"},{"taxonomy":"product_tag","embeddable":true,"href":"https:\/\/baldumarket.lt\/lt\/wp-json\/wp\/v2\/product_tag?post=216957"}],"curies":[{"name":"wp","href":"https:\/\/api.w.org\/{rel}","templated":true}]}}