{"id":216932,"date":"2025-12-27T03:09:55","date_gmt":"2025-12-27T00:09:55","guid":{"rendered":"https:\/\/baldumarket.lt\/?post_type=product&#038;p=216932"},"modified":"2026-03-24T12:01:17","modified_gmt":"2026-03-24T09:01:17","slug":"pufa-z-regulowanym-siedziskiem-santi-gr1","status":"publish","type":"product","link":"https:\/\/baldumarket.lt\/lt\/product\/pufa-z-regulowanym-siedziskiem-santi-gr1\/","title":{"rendered":"Pufas su reguliuojama s\u0117dyne SANTI Gr1"},"content":{"rendered":"<p>SANTI pufas su reguliuojama s\u0117dyne<br \/>\n\u201eSanti\u201c pufas tikrai vertas d\u0117mesio d\u0117l daugyb\u0117s privalum\u0173. Svarbiausias i\u0161 j\u0173 \u2013 reguliuojama s\u0117dyn\u0117, tod\u0117l \u0161is modelis yra daugiafunkcis baldas. Be to, s\u0117dyn\u0117 u\u017epildyta ne tik apmu\u0161al\u0173 putomis, bet ir A tipo vingiuotomis spyruokl\u0117mis, kurios teigiamai veikia \u0161io modelio ilgaam\u017ei\u0161kum\u0105. \u201eSanti\u201c puf\u0105 galima pritaikyti pagal individualius pageidavimus d\u0117l plataus apmu\u0161al\u0173 audini\u0173 pasirinkimo. \u0160is gaminys tikrai pravers bet kuriuose namuose.<br \/>\nMatmenys:<br \/>\n\u2013 Plotis: 120 cm<br \/>\n\u2013 Gylis: 76 cm<br \/>\n\u2013 \u016agis: 42\u201383 cm<br \/>\nSavyb\u0117s ir konstrukcija:<br \/>\n\u2013 R\u0117mas: pu\u0161ies mediena, MDF plok\u0161t\u0117, fanera<br \/>\n\u2013 S\u0117dyn\u0117: A tipo vingiuota spyruokl\u0117, T28\/30 putplastis<br \/>\n\u2013 Kojel\u0117s: metalin\u0117s<br \/>\n\u2013 Reguliuojama s\u0117dyn\u0117<\/p>","protected":false},"excerpt":{"rendered":"<p>SANTI pufas su reguliuojama s\u0117dyne. D\u0117l daugyb\u0117s privalum\u0173 \u201eSanti\u201c pufas tikrai yra vertas d\u0117mesio baldas. Svarbiausias i\u0161 j\u0173 \u2013 reguliuojama s\u0117dyn\u0117, tod\u0117l \u0161is modelis yra daugiafunkcis. Be to, jo s\u0117dyn\u0117 u\u017epildyta ne tik apmu\u0161al\u0173 putomis, bet ir A tipo vingiuotomis spyruokl\u0117mis, kurios teigiamai veikia [\u2026]<\/p>","protected":false},"featured_media":216958,"comment_status":"open","ping_status":"closed","template":"","meta":[],"product_brand":[],"product_cat":[9133],"product_tag":[],"class_list":{"0":"post-216932","1":"product","2":"type-product","3":"status-publish","4":"has-post-thumbnail","6":"product_cat-grouped","8":"first","9":"instock","10":"shipping-taxable","11":"purchasable","12":"product-type-variable","13":"wvs-archive-product-wrapper"},"_links":{"self":[{"href":"https:\/\/baldumarket.lt\/lt\/wp-json\/wp\/v2\/product\/216932","targetHints":{"allow":["GET"]}}],"collection":[{"href":"https:\/\/baldumarket.lt\/lt\/wp-json\/wp\/v2\/product"}],"about":[{"href":"https:\/\/baldumarket.lt\/lt\/wp-json\/wp\/v2\/types\/product"}],"replies":[{"embeddable":true,"href":"https:\/\/baldumarket.lt\/lt\/wp-json\/wp\/v2\/comments?post=216932"}],"wp:featuredmedia":[{"embeddable":true,"href":"https:\/\/baldumarket.lt\/lt\/wp-json\/wp\/v2\/media\/216958"}],"wp:attachment":[{"href":"https:\/\/baldumarket.lt\/lt\/wp-json\/wp\/v2\/media?parent=216932"}],"wp:term":[{"taxonomy":"product_brand","embeddable":true,"href":"https:\/\/baldumarket.lt\/lt\/wp-json\/wp\/v2\/product_brand?post=216932"},{"taxonomy":"product_cat","embeddable":true,"href":"https:\/\/baldumarket.lt\/lt\/wp-json\/wp\/v2\/product_cat?post=216932"},{"taxonomy":"product_tag","embeddable":true,"href":"https:\/\/baldumarket.lt\/lt\/wp-json\/wp\/v2\/product_tag?post=216932"}],"curies":[{"name":"wp","href":"https:\/\/api.w.org\/{rel}","templated":true}]}}