{"id":216929,"date":"2025-12-27T03:09:49","date_gmt":"2025-12-27T00:09:49","guid":{"rendered":"https:\/\/baldumarket.lt\/?post_type=product&#038;p=216929"},"modified":"2026-03-24T12:19:48","modified_gmt":"2026-03-24T09:19:48","slug":"naroznik-santorini-gr6","status":"publish","type":"product","link":"https:\/\/baldumarket.lt\/lt\/product\/naroznik-santorini-gr6\/","title":{"rendered":"SANTORINI Gr6 kampin\u0117 sofa"},"content":{"rendered":"<p>SANTORINI kampin\u0117 sofa<br \/>\n\u00a0\u00a0<br \/>\nMatmenys:<br \/>\n\u2013 Plotis: 290 cm<br \/>\n\u2013 Gylis: 187 cm<br \/>\nSavyb\u0117s ir dizainas:<br \/>\n\u2013 S\u0117dyn\u0117: B tipo banguotos spyruokl\u0117s, T30 putplastis, silikoninis u\u017epildas (\u010diu\u017einys)<br \/>\n\u2013 Atlo\u0161as: T130 putplastis<br \/>\n\u2013 Reguliuojami galvos atramos, porankiai ir s\u0117dyn\u0117s gylis<br \/>\n\u2013 Galima \u012fsigyti i\u0161 plataus audini\u0173 asortimento<\/p>","protected":false},"excerpt":{"rendered":"<p>SANTORINI kampin\u0117s sofos matmenys: \u2013 Plotis: 290 cm \u2013 Gylis: 187 cm Savyb\u0117s ir dizainas: \u2013 S\u0117dyn\u0117: B tipo banguotos spyruokl\u0117s, T30 putplastis, silikoninis u\u017epildas (\u010diu\u017einys) \u2013 Atlo\u0161as: T130 putplastis \u2013 Reguliuojami galvos atramos, porankiai ir s\u0117dyn\u0117s gylis \u2013 Galima rinktis i\u0161 \u012fvairi\u0173 audini\u0173<\/p>","protected":false},"featured_media":216947,"comment_status":"open","ping_status":"closed","template":"","meta":[],"product_brand":[],"product_cat":[9133],"product_tag":[],"class_list":{"0":"post-216929","1":"product","2":"type-product","3":"status-publish","4":"has-post-thumbnail","6":"product_cat-grouped","8":"first","9":"instock","10":"shipping-taxable","11":"purchasable","12":"product-type-variable","13":"wvs-archive-product-wrapper"},"_links":{"self":[{"href":"https:\/\/baldumarket.lt\/lt\/wp-json\/wp\/v2\/product\/216929","targetHints":{"allow":["GET"]}}],"collection":[{"href":"https:\/\/baldumarket.lt\/lt\/wp-json\/wp\/v2\/product"}],"about":[{"href":"https:\/\/baldumarket.lt\/lt\/wp-json\/wp\/v2\/types\/product"}],"replies":[{"embeddable":true,"href":"https:\/\/baldumarket.lt\/lt\/wp-json\/wp\/v2\/comments?post=216929"}],"wp:featuredmedia":[{"embeddable":true,"href":"https:\/\/baldumarket.lt\/lt\/wp-json\/wp\/v2\/media\/216947"}],"wp:attachment":[{"href":"https:\/\/baldumarket.lt\/lt\/wp-json\/wp\/v2\/media?parent=216929"}],"wp:term":[{"taxonomy":"product_brand","embeddable":true,"href":"https:\/\/baldumarket.lt\/lt\/wp-json\/wp\/v2\/product_brand?post=216929"},{"taxonomy":"product_cat","embeddable":true,"href":"https:\/\/baldumarket.lt\/lt\/wp-json\/wp\/v2\/product_cat?post=216929"},{"taxonomy":"product_tag","embeddable":true,"href":"https:\/\/baldumarket.lt\/lt\/wp-json\/wp\/v2\/product_tag?post=216929"}],"curies":[{"name":"wp","href":"https:\/\/api.w.org\/{rel}","templated":true}]}}