{"id":216903,"date":"2025-12-27T03:08:09","date_gmt":"2025-12-27T00:08:09","guid":{"rendered":"https:\/\/baldumarket.lt\/?post_type=product&#038;p=216903"},"modified":"2026-03-24T12:07:20","modified_gmt":"2026-03-24T09:07:20","slug":"sofa-3-osobowa-rozkladana-asti-gr3","status":"publish","type":"product","link":"https:\/\/baldumarket.lt\/lt\/product\/sofa-3-osobowa-rozkladana-asti-gr3\/","title":{"rendered":"ASTI Gr3 triviet\u0117 sofa-lova"},"content":{"rendered":"<p>ASTI 3 viet\u0173 sulankstoma sofa<br \/>\nApmu\u0161ta \u201eAsti\u201c sofa \u2013 tai unikalaus dizaino baldas, kuris s\u0117kmingai papildys daugel\u012f moderni\u0173 interjer\u0173. Be to, d\u0117l plataus apmu\u0161al\u0173 audini\u0173 pasirinkimo kiekvienas gali puikiai priderinti pateikt\u0105 model\u012f prie savo vizualini\u0173 pageidavim\u0173. \u201eAsti\u201c \u2013 tai ne\u012ftik\u0117tinai funkcionalus baldas, sukurtas galvojant apie kasdien\u012f komfort\u0105. Jis turi miegojimo funkcij\u0105 su delfino tipo sulankstymo sistema, leid\u017eian\u010dia sof\u0105 greitai transformuoti \u012f lov\u0105. Be to, s\u0117dyn\u0117s putplastis ir vingiuot\u0173 spyruokli\u0173 u\u017epildas teigiamai veikia baldo ilgaam\u017ei\u0161kum\u0105. Dar vienas \u201eAsti\u201c triviet\u0117s sofos privalumas \u2013 reguliuojamas s\u0117dyn\u0117s gylis ir papildomos galvos atramos, leid\u017eian\u010dios pritaikyti bald\u0105 pagal savo poreikius.<br \/>\n\u00a0<br \/>\nMatmenys:<br \/>\n\u2013 Plotis: 261 cm<br \/>\n\u2013 Auk\u0161tis: 77\/87 cm<br \/>\n\u2013 Gylis: 116 cm<br \/>\n\u2013 Miegamoji erdv\u0117: 146 x 210 cm<br \/>\nSavyb\u0117s:<br \/>\n\u2013 Miego funkcija \u2013 automatin\u0117 miegojimo sistema, primenanti delfin\u0105<br \/>\n\u2013 Reguliuojamas s\u0117dyn\u0117s gylis<br \/>\n\u2013 Metalin\u0117s kojel\u0117s<br \/>\n\u2013 Laisvai stovinti sofa<br \/>\n\u00a0<br \/>\nDizainas:<br \/>\n\u2013 R\u0117mas pagamintas i\u0161 pu\u0161ies medienos, med\u017eio dro\u017eli\u0173 plok\u0161t\u0117s, medienos plau\u0161\u0173 plok\u0161t\u0117s ir faneros<br \/>\n\u2013 S\u0117dyn\u0117 turi banguot\u0105 spyruokl\u0119 ir poliuretano putas<br \/>\n\u2013 Atlo\u0161as su silikoniniu u\u017epildu<br \/>\n\u2013 \u0160onini\u0173\/poranki\u0173 putos<br \/>\n\u00a0<\/p>","protected":false},"excerpt":{"rendered":"<p>ASTI triviet\u0117 sulankstoma sofa. Apmu\u0161ta Asti sofa \u2013 tai unikalaus dizaino baldas, kuris s\u0117kmingai papildys daugel\u012f moderni\u0173 interjer\u0173. Be to, platus apmu\u0161al\u0173 audini\u0173 pasirinkimas leid\u017eia kiekvienam puikiai priderinti pateikt\u0105 model\u012f prie savo vizualini\u0173 pageidavim\u0173. Asti \u2013 tai ne\u012ftik\u0117tinai funkcionalus baldas, pagamintas [\u2026]<\/p>","protected":false},"featured_media":216925,"comment_status":"open","ping_status":"closed","template":"","meta":[],"product_brand":[],"product_cat":[9133],"product_tag":[],"class_list":{"0":"post-216903","1":"product","2":"type-product","3":"status-publish","4":"has-post-thumbnail","6":"product_cat-grouped","8":"first","9":"instock","10":"shipping-taxable","11":"purchasable","12":"product-type-variable","13":"wvs-archive-product-wrapper"},"_links":{"self":[{"href":"https:\/\/baldumarket.lt\/lt\/wp-json\/wp\/v2\/product\/216903","targetHints":{"allow":["GET"]}}],"collection":[{"href":"https:\/\/baldumarket.lt\/lt\/wp-json\/wp\/v2\/product"}],"about":[{"href":"https:\/\/baldumarket.lt\/lt\/wp-json\/wp\/v2\/types\/product"}],"replies":[{"embeddable":true,"href":"https:\/\/baldumarket.lt\/lt\/wp-json\/wp\/v2\/comments?post=216903"}],"wp:featuredmedia":[{"embeddable":true,"href":"https:\/\/baldumarket.lt\/lt\/wp-json\/wp\/v2\/media\/216925"}],"wp:attachment":[{"href":"https:\/\/baldumarket.lt\/lt\/wp-json\/wp\/v2\/media?parent=216903"}],"wp:term":[{"taxonomy":"product_brand","embeddable":true,"href":"https:\/\/baldumarket.lt\/lt\/wp-json\/wp\/v2\/product_brand?post=216903"},{"taxonomy":"product_cat","embeddable":true,"href":"https:\/\/baldumarket.lt\/lt\/wp-json\/wp\/v2\/product_cat?post=216903"},{"taxonomy":"product_tag","embeddable":true,"href":"https:\/\/baldumarket.lt\/lt\/wp-json\/wp\/v2\/product_tag?post=216903"}],"curies":[{"name":"wp","href":"https:\/\/api.w.org\/{rel}","templated":true}]}}