{"id":216898,"date":"2025-12-27T03:08:03","date_gmt":"2025-12-27T00:08:03","guid":{"rendered":"https:\/\/baldumarket.lt\/?post_type=product&#038;p=216898"},"modified":"2026-02-03T23:14:17","modified_gmt":"2026-02-03T20:14:17","slug":"naroznik-lavos-u","status":"publish","type":"product","link":"https:\/\/baldumarket.lt\/lt\/product\/naroznik-lavos-u\/","title":{"rendered":"LAVOS U kampin\u0117 sofa"},"content":{"rendered":"<p>LAVOS U formos kampin\u0117 sofa<br \/>\n\u201eLavos U\u201c kampin\u0117 sofa puikiai tinka didesn\u0117ms svetain\u0117ms, kurios taip pat naudojamos kaip miegamieji. \u0160is modelis pasi\u017eymi didele miegojimo zona ir daugybe funkcij\u0173, kurios teigiamai veikia kasdien\u012f komfort\u0105. \u201eLavos U\u201c turi miegojimo funkcij\u0105 su delfino mechanizmu, kuris leid\u017eia lengvai sulankstyti ir i\u0161skleisti sof\u0105. Taip pat yra vietos patalynei ar kitiems daiktams, kuriuos reikia sutvarkyti. Vingiuotos s\u0117dyn\u0117s spyruokl\u0117s suteikia daugiau patvarumo, palyginti su baldais, u\u017epildytais vien putomis. Be to, gamini\u0173 pasirinkimuose galite pasirinkti savo apmu\u0161alus, tod\u0117l gal\u0117site puikiai pritaikyti \u201eLavos U\u201c kampin\u0119 sof\u0105 pagal savo individualius pageidavimus.<br \/>\nMatmenys:<br \/>\n\u2013 Plotis 346 cm<br \/>\n\u2013 Auk\u0161tis 68\/85 cm<br \/>\n\u2013 Gylis 223\/172 cm<br \/>\n\u2013 Miegamoji erdv\u0117 126 \u00d7 270 cm<br \/>\nSavyb\u0117s ir konstrukcija:<br \/>\n\u2013 S\u0117dyn\u0117: vingiuotos spyruokl\u0117s, T28\/30 putplastis<br \/>\n\u2013 Atlo\u0161as: T18\/30 putplastis<br \/>\n\u2013 \u0160onai: T18\/30 putplastis<br \/>\n\u2013 Kojel\u0117s: metalas, plastikas<br \/>\n\u2013 Patalyn\u0117<br \/>\n\u2013 Miego funkcija su automatiniu delfin\u0173 mechanizmu<br \/>\n\u2013 Galima \u012fsigyti i\u0161 plataus audini\u0173 asortimento<\/p>","protected":false},"excerpt":{"rendered":"<p>\u201eLAVOS U\u201c kampin\u0117 sofa \u201eLavos U\u201c kampin\u0117 sofa puikiai tinka didesn\u0117ms svetain\u0117ms, kurios taip pat naudojamos kaip miegamieji. \u0160is modelis pasi\u017eymi didele miegojimo erdve ir daugybe funkcij\u0173, kurios teigiamai veikia kasdien\u012f komfort\u0105. \u201eLavos U\u201c turi miegojimo funkcij\u0105 su delfino mechanizmu, kuris leid\u017eia sulankstyti ir i\u0161skleisti [\u2026]<\/p>","protected":false},"featured_media":216914,"comment_status":"open","ping_status":"closed","template":"","meta":[],"product_brand":[],"product_cat":[7905,616,1982],"product_tag":[],"class_list":{"0":"post-216898","1":"product","2":"type-product","3":"status-publish","4":"has-post-thumbnail","6":"product_cat-benix","7":"product_cat-corners","8":"product_cat-corners-u","10":"first","11":"instock","12":"shipping-taxable","13":"product-type-grouped"},"_links":{"self":[{"href":"https:\/\/baldumarket.lt\/lt\/wp-json\/wp\/v2\/product\/216898","targetHints":{"allow":["GET"]}}],"collection":[{"href":"https:\/\/baldumarket.lt\/lt\/wp-json\/wp\/v2\/product"}],"about":[{"href":"https:\/\/baldumarket.lt\/lt\/wp-json\/wp\/v2\/types\/product"}],"replies":[{"embeddable":true,"href":"https:\/\/baldumarket.lt\/lt\/wp-json\/wp\/v2\/comments?post=216898"}],"wp:featuredmedia":[{"embeddable":true,"href":"https:\/\/baldumarket.lt\/lt\/wp-json\/wp\/v2\/media\/216914"}],"wp:attachment":[{"href":"https:\/\/baldumarket.lt\/lt\/wp-json\/wp\/v2\/media?parent=216898"}],"wp:term":[{"taxonomy":"product_brand","embeddable":true,"href":"https:\/\/baldumarket.lt\/lt\/wp-json\/wp\/v2\/product_brand?post=216898"},{"taxonomy":"product_cat","embeddable":true,"href":"https:\/\/baldumarket.lt\/lt\/wp-json\/wp\/v2\/product_cat?post=216898"},{"taxonomy":"product_tag","embeddable":true,"href":"https:\/\/baldumarket.lt\/lt\/wp-json\/wp\/v2\/product_tag?post=216898"}],"curies":[{"name":"wp","href":"https:\/\/api.w.org\/{rel}","templated":true}]}}